{"id":1093,"date":"2016-01-26T12:30:18","date_gmt":"2016-01-26T12:30:18","guid":{"rendered":"http:\/\/reatechbrasil.com.br\/16\/?page_id=1093"},"modified":"2025-09-01T15:01:19","modified_gmt":"2025-09-01T18:01:19","slug":"reashow","status":"publish","type":"page","link":"https:\/\/reatechbrasil.com.br\/16\/reashow\/","title":{"rendered":"Reashow"},"content":{"rendered":"\t\t<div data-elementor-type=\"wp-page\" data-elementor-id=\"1093\" class=\"elementor elementor-1093\">\n\t\t\t\t\t\t<div class=\"elementor-inner\">\n\t\t\t\t<div class=\"elementor-section-wrap\">\n\t\t\t\t\t\t\t\t\t<section data-particle_enable=\"false\" data-particle-mobile-disabled=\"false\" class=\"elementor-section elementor-top-section elementor-element elementor-element-6e1c0c39 elementor-section-boxed elementor-section-height-default elementor-section-height-default\" data-id=\"6e1c0c39\" data-element_type=\"section\">\n\t\t\t\t\t\t<div class=\"elementor-container elementor-column-gap-default\">\n\t\t\t\t\t\t\t<div class=\"elementor-row\">\n\t\t\t\t\t<div class=\"elementor-column elementor-col-100 elementor-top-column elementor-element elementor-element-41c63dd0\" data-id=\"41c63dd0\" data-element_type=\"column\">\n\t\t\t<div class=\"elementor-column-wrap elementor-element-populated\">\n\t\t\t\t\t\t\t<div class=\"elementor-widget-wrap\">\n\t\t\t\t\t\t<div class=\"elementor-element elementor-element-5a4ea37a elementor-widget elementor-widget-text-editor\" data-id=\"5a4ea37a\" data-element_type=\"widget\" data-widget_type=\"text-editor.default\">\n\t\t\t\t<div class=\"elementor-widget-container\">\n\t\t\t\t\t\t\t\t<div class=\"elementor-text-editor elementor-clearfix\">\n\t\t\t\t<p><section id=\"bt_section69e2ed770b271\"  class=\"boldSection inherit\" ><div class=\"port\"><div class=\"boldCell\"><div class=\"boldCellInner\"><div class=\"boldRow \" ><div class=\"boldRowInner\"><div class=\"rowItem col-md-12 col-ms-12  btTextCenter inherit\"  ><div class=\"rowItemContent\" ><div class=\"bt_bb_separator_v2 bt_bb_border_style_none bt_bb_top_spacing_medium bt_bb_icon_size_normal bt_bb_text_size_normal bt_bb_separator_v2_without_content\" data-bt-override-class=\"null\"><div class=\"bt_bb_separator_v2_inner\"><span class=\"bt_bb_separator_v2_inner_before\"><\/span><span class=\"bt_bb_separator_v2_inner_content\"><span  data-ico-=\"\" class=\"bt_bb_icon_holder\"><\/span><\/span><span class=\"bt_bb_separator_v2_inner_after\"><\/span><\/div><\/div><\/div><\/div><\/div><\/div><\/div><\/div><\/div><\/section><section id=\"bt_section69e2ed770b4b4\"  class=\"boldSection gutter inherit\" style=\"font-size:17px;\"><div class=\"port\"><div class=\"boldCell\"><div class=\"boldCellInner\"><div class=\"boldRow \" style=\"font-size: 17px;\"><div class=\"boldRowInner\"><div class=\"rowItem col-md-12 col-ms-12  btTextCenter inherit\"  ><div class=\"rowItemContent\" ><div class=\"btText\" ><\/p>\n<p><img loading=\"lazy\" class=\"wp-image-1622 aligncenter\" title=\"Reashow - Semin\u00e1rio dos Expositores\" src=\"http:\/\/reatechbrasil.com.br\/16\/wp-content\/uploads\/2017\/02\/logo-reashow.png\" alt=\"Reashow - Semin\u00e1rio dos Expositores\" width=\"420\" height=\"145\" srcset=\"https:\/\/reatechbrasil.com.br\/16\/wp-content\/uploads\/2017\/02\/logo-reashow.png 2284w, https:\/\/reatechbrasil.com.br\/16\/wp-content\/uploads\/2017\/02\/logo-reashow-600x207.png 600w, https:\/\/reatechbrasil.com.br\/16\/wp-content\/uploads\/2017\/02\/logo-reashow-300x103.png 300w, https:\/\/reatechbrasil.com.br\/16\/wp-content\/uploads\/2017\/02\/logo-reashow-1024x353.png 1024w\" sizes=\"(max-width: 420px) 100vw, 420px\" \/><\/p>\n<p style=\"text-align: left;\">O <strong>Reashow &#8211; Semin\u00e1rio dos Expositores <\/strong>oferece ao p\u00fablico acesso a conhecimento t\u00e9cnico, novas tecnologias e oportunidade de neg\u00f3cios.<\/p>\n<p style=\"text-align: left;\">Voc\u00ea, expositor, que deseja ministrar uma palestra gratuitamente durante a <strong>REATECH 2025<\/strong>\u00a0j\u00e1 pode reservar o seu hor\u00e1rio!<\/p>\n<p>\n<\/div><div class=\"btText\" >\n<div data-elementor-type=\"page\" data-elementor-id=\"9670\" class=\"elementor elementor-9670\">\n<div class=\"elementor-inner\">\n<div class=\"elementor-section-wrap\">\n<section data-particle_enable=\"false\" data-particle-mobile-disabled=\"false\" class=\"elementor-section elementor-top-section elementor-element elementor-element-2c4c52d1 elementor-section-boxed elementor-section-height-default elementor-section-height-default\" data-id=\"2c4c52d1\" data-element_type=\"section\">\n<div class=\"elementor-container elementor-column-gap-default\">\n<div class=\"elementor-row\">\n<div class=\"elementor-column elementor-col-100 elementor-top-column elementor-element elementor-element-1f145c71\" data-id=\"1f145c71\" data-element_type=\"column\">\n<div class=\"elementor-column-wrap elementor-element-populated\">\n<div class=\"elementor-widget-wrap\">\n<div class=\"elementor-element elementor-element-42e07c55 elementor-button-align-start elementor-widget elementor-widget-form\" data-id=\"42e07c55\" data-element_type=\"widget\" id=\"seja-expositor\" data-settings=\"{&quot;step_next_label&quot;:&quot;Next&quot;,&quot;step_previous_label&quot;:&quot;Previous&quot;,&quot;step_type&quot;:&quot;number_text&quot;,&quot;step_icon_shape&quot;:&quot;circle&quot;}\" data-widget_type=\"form.default\">\n<div class=\"elementor-widget-container\">\n<form class=\"elementor-form\" method=\"post\" name=\"Seja um Palestrante 2025\">\n\t\t\t<input type=\"hidden\" name=\"post_id\" value=\"9670\"\/><br \/>\n\t\t\t<input type=\"hidden\" name=\"form_id\" value=\"42e07c55\"\/><br \/>\n\t\t\t<input type=\"hidden\" name=\"referer_title\" value=\"\/ Reatech Brasil\" \/><\/p>\n<div class=\"elementor-form-fields-wrapper elementor-labels-\">\n<div class=\"elementor-field-type-text elementor-field-group elementor-column elementor-field-group-contato elementor-col-50 elementor-field-required\">\n\t\t\t\t\t\t\t\t\t\t\t\t<label for=\"form-field-contato\" class=\"elementor-field-label elementor-screen-only\"><br \/>\n\t\t\t\t\t\t\t\tContato\t\t\t\t\t\t\t<\/label><br \/>\n\t\t\t\t\t\t\t\t\t\t\t\t\t\t<input size=\"1\" type=\"text\" name=\"form_fields[contato]\" id=\"form-field-contato\" class=\"elementor-field elementor-size-sm  elementor-field-textual\" placeholder=\"Contato\" required=\"required\" aria-required=\"true\">\n\t\t\t\t\t\t\t\t\t\t\t<\/div>\n<div class=\"elementor-field-type-text elementor-field-group elementor-column elementor-field-group-empresa elementor-col-50 elementor-field-required\">\n\t\t\t\t\t\t\t\t\t\t\t\t<label for=\"form-field-empresa\" class=\"elementor-field-label elementor-screen-only\"><br \/>\n\t\t\t\t\t\t\t\tEmpresa\t\t\t\t\t\t\t<\/label><br \/>\n\t\t\t\t\t\t\t\t\t\t\t\t\t\t<input size=\"1\" type=\"text\" name=\"form_fields[empresa]\" id=\"form-field-empresa\" class=\"elementor-field elementor-size-sm  elementor-field-textual\" placeholder=\"Empresa\" required=\"required\" aria-required=\"true\">\n\t\t\t\t\t\t\t\t\t\t\t<\/div>\n<div class=\"elementor-field-type-text elementor-field-group elementor-column elementor-field-group-telefone elementor-col-50 elementor-field-required\">\n\t\t\t\t\t\t\t\t\t\t\t\t<label for=\"form-field-telefone\" class=\"elementor-field-label elementor-screen-only\"><br \/>\n\t\t\t\t\t\t\t\tTelefone\t\t\t\t\t\t\t<\/label><br \/>\n\t\t\t\t\t\t\t\t\t\t\t\t\t\t<input size=\"1\" type=\"text\" name=\"form_fields[telefone]\" id=\"form-field-telefone\" class=\"elementor-field elementor-size-sm  elementor-field-textual\" placeholder=\"(XX) XXXXX-XXXX\" required=\"required\" aria-required=\"true\" data-my-mask=\"(00) 00000-0000\">\n\t\t\t\t\t\t\t\t\t\t\t<\/div>\n<div class=\"elementor-field-type-email elementor-field-group elementor-column elementor-field-group-email elementor-col-50 elementor-field-required\">\n\t\t\t\t\t\t\t\t\t\t\t\t<label for=\"form-field-email\" class=\"elementor-field-label elementor-screen-only\"><br \/>\n\t\t\t\t\t\t\t\tE-mail\t\t\t\t\t\t\t<\/label><br \/>\n\t\t\t\t\t\t\t\t\t\t\t\t\t\t<input size=\"1\" type=\"email\" name=\"form_fields[email]\" id=\"form-field-email\" class=\"elementor-field elementor-size-sm  elementor-field-textual\" placeholder=\"E-mail\" required=\"required\" aria-required=\"true\">\n\t\t\t\t\t\t\t\t\t\t\t<\/div>\n<div class=\"elementor-field-type-textarea elementor-field-group elementor-column elementor-field-group-message elementor-col-100\">\n\t\t\t\t\t\t\t\t\t\t\t\t<label for=\"form-field-message\" class=\"elementor-field-label elementor-screen-only\"><br \/>\n\t\t\t\t\t\t\t\tMensagem\t\t\t\t\t\t\t<\/label><br \/>\n\t\t\t\t\t\t<textarea class=\"elementor-field-textual elementor-field  elementor-size-sm\" name=\"form_fields[message]\" id=\"form-field-message\" rows=\"4\" placeholder=\"Mensagem\"><\/textarea>\t\t\t\t<\/div>\n<div class=\"elementor-field-type-checkbox elementor-field-group elementor-column elementor-field-group-comunicacaoCFM elementor-col-100\">\n\t\t\t\t\t\t\t\t\t\t\t\t<label for=\"form-field-comunicacaoCFM\" class=\"elementor-field-label elementor-screen-only\"><br \/>\n\t\t\t\t\t\t\t\tcomunicacaoCFM\t\t\t\t\t\t\t<\/label><\/p>\n<div class=\"elementor-field-subgroup  \"><span class=\"elementor-field-option\"><input type=\"checkbox\" value=\"Sim, eu quero receber comunica\u00e7\u00f5es do Grupo Fiera Milano Brasil.\" id=\"form-field-comunicacaoCFM-0\" name=\"form_fields[comunicacaoCFM]\"> <label for=\"form-field-comunicacaoCFM-0\">Sim, eu quero receber comunica\u00e7\u00f5es do Grupo Fiera Milano Brasil.<\/label><\/span><\/div>\n<\/p><\/div>\n<div class=\"elementor-field-type-checkbox elementor-field-group elementor-column elementor-field-group-field_d1f1fd3 elementor-col-100\">\n\t\t\t\t\t\t\t\t\t\t\t\t<label for=\"form-field-field_d1f1fd3\" class=\"elementor-field-label elementor-screen-only\"><br \/>\n\t\t\t\t\t\t\t\tPrivacidade\t\t\t\t\t\t\t<\/label><\/p>\n<div class=\"elementor-field-subgroup  \"><span class=\"elementor-field-option\"><input type=\"checkbox\" value=\"Sim, eu concordo com os termos de uso e com a Pol\u00edtica de Privacidade do Grupo Fiera Milano Brasil.\" id=\"form-field-field_d1f1fd3-0\" name=\"form_fields[field_d1f1fd3]\"> <label for=\"form-field-field_d1f1fd3-0\">Sim, eu concordo com os termos de uso e com a Pol\u00edtica de Privacidade do Grupo Fiera Milano Brasil.<\/label><\/span><\/div>\n<\/p><\/div>\n<div class=\"elementor-field-type-checkbox elementor-field-group elementor-column elementor-field-group-comunicacaoParceiros elementor-col-100\">\n\t\t\t\t\t\t\t\t\t\t\t\t<label for=\"form-field-comunicacaoParceiros\" class=\"elementor-field-label elementor-screen-only\"><br \/>\n\t\t\t\t\t\t\t\tcomunicacaoParceiros\t\t\t\t\t\t\t<\/label><\/p>\n<div class=\"elementor-field-subgroup  \"><span class=\"elementor-field-option\"><input type=\"checkbox\" value=\"Sim, eu quero receber comunica\u00e7\u00f5es dos parceiros do Grupo Fiera Milano Brasil.\" id=\"form-field-comunicacaoParceiros-0\" name=\"form_fields[comunicacaoParceiros]\"> <label for=\"form-field-comunicacaoParceiros-0\">Sim, eu quero receber comunica\u00e7\u00f5es dos parceiros do Grupo Fiera Milano Brasil.<\/label><\/span><\/div>\n<\/p><\/div>\n<div class=\"elementor-field-type-html elementor-field-group elementor-column elementor-field-group-field_7f0dd37 elementor-col-100\">\n\t\t\t\t\t<a href=\"\/16\/politica-de-privacidade\/\" target=\"new\"><strong>Ver Pol\u00edtica de Privacidade<\/strong><\/a>\t\t\t\t<\/div>\n<div class=\"elementor-field-type-recaptcha elementor-field-group elementor-column elementor-field-group-recaptcha elementor-col-100\">\n<div class=\"elementor-field\" id=\"form-field-recaptcha\"><\/div>\n<\/p><\/div>\n<div class=\"elementor-field-group elementor-column elementor-field-type-submit elementor-col-100 e-form__buttons\">\n\t\t\t\t\t<button type=\"submit\" class=\"elementor-button elementor-size-md\" id=\"seja-expositor\"><br \/>\n\t\t\t\t\t\t<span ><br \/>\n\t\t\t\t\t\t\t\t\t\t\t\t\t\t\t<span class=\" elementor-button-icon\"><br \/>\n\t\t\t\t\t\t\t\t\t\t\t\t\t\t\t\t\t\t\t\t\t\t\t\t\t\t<\/span><br \/>\n\t\t\t\t\t\t\t\t\t\t\t\t\t\t\t\t\t\t\t\t\t\t<span class=\"elementor-button-text\">QUERO SER UM PALESTRANTE<\/span><br \/>\n\t\t\t\t\t\t\t\t\t\t\t\t\t<\/span><br \/>\n\t\t\t\t\t<\/button>\n\t\t\t\t<\/div>\n<\/p><\/div>\n<\/p><\/form>\n<\/p><\/div>\n<\/p><\/div>\n<\/p><\/div>\n<\/p><\/div>\n<\/p><\/div>\n<\/p><\/div>\n<\/p><\/div>\n<\/section><\/div>\n<\/p><\/div>\n<\/p><\/div>\n<\/div><\/div><\/div><\/div><\/div><\/div><\/div><\/div><\/section><\/p>\t\t\t\t\t<\/div>\n\t\t\t\t\t\t<\/div>\n\t\t\t\t<\/div>\n\t\t\t\t\t\t<\/div>\n\t\t\t\t\t<\/div>\n\t\t<\/div>\n\t\t\t\t\t\t\t\t<\/div>\n\t\t\t\t\t<\/div>\n\t\t<\/section>\n\t\t\t\t\t\t\t\t\t<\/div>\n\t\t\t<\/div>\n\t\t\t\t\t<\/div>\n\t\t","protected":false},"excerpt":{"rendered":"","protected":false},"author":3,"featured_media":0,"parent":0,"menu_order":0,"comment_status":"closed","ping_status":"closed","template":"","meta":{"om_disable_all_campaigns":false,"_monsterinsights_skip_tracking":false,"_monsterinsights_sitenote_active":false,"_monsterinsights_sitenote_note":"","_monsterinsights_sitenote_category":0},"aioseo_notices":[],"_links":{"self":[{"href":"https:\/\/reatechbrasil.com.br\/16\/wp-json\/wp\/v2\/pages\/1093"}],"collection":[{"href":"https:\/\/reatechbrasil.com.br\/16\/wp-json\/wp\/v2\/pages"}],"about":[{"href":"https:\/\/reatechbrasil.com.br\/16\/wp-json\/wp\/v2\/types\/page"}],"author":[{"embeddable":true,"href":"https:\/\/reatechbrasil.com.br\/16\/wp-json\/wp\/v2\/users\/3"}],"replies":[{"embeddable":true,"href":"https:\/\/reatechbrasil.com.br\/16\/wp-json\/wp\/v2\/comments?post=1093"}],"version-history":[{"count":30,"href":"https:\/\/reatechbrasil.com.br\/16\/wp-json\/wp\/v2\/pages\/1093\/revisions"}],"predecessor-version":[{"id":19658,"href":"https:\/\/reatechbrasil.com.br\/16\/wp-json\/wp\/v2\/pages\/1093\/revisions\/19658"}],"wp:attachment":[{"href":"https:\/\/reatechbrasil.com.br\/16\/wp-json\/wp\/v2\/media?parent=1093"}],"curies":[{"name":"wp","href":"https:\/\/api.w.org\/{rel}","templated":true}]}}