{"id":12724,"date":"2023-07-18T16:34:15","date_gmt":"2023-07-18T19:34:15","guid":{"rendered":"https:\/\/reatechbrasil.com.br\/16\/?page_id=12724"},"modified":"2023-08-22T10:26:08","modified_gmt":"2023-08-22T13:26:08","slug":"press-releases-2022","status":"publish","type":"page","link":"https:\/\/reatechbrasil.com.br\/16\/press-releases-2022\/","title":{"rendered":"Press Releases 2022"},"content":{"rendered":"\t\t<div data-elementor-type=\"wp-page\" data-elementor-id=\"12724\" class=\"elementor elementor-12724\">\n\t\t\t\t\t\t<div class=\"elementor-inner\">\n\t\t\t\t<div class=\"elementor-section-wrap\">\n\t\t\t\t\t\t\t\t\t<section data-particle_enable=\"false\" data-particle-mobile-disabled=\"false\" class=\"elementor-section elementor-top-section elementor-element elementor-element-6386130 elementor-section-height-min-height elementor-section-boxed elementor-section-height-default elementor-section-items-middle\" data-id=\"6386130\" data-element_type=\"section\">\n\t\t\t\t\t\t<div class=\"elementor-container elementor-column-gap-default\">\n\t\t\t\t\t\t\t<div class=\"elementor-row\">\n\t\t\t\t\t<div class=\"elementor-column elementor-col-100 elementor-top-column elementor-element elementor-element-d6b4b38\" data-id=\"d6b4b38\" data-element_type=\"column\">\n\t\t\t<div class=\"elementor-column-wrap elementor-element-populated\">\n\t\t\t\t\t\t\t<div class=\"elementor-widget-wrap\">\n\t\t\t\t\t\t<div class=\"elementor-element elementor-element-6d61797 elementor-widget elementor-widget-heading\" data-id=\"6d61797\" data-element_type=\"widget\" data-widget_type=\"heading.default\">\n\t\t\t\t<div class=\"elementor-widget-container\">\n\t\t\t<h2 class=\"elementor-heading-title elementor-size-default\">Press Releases 2022<\/h2>\t\t<\/div>\n\t\t\t\t<\/div>\n\t\t\t\t<div class=\"elementor-element elementor-element-aa1d750 elementor-grid-3 elementor-grid-tablet-2 elementor-grid-mobile-1 elementor-posts--thumbnail-top elementor-card-shadow-yes elementor-posts__hover-gradient elementor-widget elementor-widget-posts\" data-id=\"aa1d750\" data-element_type=\"widget\" data-settings=\"{&quot;pagination_type&quot;:&quot;numbers_and_prev_next&quot;,&quot;cards_columns&quot;:&quot;3&quot;,&quot;cards_columns_tablet&quot;:&quot;2&quot;,&quot;cards_columns_mobile&quot;:&quot;1&quot;,&quot;cards_row_gap&quot;:{&quot;unit&quot;:&quot;px&quot;,&quot;size&quot;:35,&quot;sizes&quot;:[]},&quot;cards_row_gap_tablet&quot;:{&quot;unit&quot;:&quot;px&quot;,&quot;size&quot;:&quot;&quot;,&quot;sizes&quot;:[]},&quot;cards_row_gap_mobile&quot;:{&quot;unit&quot;:&quot;px&quot;,&quot;size&quot;:&quot;&quot;,&quot;sizes&quot;:[]}}\" data-widget_type=\"posts.cards\">\n\t\t\t\t<div class=\"elementor-widget-container\">\n\t\t\t\t\t<div class=\"elementor-posts-container elementor-posts elementor-posts--skin-cards elementor-grid\">\n\t\t\t\t<article class=\"elementor-post elementor-grid-item post-11239 post type-post status-publish format-standard has-post-thumbnail hentry category-35 tag-resultados-da-reatech\">\n\t\t\t<div class=\"elementor-post__card\">\n\t\t\t\t<a class=\"elementor-post__thumbnail__link\" href=\"https:\/\/reatechbrasil.com.br\/16\/resultados-da-17a-reatech-trazem-novas-perspectivas-para-o-setor-de-reabilitacao-inclusao-e-acessibilidade\/\" ><div class=\"elementor-post__thumbnail\"><img width=\"320\" height=\"213\" src=\"https:\/\/reatechbrasil.com.br\/16\/wp-content\/uploads\/2022\/09\/22-09-01_16h_1V4A9612-320x213.jpg\" class=\"attachment-medium size-medium wp-image-10864\" alt=\"\" loading=\"lazy\" srcset=\"https:\/\/reatechbrasil.com.br\/16\/wp-content\/uploads\/2022\/09\/22-09-01_16h_1V4A9612-320x213.jpg 320w, https:\/\/reatechbrasil.com.br\/16\/wp-content\/uploads\/2022\/09\/22-09-01_16h_1V4A9612-600x400.jpg 600w, https:\/\/reatechbrasil.com.br\/16\/wp-content\/uploads\/2022\/09\/22-09-01_16h_1V4A9612-1200x800.jpg 1200w, https:\/\/reatechbrasil.com.br\/16\/wp-content\/uploads\/2022\/09\/22-09-01_16h_1V4A9612-768x512.jpg 768w, https:\/\/reatechbrasil.com.br\/16\/wp-content\/uploads\/2022\/09\/22-09-01_16h_1V4A9612-1536x1024.jpg 1536w, https:\/\/reatechbrasil.com.br\/16\/wp-content\/uploads\/2022\/09\/22-09-01_16h_1V4A9612-540x360.jpg 540w, https:\/\/reatechbrasil.com.br\/16\/wp-content\/uploads\/2022\/09\/22-09-01_16h_1V4A9612.jpg 2048w\" sizes=\"(max-width: 320px) 100vw, 320px\" \/><\/div><\/a>\n\t\t\t\t<div class=\"elementor-post__badge\">2022<\/div>\n\t\t\t\t<div class=\"elementor-post__text\">\n\t\t\t\t<h3 class=\"elementor-post__title\">\n\t\t\t<a href=\"https:\/\/reatechbrasil.com.br\/16\/resultados-da-17a-reatech-trazem-novas-perspectivas-para-o-setor-de-reabilitacao-inclusao-e-acessibilidade\/\" >\n\t\t\t\tResultados da 17\u00aa Reatech trazem novas perspectivas  para o setor de reabilita\u00e7\u00e3o, inclus\u00e3o e acessibilidade\t\t\t<\/a>\n\t\t<\/h3>\n\t\t\t\t<div class=\"elementor-post__excerpt\">\n\t\t\t<p>Com novas tecnologias para pessoas com defici\u00eancia, feira aponta as tend\u00eancias para o futuro do segmento que re\u00fane mais de<\/p>\n\t\t<\/div>\n\t\t\n\t\t<a class=\"elementor-post__read-more\" href=\"https:\/\/reatechbrasil.com.br\/16\/resultados-da-17a-reatech-trazem-novas-perspectivas-para-o-setor-de-reabilitacao-inclusao-e-acessibilidade\/\" aria-label=\"Read more about Resultados da 17\u00aa Reatech trazem novas perspectivas  para o setor de reabilita\u00e7\u00e3o, inclus\u00e3o e acessibilidade\" >\n\t\t\tLEIA MAIS \u00bb\t\t<\/a>\n\n\t\t\t\t<\/div>\n\t\t\t\t<div class=\"elementor-post__meta-data\">\n\t\t\t\t\t<span class=\"elementor-post-date\">\n\t\t\tsetembro 8, 2022\t\t<\/span>\n\t\t\t\t<span class=\"elementor-post-avatar\">\n\t\t\tNenhum coment\u00e1rio\t\t<\/span>\n\t\t\t\t<\/div>\n\t\t\t\t\t<\/div>\n\t\t<\/article>\n\t\t\t\t<article class=\"elementor-post elementor-grid-item post-11226 post type-post status-publish format-standard has-post-thumbnail hentry category-35 tag-cadeira-de-rodas tag-carros-eletricos\">\n\t\t\t<div class=\"elementor-post__card\">\n\t\t\t\t<a class=\"elementor-post__thumbnail__link\" href=\"https:\/\/reatechbrasil.com.br\/16\/primeiro-carro-eletrico-e-desenvolvido-para-cadeirantes\/\" ><div class=\"elementor-post__thumbnail\"><img width=\"320\" height=\"213\" src=\"https:\/\/reatechbrasil.com.br\/16\/wp-content\/uploads\/2022\/09\/carro-eletrico-para-cadeirantes-na-reatech-2022-02-320x213.jpg\" class=\"attachment-medium size-medium wp-image-11230\" alt=\"Primeiro carro el\u00e9trico \u00e9 desenvolvido para cadeirantes\" loading=\"lazy\" srcset=\"https:\/\/reatechbrasil.com.br\/16\/wp-content\/uploads\/2022\/09\/carro-eletrico-para-cadeirantes-na-reatech-2022-02-320x213.jpg 320w, https:\/\/reatechbrasil.com.br\/16\/wp-content\/uploads\/2022\/09\/carro-eletrico-para-cadeirantes-na-reatech-2022-02-600x400.jpg 600w, https:\/\/reatechbrasil.com.br\/16\/wp-content\/uploads\/2022\/09\/carro-eletrico-para-cadeirantes-na-reatech-2022-02-1200x800.jpg 1200w, https:\/\/reatechbrasil.com.br\/16\/wp-content\/uploads\/2022\/09\/carro-eletrico-para-cadeirantes-na-reatech-2022-02-768x512.jpg 768w, https:\/\/reatechbrasil.com.br\/16\/wp-content\/uploads\/2022\/09\/carro-eletrico-para-cadeirantes-na-reatech-2022-02-1536x1024.jpg 1536w, https:\/\/reatechbrasil.com.br\/16\/wp-content\/uploads\/2022\/09\/carro-eletrico-para-cadeirantes-na-reatech-2022-02-540x360.jpg 540w, https:\/\/reatechbrasil.com.br\/16\/wp-content\/uploads\/2022\/09\/carro-eletrico-para-cadeirantes-na-reatech-2022-02.jpg 2048w\" sizes=\"(max-width: 320px) 100vw, 320px\" \/><\/div><\/a>\n\t\t\t\t<div class=\"elementor-post__badge\">2022<\/div>\n\t\t\t\t<div class=\"elementor-post__text\">\n\t\t\t\t<h3 class=\"elementor-post__title\">\n\t\t\t<a href=\"https:\/\/reatechbrasil.com.br\/16\/primeiro-carro-eletrico-e-desenvolvido-para-cadeirantes\/\" >\n\t\t\t\tPrimeiro carro el\u00e9trico \u00e9 desenvolvido para cadeirantes\t\t\t<\/a>\n\t\t<\/h3>\n\t\t\t\t<div class=\"elementor-post__excerpt\">\n\t\t\t<p>Um dos principais objetivos dos equipamentos apresentados durante a Reatech &#8211; Feira Internacional de Tecnologias em Reabilita\u00e7\u00e3o, Inclus\u00e3o e Acessibilidade,<\/p>\n\t\t<\/div>\n\t\t\n\t\t<a class=\"elementor-post__read-more\" href=\"https:\/\/reatechbrasil.com.br\/16\/primeiro-carro-eletrico-e-desenvolvido-para-cadeirantes\/\" aria-label=\"Read more about Primeiro carro el\u00e9trico \u00e9 desenvolvido para cadeirantes\" >\n\t\t\tLEIA MAIS \u00bb\t\t<\/a>\n\n\t\t\t\t<\/div>\n\t\t\t\t<div class=\"elementor-post__meta-data\">\n\t\t\t\t\t<span class=\"elementor-post-date\">\n\t\t\tsetembro 4, 2022\t\t<\/span>\n\t\t\t\t<span class=\"elementor-post-avatar\">\n\t\t\tNenhum coment\u00e1rio\t\t<\/span>\n\t\t\t\t<\/div>\n\t\t\t\t\t<\/div>\n\t\t<\/article>\n\t\t\t\t<article class=\"elementor-post elementor-grid-item post-11222 post type-post status-publish format-standard has-post-thumbnail hentry category-35 tag-educacao-infantil\">\n\t\t\t<div class=\"elementor-post__card\">\n\t\t\t\t<a class=\"elementor-post__thumbnail__link\" href=\"https:\/\/reatechbrasil.com.br\/16\/a-reatech-traz-diversao-e-entretenimento-como-auxilio-para-educacao-infantil\/\" ><div class=\"elementor-post__thumbnail\"><img width=\"320\" height=\"213\" src=\"https:\/\/reatechbrasil.com.br\/16\/wp-content\/uploads\/2022\/09\/ciranda-cultura-na-reatech-2022-01-320x213.jpg\" class=\"attachment-medium size-medium wp-image-11224\" alt=\"A Reatech traz divers\u00e3o e entretenimento como aux\u00edlio para educa\u00e7\u00e3o infantil\" loading=\"lazy\" srcset=\"https:\/\/reatechbrasil.com.br\/16\/wp-content\/uploads\/2022\/09\/ciranda-cultura-na-reatech-2022-01-320x213.jpg 320w, https:\/\/reatechbrasil.com.br\/16\/wp-content\/uploads\/2022\/09\/ciranda-cultura-na-reatech-2022-01-600x400.jpg 600w, https:\/\/reatechbrasil.com.br\/16\/wp-content\/uploads\/2022\/09\/ciranda-cultura-na-reatech-2022-01-1200x800.jpg 1200w, https:\/\/reatechbrasil.com.br\/16\/wp-content\/uploads\/2022\/09\/ciranda-cultura-na-reatech-2022-01-768x512.jpg 768w, https:\/\/reatechbrasil.com.br\/16\/wp-content\/uploads\/2022\/09\/ciranda-cultura-na-reatech-2022-01-1536x1024.jpg 1536w, https:\/\/reatechbrasil.com.br\/16\/wp-content\/uploads\/2022\/09\/ciranda-cultura-na-reatech-2022-01-540x360.jpg 540w, https:\/\/reatechbrasil.com.br\/16\/wp-content\/uploads\/2022\/09\/ciranda-cultura-na-reatech-2022-01.jpg 2048w\" sizes=\"(max-width: 320px) 100vw, 320px\" \/><\/div><\/a>\n\t\t\t\t<div class=\"elementor-post__badge\">2022<\/div>\n\t\t\t\t<div class=\"elementor-post__text\">\n\t\t\t\t<h3 class=\"elementor-post__title\">\n\t\t\t<a href=\"https:\/\/reatechbrasil.com.br\/16\/a-reatech-traz-diversao-e-entretenimento-como-auxilio-para-educacao-infantil\/\" >\n\t\t\t\tA Reatech traz divers\u00e3o e entretenimento como aux\u00edlio para educa\u00e7\u00e3o infantil\t\t\t<\/a>\n\t\t<\/h3>\n\t\t\t\t<div class=\"elementor-post__excerpt\">\n\t\t\t<p>Na 17\u00b0 edi\u00e7\u00e3o da Reatech, as empresas apresentam ao p\u00fablico do evento materiais pedag\u00f3gicos e t\u00e1ticas sensoriais, para melhorar a<\/p>\n\t\t<\/div>\n\t\t\n\t\t<a class=\"elementor-post__read-more\" href=\"https:\/\/reatechbrasil.com.br\/16\/a-reatech-traz-diversao-e-entretenimento-como-auxilio-para-educacao-infantil\/\" aria-label=\"Read more about A Reatech traz divers\u00e3o e entretenimento como aux\u00edlio para educa\u00e7\u00e3o infantil\" >\n\t\t\tLEIA MAIS \u00bb\t\t<\/a>\n\n\t\t\t\t<\/div>\n\t\t\t\t<div class=\"elementor-post__meta-data\">\n\t\t\t\t\t<span class=\"elementor-post-date\">\n\t\t\tsetembro 4, 2022\t\t<\/span>\n\t\t\t\t<span class=\"elementor-post-avatar\">\n\t\t\tNenhum coment\u00e1rio\t\t<\/span>\n\t\t\t\t<\/div>\n\t\t\t\t\t<\/div>\n\t\t<\/article>\n\t\t\t\t<article class=\"elementor-post elementor-grid-item post-11219 post type-post status-publish format-standard has-post-thumbnail hentry category-35 tag-acessibilidade tag-congresso-reatech tag-facilities\">\n\t\t\t<div class=\"elementor-post__card\">\n\t\t\t\t<a class=\"elementor-post__thumbnail__link\" href=\"https:\/\/reatechbrasil.com.br\/16\/as-missoes-para-promover-a-acessibilidade-no-ambiente-de-trabalho\/\" ><div class=\"elementor-post__thumbnail\"><img width=\"320\" height=\"240\" src=\"https:\/\/reatechbrasil.com.br\/16\/wp-content\/uploads\/2022\/09\/ana-machado-bianca-mahfuz-congresso-reatech-2022-320x240.jpg\" class=\"attachment-medium size-medium wp-image-11220\" alt=\"As miss\u00f5es para promover a acessibilidade no ambiente de trabalho\" loading=\"lazy\" srcset=\"https:\/\/reatechbrasil.com.br\/16\/wp-content\/uploads\/2022\/09\/ana-machado-bianca-mahfuz-congresso-reatech-2022-320x240.jpg 320w, https:\/\/reatechbrasil.com.br\/16\/wp-content\/uploads\/2022\/09\/ana-machado-bianca-mahfuz-congresso-reatech-2022-600x450.jpg 600w, https:\/\/reatechbrasil.com.br\/16\/wp-content\/uploads\/2022\/09\/ana-machado-bianca-mahfuz-congresso-reatech-2022-1200x900.jpg 1200w, https:\/\/reatechbrasil.com.br\/16\/wp-content\/uploads\/2022\/09\/ana-machado-bianca-mahfuz-congresso-reatech-2022-768x576.jpg 768w, https:\/\/reatechbrasil.com.br\/16\/wp-content\/uploads\/2022\/09\/ana-machado-bianca-mahfuz-congresso-reatech-2022-1536x1152.jpg 1536w, https:\/\/reatechbrasil.com.br\/16\/wp-content\/uploads\/2022\/09\/ana-machado-bianca-mahfuz-congresso-reatech-2022-540x405.jpg 540w, https:\/\/reatechbrasil.com.br\/16\/wp-content\/uploads\/2022\/09\/ana-machado-bianca-mahfuz-congresso-reatech-2022-640x480.jpg 640w, https:\/\/reatechbrasil.com.br\/16\/wp-content\/uploads\/2022\/09\/ana-machado-bianca-mahfuz-congresso-reatech-2022.jpg 2048w\" sizes=\"(max-width: 320px) 100vw, 320px\" \/><\/div><\/a>\n\t\t\t\t<div class=\"elementor-post__badge\">2022<\/div>\n\t\t\t\t<div class=\"elementor-post__text\">\n\t\t\t\t<h3 class=\"elementor-post__title\">\n\t\t\t<a href=\"https:\/\/reatechbrasil.com.br\/16\/as-missoes-para-promover-a-acessibilidade-no-ambiente-de-trabalho\/\" >\n\t\t\t\tAs miss\u00f5es para promover a acessibilidade no ambiente de trabalho\t\t\t<\/a>\n\t\t<\/h3>\n\t\t\t\t<div class=\"elementor-post__excerpt\">\n\t\t\t<p>A \u00e1rea de facilities das organiza\u00e7\u00f5es tem a responsabilidade de trabalhar em prol da maior acessibilidade. No Congresso Reatech Inclus\u00e3o<\/p>\n\t\t<\/div>\n\t\t\n\t\t<a class=\"elementor-post__read-more\" href=\"https:\/\/reatechbrasil.com.br\/16\/as-missoes-para-promover-a-acessibilidade-no-ambiente-de-trabalho\/\" aria-label=\"Read more about As miss\u00f5es para promover a acessibilidade no ambiente de trabalho\" >\n\t\t\tLEIA MAIS \u00bb\t\t<\/a>\n\n\t\t\t\t<\/div>\n\t\t\t\t<div class=\"elementor-post__meta-data\">\n\t\t\t\t\t<span class=\"elementor-post-date\">\n\t\t\tsetembro 4, 2022\t\t<\/span>\n\t\t\t\t<span class=\"elementor-post-avatar\">\n\t\t\tNenhum coment\u00e1rio\t\t<\/span>\n\t\t\t\t<\/div>\n\t\t\t\t\t<\/div>\n\t\t<\/article>\n\t\t\t\t<article class=\"elementor-post elementor-grid-item post-11184 post type-post status-publish format-standard has-post-thumbnail hentry category-35\">\n\t\t\t<div class=\"elementor-post__card\">\n\t\t\t\t<a class=\"elementor-post__thumbnail__link\" href=\"https:\/\/reatechbrasil.com.br\/16\/estudantes-da-periferia-de-sao-paulo-conhecem-na-pratica-o-que-aprendem-na-escola-sobre-inclusao-social\/\" ><div class=\"elementor-post__thumbnail\"><img width=\"320\" height=\"213\" src=\"https:\/\/reatechbrasil.com.br\/16\/wp-content\/uploads\/2022\/09\/escola-visconde-de-cairu-na-reatech-01-320x213.jpg\" class=\"attachment-medium size-medium wp-image-11191\" alt=\"Estudantes da periferia de S\u00e3o Paulo conhecem na pr\u00e1tica o que aprendem na escola sobre inclus\u00e3o social\" loading=\"lazy\" srcset=\"https:\/\/reatechbrasil.com.br\/16\/wp-content\/uploads\/2022\/09\/escola-visconde-de-cairu-na-reatech-01-320x213.jpg 320w, https:\/\/reatechbrasil.com.br\/16\/wp-content\/uploads\/2022\/09\/escola-visconde-de-cairu-na-reatech-01-600x400.jpg 600w, https:\/\/reatechbrasil.com.br\/16\/wp-content\/uploads\/2022\/09\/escola-visconde-de-cairu-na-reatech-01-1200x800.jpg 1200w, https:\/\/reatechbrasil.com.br\/16\/wp-content\/uploads\/2022\/09\/escola-visconde-de-cairu-na-reatech-01-768x512.jpg 768w, https:\/\/reatechbrasil.com.br\/16\/wp-content\/uploads\/2022\/09\/escola-visconde-de-cairu-na-reatech-01-1536x1024.jpg 1536w, https:\/\/reatechbrasil.com.br\/16\/wp-content\/uploads\/2022\/09\/escola-visconde-de-cairu-na-reatech-01-540x360.jpg 540w, https:\/\/reatechbrasil.com.br\/16\/wp-content\/uploads\/2022\/09\/escola-visconde-de-cairu-na-reatech-01.jpg 2048w\" sizes=\"(max-width: 320px) 100vw, 320px\" \/><\/div><\/a>\n\t\t\t\t<div class=\"elementor-post__badge\">2022<\/div>\n\t\t\t\t<div class=\"elementor-post__text\">\n\t\t\t\t<h3 class=\"elementor-post__title\">\n\t\t\t<a href=\"https:\/\/reatechbrasil.com.br\/16\/estudantes-da-periferia-de-sao-paulo-conhecem-na-pratica-o-que-aprendem-na-escola-sobre-inclusao-social\/\" >\n\t\t\t\tEstudantes da periferia de S\u00e3o Paulo conhecem na pr\u00e1tica o que aprendem na escola sobre inclus\u00e3o social\t\t\t<\/a>\n\t\t<\/h3>\n\t\t\t\t<div class=\"elementor-post__excerpt\">\n\t\t\t<p>Conscientizar as crian\u00e7as da import\u00e2ncia da inclus\u00e3o social das pessoas com defici\u00eancia e combater o preconceito que existe na sociedade.<\/p>\n\t\t<\/div>\n\t\t\n\t\t<a class=\"elementor-post__read-more\" href=\"https:\/\/reatechbrasil.com.br\/16\/estudantes-da-periferia-de-sao-paulo-conhecem-na-pratica-o-que-aprendem-na-escola-sobre-inclusao-social\/\" aria-label=\"Read more about Estudantes da periferia de S\u00e3o Paulo conhecem na pr\u00e1tica o que aprendem na escola sobre inclus\u00e3o social\" >\n\t\t\tLEIA MAIS \u00bb\t\t<\/a>\n\n\t\t\t\t<\/div>\n\t\t\t\t<div class=\"elementor-post__meta-data\">\n\t\t\t\t\t<span class=\"elementor-post-date\">\n\t\t\tsetembro 4, 2022\t\t<\/span>\n\t\t\t\t<span class=\"elementor-post-avatar\">\n\t\t\tNenhum coment\u00e1rio\t\t<\/span>\n\t\t\t\t<\/div>\n\t\t\t\t\t<\/div>\n\t\t<\/article>\n\t\t\t\t<article class=\"elementor-post elementor-grid-item post-11126 post type-post status-publish format-standard has-post-thumbnail hentry category-35\">\n\t\t\t<div class=\"elementor-post__card\">\n\t\t\t\t<a class=\"elementor-post__thumbnail__link\" href=\"https:\/\/reatechbrasil.com.br\/16\/simone-tebet-e-mara-gabrilli-visitam-a-reatech-em-sao-paulo\/\" ><div class=\"elementor-post__thumbnail\"><img width=\"320\" height=\"239\" src=\"https:\/\/reatechbrasil.com.br\/16\/wp-content\/uploads\/2022\/09\/simone-tebet-e-mara-gabrilli-na-reatech-2022-320x239.jpg\" class=\"attachment-medium size-medium wp-image-11127\" alt=\"Simone Tebet e Mara Gabrilli visitam a Reatech, em S\u00e3o Paulo\" loading=\"lazy\" srcset=\"https:\/\/reatechbrasil.com.br\/16\/wp-content\/uploads\/2022\/09\/simone-tebet-e-mara-gabrilli-na-reatech-2022-320x239.jpg 320w, https:\/\/reatechbrasil.com.br\/16\/wp-content\/uploads\/2022\/09\/simone-tebet-e-mara-gabrilli-na-reatech-2022-600x448.jpg 600w, https:\/\/reatechbrasil.com.br\/16\/wp-content\/uploads\/2022\/09\/simone-tebet-e-mara-gabrilli-na-reatech-2022-1200x896.jpg 1200w, https:\/\/reatechbrasil.com.br\/16\/wp-content\/uploads\/2022\/09\/simone-tebet-e-mara-gabrilli-na-reatech-2022-768x573.jpg 768w, https:\/\/reatechbrasil.com.br\/16\/wp-content\/uploads\/2022\/09\/simone-tebet-e-mara-gabrilli-na-reatech-2022-540x405.jpg 540w, https:\/\/reatechbrasil.com.br\/16\/wp-content\/uploads\/2022\/09\/simone-tebet-e-mara-gabrilli-na-reatech-2022-640x480.jpg 640w, https:\/\/reatechbrasil.com.br\/16\/wp-content\/uploads\/2022\/09\/simone-tebet-e-mara-gabrilli-na-reatech-2022.jpg 1537w\" sizes=\"(max-width: 320px) 100vw, 320px\" \/><\/div><\/a>\n\t\t\t\t<div class=\"elementor-post__badge\">2022<\/div>\n\t\t\t\t<div class=\"elementor-post__text\">\n\t\t\t\t<h3 class=\"elementor-post__title\">\n\t\t\t<a href=\"https:\/\/reatechbrasil.com.br\/16\/simone-tebet-e-mara-gabrilli-visitam-a-reatech-em-sao-paulo\/\" >\n\t\t\t\tSimone Tebet e Mara Gabrilli visitam a Reatech, em S\u00e3o Paulo\t\t\t<\/a>\n\t\t<\/h3>\n\t\t\t\t<div class=\"elementor-post__excerpt\">\n\t\t\t<p>A candidata \u00e0 Presid\u00eancia da Rep\u00fablica, senadora Simone Tebet (PMDB-MS), e a candidata a vice-presidente, senadora Mara Gabrilli (PSDB-SP), visitaram<\/p>\n\t\t<\/div>\n\t\t\n\t\t<a class=\"elementor-post__read-more\" href=\"https:\/\/reatechbrasil.com.br\/16\/simone-tebet-e-mara-gabrilli-visitam-a-reatech-em-sao-paulo\/\" aria-label=\"Read more about Simone Tebet e Mara Gabrilli visitam a Reatech, em S\u00e3o Paulo\" >\n\t\t\tLEIA MAIS \u00bb\t\t<\/a>\n\n\t\t\t\t<\/div>\n\t\t\t\t<div class=\"elementor-post__meta-data\">\n\t\t\t\t\t<span class=\"elementor-post-date\">\n\t\t\tsetembro 3, 2022\t\t<\/span>\n\t\t\t\t<span class=\"elementor-post-avatar\">\n\t\t\tNenhum coment\u00e1rio\t\t<\/span>\n\t\t\t\t<\/div>\n\t\t\t\t\t<\/div>\n\t\t<\/article>\n\t\t\t\t<\/div>\n\t\t\n\t\t\t\t<div class=\"e-load-more-anchor\" data-page=\"1\" data-max-page=\"6\" data-next-page=\"https:\/\/reatechbrasil.com.br\/16\/wp-json\/wp\/v2\/pages\/12724\/page\/2\/\"><\/div>\n\t\t\t\t<nav class=\"elementor-pagination\" aria-label=\"Pagination\">\n\t\t\t<span class=\"page-numbers prev\">&laquo; Previous<\/span>\n<span aria-current=\"page\" class=\"page-numbers current\"><span class=\"elementor-screen-only\">Page<\/span>1<\/span>\n<a class=\"page-numbers\" href=\"https:\/\/reatechbrasil.com.br\/16\/wp-json\/wp\/v2\/pages\/12724\/page\/2\/\"><span class=\"elementor-screen-only\">Page<\/span>2<\/a>\n<a class=\"page-numbers\" href=\"https:\/\/reatechbrasil.com.br\/16\/wp-json\/wp\/v2\/pages\/12724\/page\/3\/\"><span class=\"elementor-screen-only\">Page<\/span>3<\/a>\n<a class=\"page-numbers\" href=\"https:\/\/reatechbrasil.com.br\/16\/wp-json\/wp\/v2\/pages\/12724\/page\/4\/\"><span class=\"elementor-screen-only\">Page<\/span>4<\/a>\n<a class=\"page-numbers\" href=\"https:\/\/reatechbrasil.com.br\/16\/wp-json\/wp\/v2\/pages\/12724\/page\/5\/\"><span class=\"elementor-screen-only\">Page<\/span>5<\/a>\n<a class=\"page-numbers\" href=\"https:\/\/reatechbrasil.com.br\/16\/wp-json\/wp\/v2\/pages\/12724\/page\/6\/\"><span class=\"elementor-screen-only\">Page<\/span>6<\/a>\n<a class=\"page-numbers next\" href=\"https:\/\/reatechbrasil.com.br\/16\/wp-json\/wp\/v2\/pages\/12724\/page\/2\/\">Next &raquo;<\/a>\t\t<\/nav>\n\t\t\t\t<\/div>\n\t\t\t\t<\/div>\n\t\t\t\t\t\t<\/div>\n\t\t\t\t\t<\/div>\n\t\t<\/div>\n\t\t\t\t\t\t\t\t<\/div>\n\t\t\t\t\t<\/div>\n\t\t<\/section>\n\t\t\t\t\t\t\t\t\t<\/div>\n\t\t\t<\/div>\n\t\t\t\t\t<\/div>\n\t\t","protected":false},"excerpt":{"rendered":"<p>Press Releases 2022<\/p>\n","protected":false},"author":3,"featured_media":0,"parent":0,"menu_order":0,"comment_status":"closed","ping_status":"closed","template":"","meta":{"om_disable_all_campaigns":false,"_monsterinsights_skip_tracking":false,"_monsterinsights_sitenote_active":false,"_monsterinsights_sitenote_note":"","_monsterinsights_sitenote_category":0},"aioseo_notices":[],"_links":{"self":[{"href":"https:\/\/reatechbrasil.com.br\/16\/wp-json\/wp\/v2\/pages\/12724"}],"collection":[{"href":"https:\/\/reatechbrasil.com.br\/16\/wp-json\/wp\/v2\/pages"}],"about":[{"href":"https:\/\/reatechbrasil.com.br\/16\/wp-json\/wp\/v2\/types\/page"}],"author":[{"embeddable":true,"href":"https:\/\/reatechbrasil.com.br\/16\/wp-json\/wp\/v2\/users\/3"}],"replies":[{"embeddable":true,"href":"https:\/\/reatechbrasil.com.br\/16\/wp-json\/wp\/v2\/comments?post=12724"}],"version-history":[{"count":19,"href":"https:\/\/reatechbrasil.com.br\/16\/wp-json\/wp\/v2\/pages\/12724\/revisions"}],"predecessor-version":[{"id":13589,"href":"https:\/\/reatechbrasil.com.br\/16\/wp-json\/wp\/v2\/pages\/12724\/revisions\/13589"}],"wp:attachment":[{"href":"https:\/\/reatechbrasil.com.br\/16\/wp-json\/wp\/v2\/media?parent=12724"}],"curies":[{"name":"wp","href":"https:\/\/api.w.org\/{rel}","templated":true}]}}