{"id":1369,"date":"2016-10-27T13:40:58","date_gmt":"2016-10-27T13:40:58","guid":{"rendered":"http:\/\/reatechbrasil.com.br\/16\/?page_id=1369"},"modified":"2019-06-11T15:38:21","modified_gmt":"2019-06-11T18:38:21","slug":"reasem-13-junho","status":"publish","type":"page","link":"https:\/\/reatechbrasil.com.br\/16\/reasem-13-junho\/","title":{"rendered":"Reasem &#8211; 13 de Junho"},"content":{"rendered":"<p>\n\t<a href=\"https:\/\/www.euvou.net.br\/cursosreatech2019\/home\" target=\"_blank\"><img loading=\"lazy\" alt=\"faca-sua-inscricao\" class=\"alignright wp-image-1668 size-full\" height=\"55\" src=\"http:\/\/reatechbrasil.com.br\/16\/wp-content\/uploads\/2016\/10\/faca-sua-inscricao.png\" width=\"310\" srcset=\"https:\/\/reatechbrasil.com.br\/16\/wp-content\/uploads\/2016\/10\/faca-sua-inscricao.png 310w, https:\/\/reatechbrasil.com.br\/16\/wp-content\/uploads\/2016\/10\/faca-sua-inscricao-300x53.png 300w\" sizes=\"(max-width: 310px) 100vw, 310px\" \/><\/a>\n<\/p>\n<table border=\"0\" cellpadding=\"0\" cellspacing=\"10\" width=\"100%\">\n<tbody>\n<tr>\n<td align=\"center\" colspan=\"2\" height=\"170\" style=\"height: 170px; text-align: center; vertical-align: middle;\" valign=\"middle\">\n\t\t\t\t<span style=\"text-align: center; vertical-align: middle;\"><img alt=\"Programa\u00e7\u00e3o Reasem - Semin\u00e1rio de Tecnologias de Reabilita\u00e7\u00e3o e Inclus\u00e3o\" class=\"size-full wp-image-1518 aligncenter\" src=\"http:\/\/reatechbrasil.com.br\/17\/email-marketing\/logo-reasem.png\" title=\"Programa\u00e7\u00e3o Reasem - Semin\u00e1rio de Tecnologias de Reabilita\u00e7\u00e3o e Inclus\u00e3o\" width=\"400\" \/><\/span><\/p>\n<p>\n\t\t\t\t\t<strong>SEMIN&Aacute;RIO DE TECNOLOGIAS DE REABILITA&Ccedil;&Atilde;O E INCLUS&Atilde;O<\/strong>\n\t\t\t\t<\/p>\n<p>\n\t\t\t\t\tTecnologias disruptivas viabilizando a comunica&ccedil;&atilde;o, movimenta&ccedil;&atilde;o e resultados na reabilita&ccedil;&atilde;o de pacientes.\n\t\t\t\t<\/p>\n<\/td>\n<\/tr>\n<tr>\n<td align=\"center\" bgcolor=\"#0063A8\" colspan=\"2\" height=\"60\" style=\"color: #ffed00; text-align: center; vertical-align: middle;\" valign=\"middle\">\n\t\t\t\t<strong style=\"font-size: 34px;\">13 DE JUNHO DE 2019<\/strong><br \/>\n\t\t\t\t<span style=\"font-size: 22px;\">S&atilde;o Paulo Expo &#8211; SP &#8211; Brasil | 09h00 &agrave;s 18h30<\/span>\n\t\t\t<\/td>\n<\/tr>\n<tr>\n<td align=\"center\" bgcolor=\"#FFF4C9\" height=\"30\" style=\"width: 150px; height: 30px; text-align: center; vertical-align: middle;\" valign=\"middle\" width=\"172\">\n\t\t\t\t<strong>HOR&Aacute;RIO<\/strong>\n\t\t\t<\/td>\n<td align=\"center\" bgcolor=\"#FFF4C9\" style=\"text-align: center; vertical-align: middle;\" valign=\"middle\" width=\"979\">\n\t\t\t\t<strong>PALESTRA<\/strong>\n\t\t\t<\/td>\n<\/tr>\n<tr>\n<td align=\"center\" height=\"50\" style=\"text-align: center; vertical-align: middle;\" valign=\"middle\">\n\t\t\t\t09h00 &agrave;s&nbsp;09h10\n\t\t\t<\/td>\n<td>\n<div> <strong>Abertura do REASEM &#8211; Semin&aacute;rio de Tecnologias de Reabilita&ccedil;&atilde;o e Inclus&atilde;o<\/strong>\t\t\t\t<\/div>\n<\/td>\n<\/tr>\n<tr>\n<td align=\"center\" bgcolor=\"#ffd801\" colspan=\"2\" height=\"50\" style=\"text-align: center; vertical-align: middle;\" valign=\"middle\">\n\t\t\t\t<strong>Impactos da tecnologia para os profissionais, institui\u00e7\u00f5es de sa\u00fade e educa\u00e7\u00e3o<\/strong>\n\t\t\t<\/td>\n<\/tr>\n<tr>\n<td align=\"center\" height=\"50\" style=\"text-align: center; vertical-align: middle;\" valign=\"middle\">\n\t\t\t\t09h10 &agrave;s&nbsp;09h40\n\t\t\t<\/td>\n<td>\n<div>\n<p><strong>Alcance das tecnologias para proporcionar autonomia, acessibilidade na<br \/>\n\t\t\t\t    comunica\u00e7\u00e3o e desenvolvimento de compet\u00eancias das pessoas com defici\u00eancia.<\/strong> <\/p>\n<\/p><\/div>\n<div>\n<p>Aliada na \u00e1rea da sa\u00fade, reabilita\u00e7\u00e3o e inclus\u00e3o, a tecnologia tem dado suporte<br \/>\n\t\t\t\t\t  aos terapeutas ocupacionais, fisioterapeutas e fonoaudi\u00f3logas no atendimento a pacientes com defici\u00eancias cong\u00eanitas ou adquiridas.<\/p>\n<ul>\n<li>\n\t\t\t\t      Aplica\u00e7\u00e3o do software Simplix para resposta imediata dos assistidos;<\/li>\n<li>Mensura\u00e7\u00e3o da melhora, a compreens\u00e3o e o avan\u00e7o dos pacientes;<\/li>\n<li>Comunica\u00e7\u00e3o alternativa pelo aplicativo TelepatiX: recursos inovadores e<br \/>\n\t\t\t\t\t    compet\u00eancia t\u00e9cnica dos profissionais de sa\u00fade, gerando resultados incr\u00edveis em<br \/>\n\t\t\t\t\t    pacientes com restri\u00e7\u00f5es motoras e intelectuais.<\/p>\n<\/li>\n<\/ul><\/div>\n<div><strong>Adriano Assis | Diretor<\/strong><br \/>\n\t\t\t    Geraes Tecnologia Assistiva\/Key2Enable (nos Estados Unidos)<\/div>\n<\/td>\n<\/tr>\n<tr>\n<td align=\"center\" height=\"50\" style=\"text-align: center; vertical-align: middle;\" valign=\"middle\">\n\t\t\t\t09h40 &agrave;s 09h50\n\t\t\t<\/td>\n<td>\n\t\t\t\t<strong>Sess&atilde;o de Perguntas<\/strong><\/td>\n<\/tr>\n<tr>\n<td align=\"center\" height=\"50\" style=\"text-align: center; vertical-align: middle;\" valign=\"middle\">\n\t\t\t\t09h50 &agrave;s 10h10\n\t\t\t<\/td>\n<td>\n\t\t\t\t<strong>Intervalo para o caf&eacute; e troca de cart&otilde;es<\/strong>\n\t\t\t<\/td>\n<\/tr>\n<tr>\n<td align=\"center\" height=\"50\" style=\"text-align: center; vertical-align: middle;\" valign=\"middle\"> 10h10 &agrave;s 10h30 <\/td>\n<td>\n<div>\n<p><strong>Acessibilidade e inclus\u00e3o de surdos: o papel da tecnologia na educa\u00e7\u00e3o e<br \/>\n\t\t      comunica\u00e7\u00e3o.<\/strong> <\/p>\n<\/p><\/div>\n<div>\n<ul>\n<li>Abordagem dos resultados expressivos no uso do aplicativo de tradu\u00e7\u00e3o gratuito, usado nas escolas e universidades;<\/li>\n<li>Plug-in para sites: tradu\u00e7\u00e3o de conte\u00fado para libras, tornando poss\u00edvel o acesso dos surdos \u00e0 educa\u00e7\u00e3o \u00e0 dist\u00e2ncia.<\/li>\n<\/ul><\/div>\n<div><strong>Jo\u00e3o Vitor Bogas<\/strong><br \/>\n          Coordenador de Marketing | Hand Talk<\/div>\n<\/td>\n<\/tr>\n<tr>\n<td align=\"center\" height=\"50\" style=\"text-align: center; vertical-align: middle;\" valign=\"middle\"> 10h30 &agrave;s 10h40 <\/td>\n<td><strong>Sess&atilde;o de Perguntas<\/strong><\/td>\n<\/tr>\n<tr>\n<td align=\"center\" height=\"50\" style=\"text-align: center; vertical-align: middle;\" valign=\"middle\">\n\t\t\t\t10h40 &agrave;s 11h10\n\t\t\t<\/td>\n<td>\n<div>\n<p><strong>Alunos com defici&ecirc;ncia na gastronomia: entender, atender e incluir.<\/strong> <\/p>\n<\/p><\/div>\n<div>\n<p>Apresenta&ccedil;&atilde;o de cases de alunos com defici&ecirc;ncia nos diversos cursos de gastronomia do Senac e a forma como docentes e a institui&ccedil;&atilde;o contribuem para inclus&atilde;o.<\/p>\n<\/p><\/div>\n<div>\n<p><strong>Renata Zambon Monteiro<\/strong><br \/>\n\t\t\t\t\t  Doutora em Arquitetura e Urbanismo pela Universidade de S&atilde;o Paulo (USP), mestre e graduada em Arquitetura e Urbanismo pela Universidade Presbiteriana Mackenzie (UPM). &Eacute; professora do Centro Universit&aacute;rio Senac S&atilde;o Paulo na &aacute;rea de gastronomia em cursos de gradua&ccedil;&atilde;o, p&oacute;s-gradua&ccedil;&atilde;o e extens&atilde;o universit&aacute;ria na disciplina de Planejamento F&iacute;sico para Cozinhas Profissionais. Como arquiteta contratada pela Organiza&ccedil;&atilde;o das Na&ccedil;&otilde;es Unidas (ONU), foi respons&aacute;vel pelos projetos adotados pelo Minist&eacute;rio do Desenvolvimento Social (MDS) para restaurantes populares, cozinhas comunit&aacute;rias e bancos de alimentos. Atua como palestrante nas &aacute;reas de projetos e tecnologia para cozinhas profissionais Tem experi&ecirc;ncia de 30 anos em projetos e consultoria para servi&ccedil;os profissionais de alimenta&ccedil;&atilde;o e atuou, por dez anos, em diversas atividades ligadas &agrave; alimenta&ccedil;&atilde;o como s&oacute;cia-propriet&aacute;ria de empresa fornecedora de refei&ccedil;&otilde;es para coletividades. &Euml; autora do livro &ldquo;Cozinhas Profissionais&rdquo; da Editora Senac S&atilde;o Paulo. Pela empresa Projefood realiza projetos para cozinhas profissionais de restaurantes, hot&eacute;is, buffets, hospitais, entre outros.<\/p>\n<\/p><\/div>\n<\/td>\n<\/tr>\n<tr>\n<td align=\"center\" height=\"50\" style=\"text-align: center; vertical-align: middle;\" valign=\"middle\">\n\t\t\t\t11h10&nbsp;&agrave;s 11h20\n\t\t\t<\/td>\n<td>\n\t\t\t\t<span style=\"line-height: 22px;\"><strong>Sess&atilde;o de Perguntas<\/strong><\/span>\n\t\t\t<\/td>\n<\/tr>\n<tr>\n<td align=\"center\" bgcolor=\"#ffd801\" colspan=\"2\" height=\"50\" style=\"text-align: center; vertical-align: middle;\" valign=\"middle\">\n\t\t\t\t<strong>Transforma&ccedil;&otilde;es tecnol&oacute;gicas inclusivas na comunica&ccedil;&atilde;o, educa&ccedil;&atilde;o e mercado de trabalho de PCDs<\/strong>\n\t\t\t<\/td>\n<\/tr>\n<tr>\n<td align=\"center\" height=\"50\" style=\"text-align: center; vertical-align: middle;\" valign=\"middle\">\n\t\t\t\t11h20&nbsp;&agrave;s 12h10\n\t\t\t<\/td>\n<td>\n<div>\n<p><strong>Tecnologia alinhada com os novos conhecimentos referentes \u00e0s \u00e1reas da Neuroci\u00eancia Cognitiva e suas interfaces com a \u00e1rea da inclus\u00e3o.<\/strong> <\/p>\n<\/p><\/div>\n<div>\n<ul>\n<li>Realidade virtual;<\/li>\n<li>Realidade aumentada;<\/li>\n<li>Abordagem de quest\u00f5es qu\u00edmicas do c\u00e9rebro relacionadas \u00e0 manuten\u00e7\u00e3o da<br \/>\n\t\t\t\t      mem\u00f3ria.<\/li>\n<\/ul><\/div>\n<div>\n<p><strong>Prof. Me. Marcelo Clemente<\/strong><br \/>\n\t\t\t      Mestre em Educa\u00e7\u00e3o e Sa\u00fade, Pedagogo, Psicopedagogo Cl\u00ednico e Institucional, Especialista em Desenvolvimento Humano, Educa\u00e7\u00e3o e Inclus\u00e3o Escolar Pesquisador na \u00e1rea de Neuroci\u00eancia e Desenvolvimento Humano | <strong>UNIFESP<\/strong><\/p>\n<\/p><\/div>\n<\/td>\n<\/tr>\n<tr>\n<td align=\"center\" height=\"50\" style=\"text-align: center; vertical-align: middle;\" valign=\"middle\">\n\t\t\t\t12h10 &agrave;s 12h20\n\t\t\t<\/td>\n<td>\n\t\t\t\t<strong>Sess&atilde;o de Perguntas<\/strong>\n\t\t\t<\/td>\n<\/tr>\n<tr>\n<td align=\"center\" height=\"50\" style=\"text-align: center; vertical-align: middle;\" valign=\"middle\">\n\t\t\t\t12h20 &agrave;s 15h00\n\t\t\t<\/td>\n<td>\n\t\t\t\t<strong>Almo&ccedil;o e visita&ccedil;&atilde;o &agrave; feira<\/strong>\n\t\t\t<\/td>\n<\/tr>\n<tr>\n<td align=\"center\" height=\"50\" style=\"text-align: center; vertical-align: middle;\" valign=\"middle\">\n\t\t\t\t15h00 &agrave;s 16h00\n\t\t\t<\/td>\n<td>\n<div>\n<p><strong>Mercado de Trabalho: compartilhamento de experi&ecirc;ncias na inclus&atilde;o de PCD (Pessoas com Defici&ecirc;ncia), treinamento e uso de recursos tecnol&oacute;gicos como suporte.<\/strong> <\/p>\n<\/p><\/div>\n<div>\n<p><strong>Flavio Gonzalez<\/strong><br \/>\n\t\t\t\t    Supervisor de Qualifica&ccedil;&atilde;o e Inclus&atilde;o Profissional (Diversidade &amp; Inclus&atilde;o) APAE-SP.<\/p>\n<\/p><\/div>\n<\/td>\n<\/tr>\n<tr>\n<td align=\"center\" height=\"50\" style=\"text-align: center; vertical-align: middle;\" valign=\"middle\">\n\t\t\t\t16h00 &agrave;s 16h10\n\t\t\t<\/td>\n<td>\n\t\t\t\t<strong>Sess&atilde;o de Perguntas<\/strong>\n\t\t\t<\/td>\n<\/tr>\n<tr>\n<td align=\"center\" height=\"50\" style=\"text-align: center; vertical-align: middle;\" valign=\"middle\">\n\t\t\t\t16h10 &agrave;s 16h40\n\t\t\t<\/td>\n<td>\n<div>\n<p><strong>Novidades em Tecnologia Assistiva, especialmente vocalizadores e acionadores, sua aplica&ccedil;&atilde;o na escola e na vida pr&aacute;tica.<\/strong> <\/p>\n<\/p><\/div>\n<div>\n\t\t\t\t\t<strong>Liana Santos<\/strong> | Especialista em Educa&ccedil;&atilde;o Especial, atuando na Aprendizagem e Tecnologia Assistiva\n\t\t\t\t<\/div>\n<\/td>\n<\/tr>\n<tr>\n<td align=\"center\" height=\"50\" style=\"text-align: center; vertical-align: middle;\" valign=\"middle\">\n\t\t\t\t16h40&nbsp;&agrave;s 16h50\n\t\t\t<\/td>\n<td>\n\t\t\t\t<strong>Sess&atilde;o de Perguntas<\/strong>\n\t\t\t<\/td>\n<\/tr>\n<tr>\n<td align=\"center\" height=\"50\" style=\"text-align: center; vertical-align: middle;\" valign=\"middle\">\n\t\t\t\t16h50 &agrave;s 17h20\n\t\t\t<\/td>\n<td>\n<div>\n<p><strong>Aplicativo para orientar e engajar crian\u00e7as com c\u00e2ncer e promover<br \/>\n\t\t\t\t    interdisciplinaridade durante os tratamentos.<\/strong> <\/p>\n<\/p><\/div>\n<div>\n<p>Enquanto as crian\u00e7as se informam, brincam e tomam consci\u00eancia dos cuidados e<br \/>\n\t\t\t\t\t  das recomenda\u00e7\u00f5es m\u00e9dicas. Ao mesmo tempo, tudo isso \u00e9 comunicado por<br \/>\n\t\t\t\t\t  meio de um jogo.<\/p>\n<p>Dada a efic\u00e1cia e, acima de tudo, o amor colocado no desenvolvimento dessa solu\u00e7\u00e3o, a iniciativa foi premiada e tem sido largamente utilizada na sa\u00fade<br \/>\n\t\t        p\u00fablica.\t\t\t\t<\/p>\n<\/p><\/div>\n<div>\n<p><strong>Simone Lehwess Mozzilli |<br \/>\n\t\t\t\t    <\/strong>Presidente | Beaba <\/p>\n<\/p><\/div>\n<\/td>\n<\/tr>\n<tr>\n<td align=\"center\" height=\"50\" style=\"text-align: center; vertical-align: middle;\" valign=\"middle\">\n\t\t\t\t17h20&nbsp;&agrave;s 17h30\n\t\t\t<\/td>\n<td>\n\t\t\t\t<strong>Perguntas e encerramento do primeiro dia do REASEM.<\/strong>\n\t\t\t<\/td>\n<\/tr>\n<tr>\n<td align=\"center\" colspan=\"2\" style=\"text-align: left; vertical-align: middle;\" valign=\"middle\">\n\t\t\t\t<span style=\"line-height: 22px;\">* Programa&ccedil;&atilde;o sujeita a altera&ccedil;&atilde;o.<\/span><br \/>\n\t\t\t\t** O Congresso <strong>REASEM<\/strong> &eacute; um evento pago e somente as palestras realizadas pelo <strong>CREFITO<\/strong> s&atilde;o gratuitas, ou seja, isentas de inscri&ccedil;&atilde;o e aberta ao p&uacute;blico da feira.\n\t\t\t<\/td>\n<\/tr>\n<\/tbody>\n<\/table>\n<p>\n\t<a href=\"https:\/\/www.euvou.net.br\/cursosreatech2019\/home\" target=\"_blank\"><img loading=\"lazy\" alt=\"faca-sua-inscricao-d\" class=\"alignnone size-full wp-image-1671\" height=\"55\" src=\"http:\/\/reatechbrasil.com.br\/16\/wp-content\/uploads\/2016\/10\/faca-sua-inscricao-d.png\" width=\"310\" srcset=\"https:\/\/reatechbrasil.com.br\/16\/wp-content\/uploads\/2016\/10\/faca-sua-inscricao-d.png 310w, https:\/\/reatechbrasil.com.br\/16\/wp-content\/uploads\/2016\/10\/faca-sua-inscricao-d-300x53.png 300w\" sizes=\"(max-width: 310px) 100vw, 310px\" \/><\/a><\/p>\n","protected":false},"excerpt":{"rendered":"<p>SEMIN&Aacute;RIO DE TECNOLOGIAS DE REABILITA&Ccedil;&Atilde;O E INCLUS&Atilde;O Tecnologias disruptivas viabilizando a comunica&ccedil;&atilde;o, movimenta&ccedil;&atilde;o e resultados na reabilita&ccedil;&atilde;o de pacientes. 13 [&hellip;]<\/p>\n","protected":false},"author":3,"featured_media":0,"parent":0,"menu_order":0,"comment_status":"closed","ping_status":"open","template":"","meta":{"om_disable_all_campaigns":false,"_monsterinsights_skip_tracking":false,"_monsterinsights_sitenote_active":false,"_monsterinsights_sitenote_note":"","_monsterinsights_sitenote_category":0},"aioseo_notices":[],"_links":{"self":[{"href":"https:\/\/reatechbrasil.com.br\/16\/wp-json\/wp\/v2\/pages\/1369"}],"collection":[{"href":"https:\/\/reatechbrasil.com.br\/16\/wp-json\/wp\/v2\/pages"}],"about":[{"href":"https:\/\/reatechbrasil.com.br\/16\/wp-json\/wp\/v2\/types\/page"}],"author":[{"embeddable":true,"href":"https:\/\/reatechbrasil.com.br\/16\/wp-json\/wp\/v2\/users\/3"}],"replies":[{"embeddable":true,"href":"https:\/\/reatechbrasil.com.br\/16\/wp-json\/wp\/v2\/comments?post=1369"}],"version-history":[{"count":40,"href":"https:\/\/reatechbrasil.com.br\/16\/wp-json\/wp\/v2\/pages\/1369\/revisions"}],"predecessor-version":[{"id":2595,"href":"https:\/\/reatechbrasil.com.br\/16\/wp-json\/wp\/v2\/pages\/1369\/revisions\/2595"}],"wp:attachment":[{"href":"https:\/\/reatechbrasil.com.br\/16\/wp-json\/wp\/v2\/media?parent=1369"}],"curies":[{"name":"wp","href":"https:\/\/api.w.org\/{rel}","templated":true}]}}