{"id":16274,"date":"2024-05-07T11:33:17","date_gmt":"2024-05-07T14:33:17","guid":{"rendered":"https:\/\/reatechbrasil.com.br\/16\/?page_id=16274"},"modified":"2024-11-20T13:52:02","modified_gmt":"2024-11-20T16:52:02","slug":"press-releases-2024","status":"publish","type":"page","link":"https:\/\/reatechbrasil.com.br\/16\/press-releases-2024\/","title":{"rendered":"Press Releases 2024"},"content":{"rendered":"\t\t<div data-elementor-type=\"wp-page\" data-elementor-id=\"16274\" class=\"elementor elementor-16274\">\n\t\t\t\t\t\t<div class=\"elementor-inner\">\n\t\t\t\t<div class=\"elementor-section-wrap\">\n\t\t\t\t\t\t\t\t\t<section data-particle_enable=\"false\" data-particle-mobile-disabled=\"false\" class=\"elementor-section elementor-top-section elementor-element elementor-element-6386130 elementor-section-height-min-height elementor-section-items-top elementor-section-boxed elementor-section-height-default\" data-id=\"6386130\" data-element_type=\"section\">\n\t\t\t\t\t\t<div class=\"elementor-container elementor-column-gap-default\">\n\t\t\t\t\t\t\t<div class=\"elementor-row\">\n\t\t\t\t\t<div class=\"elementor-column elementor-col-100 elementor-top-column elementor-element elementor-element-d6b4b38\" data-id=\"d6b4b38\" data-element_type=\"column\">\n\t\t\t<div class=\"elementor-column-wrap elementor-element-populated\">\n\t\t\t\t\t\t\t<div class=\"elementor-widget-wrap\">\n\t\t\t\t\t\t<div class=\"elementor-element elementor-element-c820984 elementor-widget elementor-widget-spacer\" data-id=\"c820984\" data-element_type=\"widget\" data-widget_type=\"spacer.default\">\n\t\t\t\t<div class=\"elementor-widget-container\">\n\t\t\t\t\t<div class=\"elementor-spacer\">\n\t\t\t<div class=\"elementor-spacer-inner\"><\/div>\n\t\t<\/div>\n\t\t\t\t<\/div>\n\t\t\t\t<\/div>\n\t\t\t\t<div class=\"elementor-element elementor-element-6d61797 elementor-widget elementor-widget-heading\" data-id=\"6d61797\" data-element_type=\"widget\" data-widget_type=\"heading.default\">\n\t\t\t\t<div class=\"elementor-widget-container\">\n\t\t\t<h2 class=\"elementor-heading-title elementor-size-default\">Press Releases 2024<\/h2>\t\t<\/div>\n\t\t\t\t<\/div>\n\t\t\t\t<div class=\"elementor-element elementor-element-aa1d750 elementor-grid-3 elementor-grid-tablet-2 elementor-grid-mobile-1 elementor-posts--thumbnail-top elementor-card-shadow-yes elementor-posts__hover-gradient elementor-widget elementor-widget-posts\" data-id=\"aa1d750\" data-element_type=\"widget\" data-settings=\"{&quot;pagination_type&quot;:&quot;numbers_and_prev_next&quot;,&quot;cards_columns&quot;:&quot;3&quot;,&quot;cards_columns_tablet&quot;:&quot;2&quot;,&quot;cards_columns_mobile&quot;:&quot;1&quot;,&quot;cards_row_gap&quot;:{&quot;unit&quot;:&quot;px&quot;,&quot;size&quot;:35,&quot;sizes&quot;:[]},&quot;cards_row_gap_tablet&quot;:{&quot;unit&quot;:&quot;px&quot;,&quot;size&quot;:&quot;&quot;,&quot;sizes&quot;:[]},&quot;cards_row_gap_mobile&quot;:{&quot;unit&quot;:&quot;px&quot;,&quot;size&quot;:&quot;&quot;,&quot;sizes&quot;:[]}}\" data-widget_type=\"posts.cards\">\n\t\t\t\t<div class=\"elementor-widget-container\">\n\t\t\t\t\t<div class=\"elementor-posts-container elementor-posts elementor-posts--skin-cards elementor-grid\">\n\t\t\t\t<article class=\"elementor-post elementor-grid-item post-17551 post type-post status-publish format-standard has-post-thumbnail hentry category-releases-2024\">\n\t\t\t<div class=\"elementor-post__card\">\n\t\t\t\t<a class=\"elementor-post__thumbnail__link\" href=\"https:\/\/reatechbrasil.com.br\/16\/transformacao-social-e-acessibilidade-marcam-a-reatech-expo-brasil-paralimpico-2024\/\" ><div class=\"elementor-post__thumbnail\"><img width=\"320\" height=\"213\" src=\"https:\/\/reatechbrasil.com.br\/16\/wp-content\/uploads\/2024\/11\/REATECH_20112024_09h_GB_09100-320x213.jpg\" class=\"attachment-medium size-medium wp-image-17226\" alt=\"Grande p\u00fablico circula pelo sal\u00e3o principal da Reatech, com estandes e banners azuis ao fundo.\" loading=\"lazy\" srcset=\"https:\/\/reatechbrasil.com.br\/16\/wp-content\/uploads\/2024\/11\/REATECH_20112024_09h_GB_09100-320x213.jpg 320w, https:\/\/reatechbrasil.com.br\/16\/wp-content\/uploads\/2024\/11\/REATECH_20112024_09h_GB_09100-768x512.jpg 768w, https:\/\/reatechbrasil.com.br\/16\/wp-content\/uploads\/2024\/11\/REATECH_20112024_09h_GB_09100-540x360.jpg 540w, https:\/\/reatechbrasil.com.br\/16\/wp-content\/uploads\/2024\/11\/REATECH_20112024_09h_GB_09100.jpg 1000w\" sizes=\"(max-width: 320px) 100vw, 320px\" \/><\/div><\/a>\n\t\t\t\t<div class=\"elementor-post__badge\">Press Releases 2024<\/div>\n\t\t\t\t<div class=\"elementor-post__text\">\n\t\t\t\t<h3 class=\"elementor-post__title\">\n\t\t\t<a href=\"https:\/\/reatechbrasil.com.br\/16\/transformacao-social-e-acessibilidade-marcam-a-reatech-expo-brasil-paralimpico-2024\/\" >\n\t\t\t\tTransforma\u00e7\u00e3o social e acessibilidade marcam a Reatech + Expo Brasil Paral\u00edmpico 2024\t\t\t<\/a>\n\t\t<\/h3>\n\t\t\t\t<div class=\"elementor-post__excerpt\">\n\t\t\t<p>A 19\u00aa edi\u00e7\u00e3o da Reatech marcou um novo cap\u00edtulo na hist\u00f3ria do maior evento de inclus\u00e3o, acessibilidade e reabilita\u00e7\u00e3o da Am\u00e9rica Latina, refor\u00e7ada pela parceria com o Comit\u00ea Paral\u00edmpico Brasileiro (CPB) na realiza\u00e7\u00e3o da 1\u00aa edi\u00e7\u00e3o da Expo Brasil Paral\u00edmpico. Juntas, as feiras reuniram 31.765 mil visitantes no S\u00e3o Paulo Expo, entre os dias 20 e 23 de novembro.<\/p>\n\t\t<\/div>\n\t\t\n\t\t<a class=\"elementor-post__read-more\" href=\"https:\/\/reatechbrasil.com.br\/16\/transformacao-social-e-acessibilidade-marcam-a-reatech-expo-brasil-paralimpico-2024\/\" aria-label=\"Read more about Transforma\u00e7\u00e3o social e acessibilidade marcam a Reatech + Expo Brasil Paral\u00edmpico 2024\" >\n\t\t\tLEIA MAIS \u00bb\t\t<\/a>\n\n\t\t\t\t<\/div>\n\t\t\t\t<div class=\"elementor-post__meta-data\">\n\t\t\t\t\t<span class=\"elementor-post-date\">\n\t\t\tnovembro 28, 2024\t\t<\/span>\n\t\t\t\t<span class=\"elementor-post-avatar\">\n\t\t\tNenhum coment\u00e1rio\t\t<\/span>\n\t\t\t\t<\/div>\n\t\t\t\t\t<\/div>\n\t\t<\/article>\n\t\t\t\t<article class=\"elementor-post elementor-grid-item post-17548 post type-post status-publish format-standard has-post-thumbnail hentry category-releases-2024\">\n\t\t\t<div class=\"elementor-post__card\">\n\t\t\t\t<a class=\"elementor-post__thumbnail__link\" href=\"https:\/\/reatechbrasil.com.br\/16\/gestao-precisa-de-metricas-confiaveis-afirma-fundador-do-instituto-olga-kos\/\" ><div class=\"elementor-post__thumbnail\"><img width=\"320\" height=\"213\" src=\"https:\/\/reatechbrasil.com.br\/16\/wp-content\/uploads\/2024\/11\/WhatsApp-Image-2024-11-27-at-14.57.29-320x213.jpeg\" class=\"attachment-medium size-medium wp-image-17549\" alt=\"\" loading=\"lazy\" srcset=\"https:\/\/reatechbrasil.com.br\/16\/wp-content\/uploads\/2024\/11\/WhatsApp-Image-2024-11-27-at-14.57.29-320x213.jpeg 320w, https:\/\/reatechbrasil.com.br\/16\/wp-content\/uploads\/2024\/11\/WhatsApp-Image-2024-11-27-at-14.57.29-1200x800.jpeg 1200w, https:\/\/reatechbrasil.com.br\/16\/wp-content\/uploads\/2024\/11\/WhatsApp-Image-2024-11-27-at-14.57.29-768x512.jpeg 768w, https:\/\/reatechbrasil.com.br\/16\/wp-content\/uploads\/2024\/11\/WhatsApp-Image-2024-11-27-at-14.57.29-1536x1023.jpeg 1536w, https:\/\/reatechbrasil.com.br\/16\/wp-content\/uploads\/2024\/11\/WhatsApp-Image-2024-11-27-at-14.57.29-540x360.jpeg 540w, https:\/\/reatechbrasil.com.br\/16\/wp-content\/uploads\/2024\/11\/WhatsApp-Image-2024-11-27-at-14.57.29.jpeg 1600w\" sizes=\"(max-width: 320px) 100vw, 320px\" \/><\/div><\/a>\n\t\t\t\t<div class=\"elementor-post__badge\">Press Releases 2024<\/div>\n\t\t\t\t<div class=\"elementor-post__text\">\n\t\t\t\t<h3 class=\"elementor-post__title\">\n\t\t\t<a href=\"https:\/\/reatechbrasil.com.br\/16\/gestao-precisa-de-metricas-confiaveis-afirma-fundador-do-instituto-olga-kos\/\" >\n\t\t\t\t\u2018Gest\u00e3o precisa de m\u00e9tricas confi\u00e1veis\u2019, afirma fundador do Instituto Olga Kos\t\t\t<\/a>\n\t\t<\/h3>\n\t\t\t\t<div class=\"elementor-post__excerpt\">\n\t\t\t<p>Na tarde deste s\u00e1bado (23), a Reashow &#8211; Semin\u00e1rio dos Expositores recebeu o Dr. Wolf Kos, fundador do Instituto Olga Kos (IOK), para falar sobre com o tema \u201cS\u00f3 faz gest\u00e3o quem mede. Quem n\u00e3o mede n\u00e3o faz gest\u00e3o\u201d, durante a 19\u00aa Feira Internacional de Inclus\u00e3o, Acessibilidade e Reabilita\u00e7\u00e3o, no S\u00e3o Paulo Expo.<\/p>\n\t\t<\/div>\n\t\t\n\t\t<a class=\"elementor-post__read-more\" href=\"https:\/\/reatechbrasil.com.br\/16\/gestao-precisa-de-metricas-confiaveis-afirma-fundador-do-instituto-olga-kos\/\" aria-label=\"Read more about \u2018Gest\u00e3o precisa de m\u00e9tricas confi\u00e1veis\u2019, afirma fundador do Instituto Olga Kos\" >\n\t\t\tLEIA MAIS \u00bb\t\t<\/a>\n\n\t\t\t\t<\/div>\n\t\t\t\t<div class=\"elementor-post__meta-data\">\n\t\t\t\t\t<span class=\"elementor-post-date\">\n\t\t\tnovembro 24, 2024\t\t<\/span>\n\t\t\t\t<span class=\"elementor-post-avatar\">\n\t\t\tNenhum coment\u00e1rio\t\t<\/span>\n\t\t\t\t<\/div>\n\t\t\t\t\t<\/div>\n\t\t<\/article>\n\t\t\t\t<article class=\"elementor-post elementor-grid-item post-17491 post type-post status-publish format-standard has-post-thumbnail hentry category-releases-2024\">\n\t\t\t<div class=\"elementor-post__card\">\n\t\t\t\t<a class=\"elementor-post__thumbnail__link\" href=\"https:\/\/reatechbrasil.com.br\/16\/equipamentos-avancados-oferecem-seguranca-e-conforto-para-pessoas-com-deficiencia\/\" ><div class=\"elementor-post__thumbnail\"><img width=\"320\" height=\"213\" src=\"https:\/\/reatechbrasil.com.br\/16\/wp-content\/uploads\/2024\/11\/REATECH_21112024_11h__TF19931-320x213.jpg\" class=\"attachment-medium size-medium wp-image-17495\" alt=\"\" loading=\"lazy\" srcset=\"https:\/\/reatechbrasil.com.br\/16\/wp-content\/uploads\/2024\/11\/REATECH_21112024_11h__TF19931-320x213.jpg 320w, https:\/\/reatechbrasil.com.br\/16\/wp-content\/uploads\/2024\/11\/REATECH_21112024_11h__TF19931-1200x800.jpg 1200w, https:\/\/reatechbrasil.com.br\/16\/wp-content\/uploads\/2024\/11\/REATECH_21112024_11h__TF19931-768x512.jpg 768w, https:\/\/reatechbrasil.com.br\/16\/wp-content\/uploads\/2024\/11\/REATECH_21112024_11h__TF19931-1536x1024.jpg 1536w, https:\/\/reatechbrasil.com.br\/16\/wp-content\/uploads\/2024\/11\/REATECH_21112024_11h__TF19931-540x360.jpg 540w, https:\/\/reatechbrasil.com.br\/16\/wp-content\/uploads\/2024\/11\/REATECH_21112024_11h__TF19931.jpg 2000w\" sizes=\"(max-width: 320px) 100vw, 320px\" \/><\/div><\/a>\n\t\t\t\t<div class=\"elementor-post__badge\">Press Releases 2024<\/div>\n\t\t\t\t<div class=\"elementor-post__text\">\n\t\t\t\t<h3 class=\"elementor-post__title\">\n\t\t\t<a href=\"https:\/\/reatechbrasil.com.br\/16\/equipamentos-avancados-oferecem-seguranca-e-conforto-para-pessoas-com-deficiencia\/\" >\n\t\t\t\tEquipamentos avan\u00e7ados oferecem seguran\u00e7a e conforto para pessoas com defici\u00eancia\t\t\t<\/a>\n\t\t<\/h3>\n\t\t\t\t<div class=\"elementor-post__excerpt\">\n\t\t\t<p>Entre as solu\u00e7\u00f5es em mobilidade apresentadas pela Casa Ortop\u00e9dica na Reatech 2024, destaca-se a cadeira motorizada Spacemed. O equipamento possui condu\u00e7\u00e3o via Bluetooth, que permite\u00a0 a dire\u00e7\u00e3o de forma segura, por\u00a0 outra pessoa al\u00e9m do condutor, em caso de idosos e pessoas com paralisia cerebral.<\/p>\n\t\t<\/div>\n\t\t\n\t\t<a class=\"elementor-post__read-more\" href=\"https:\/\/reatechbrasil.com.br\/16\/equipamentos-avancados-oferecem-seguranca-e-conforto-para-pessoas-com-deficiencia\/\" aria-label=\"Read more about Equipamentos avan\u00e7ados oferecem seguran\u00e7a e conforto para pessoas com defici\u00eancia\" >\n\t\t\tLEIA MAIS \u00bb\t\t<\/a>\n\n\t\t\t\t<\/div>\n\t\t\t\t<div class=\"elementor-post__meta-data\">\n\t\t\t\t\t<span class=\"elementor-post-date\">\n\t\t\tnovembro 23, 2024\t\t<\/span>\n\t\t\t\t<span class=\"elementor-post-avatar\">\n\t\t\tNenhum coment\u00e1rio\t\t<\/span>\n\t\t\t\t<\/div>\n\t\t\t\t\t<\/div>\n\t\t<\/article>\n\t\t\t\t<article class=\"elementor-post elementor-grid-item post-17488 post type-post status-publish format-standard has-post-thumbnail hentry category-releases-2024\">\n\t\t\t<div class=\"elementor-post__card\">\n\t\t\t\t<a class=\"elementor-post__thumbnail__link\" href=\"https:\/\/reatechbrasil.com.br\/16\/atendimento-publico-em-equoterapia-envolve-tecnica-e-politica\/\" ><div class=\"elementor-post__thumbnail\"><img width=\"320\" height=\"213\" src=\"https:\/\/reatechbrasil.com.br\/16\/wp-content\/uploads\/2024\/11\/REATECH_21112024_16h_GB_00225-320x213.jpg\" class=\"attachment-medium size-medium wp-image-17489\" alt=\"\" loading=\"lazy\" srcset=\"https:\/\/reatechbrasil.com.br\/16\/wp-content\/uploads\/2024\/11\/REATECH_21112024_16h_GB_00225-320x213.jpg 320w, https:\/\/reatechbrasil.com.br\/16\/wp-content\/uploads\/2024\/11\/REATECH_21112024_16h_GB_00225-1200x800.jpg 1200w, https:\/\/reatechbrasil.com.br\/16\/wp-content\/uploads\/2024\/11\/REATECH_21112024_16h_GB_00225-768x512.jpg 768w, https:\/\/reatechbrasil.com.br\/16\/wp-content\/uploads\/2024\/11\/REATECH_21112024_16h_GB_00225-1536x1024.jpg 1536w, https:\/\/reatechbrasil.com.br\/16\/wp-content\/uploads\/2024\/11\/REATECH_21112024_16h_GB_00225-540x360.jpg 540w, https:\/\/reatechbrasil.com.br\/16\/wp-content\/uploads\/2024\/11\/REATECH_21112024_16h_GB_00225.jpg 2000w\" sizes=\"(max-width: 320px) 100vw, 320px\" \/><\/div><\/a>\n\t\t\t\t<div class=\"elementor-post__badge\">Press Releases 2024<\/div>\n\t\t\t\t<div class=\"elementor-post__text\">\n\t\t\t\t<h3 class=\"elementor-post__title\">\n\t\t\t<a href=\"https:\/\/reatechbrasil.com.br\/16\/atendimento-publico-em-equoterapia-envolve-tecnica-e-politica\/\" >\n\t\t\t\tAtendimento p\u00fablico em equoterapia envolve t\u00e9cnica e pol\u00edtica\t\t\t<\/a>\n\t\t<\/h3>\n\t\t\t\t<div class=\"elementor-post__excerpt\">\n\t\t\t<p>Os centros de equoterapia que atendem o setor p\u00fablico precisam documentar todo o trabalho. O alerta \u00e9 da psicopedagoga especializada em equoterapia, Eliana Baatsch, que falou sobre pol\u00edticas p\u00fablicas durante sua palestra na Reatech 2024.<\/p>\n\t\t<\/div>\n\t\t\n\t\t<a class=\"elementor-post__read-more\" href=\"https:\/\/reatechbrasil.com.br\/16\/atendimento-publico-em-equoterapia-envolve-tecnica-e-politica\/\" aria-label=\"Read more about Atendimento p\u00fablico em equoterapia envolve t\u00e9cnica e pol\u00edtica\" >\n\t\t\tLEIA MAIS \u00bb\t\t<\/a>\n\n\t\t\t\t<\/div>\n\t\t\t\t<div class=\"elementor-post__meta-data\">\n\t\t\t\t\t<span class=\"elementor-post-date\">\n\t\t\tnovembro 23, 2024\t\t<\/span>\n\t\t\t\t<span class=\"elementor-post-avatar\">\n\t\t\tNenhum coment\u00e1rio\t\t<\/span>\n\t\t\t\t<\/div>\n\t\t\t\t\t<\/div>\n\t\t<\/article>\n\t\t\t\t<article class=\"elementor-post elementor-grid-item post-17482 post type-post status-publish format-standard has-post-thumbnail hentry category-releases-2024\">\n\t\t\t<div class=\"elementor-post__card\">\n\t\t\t\t<a class=\"elementor-post__thumbnail__link\" href=\"https:\/\/reatechbrasil.com.br\/16\/lei-que-inclui-equoterapia-no-sus-tramita-no-senado\/\" ><div class=\"elementor-post__thumbnail\"><img width=\"320\" height=\"213\" src=\"https:\/\/reatechbrasil.com.br\/16\/wp-content\/uploads\/2024\/11\/REATECH_23112024_10h__RMQ8985-320x213.jpg\" class=\"attachment-medium size-medium wp-image-17483\" alt=\"\" loading=\"lazy\" srcset=\"https:\/\/reatechbrasil.com.br\/16\/wp-content\/uploads\/2024\/11\/REATECH_23112024_10h__RMQ8985-320x213.jpg 320w, https:\/\/reatechbrasil.com.br\/16\/wp-content\/uploads\/2024\/11\/REATECH_23112024_10h__RMQ8985-1200x800.jpg 1200w, https:\/\/reatechbrasil.com.br\/16\/wp-content\/uploads\/2024\/11\/REATECH_23112024_10h__RMQ8985-768x512.jpg 768w, https:\/\/reatechbrasil.com.br\/16\/wp-content\/uploads\/2024\/11\/REATECH_23112024_10h__RMQ8985-1536x1024.jpg 1536w, https:\/\/reatechbrasil.com.br\/16\/wp-content\/uploads\/2024\/11\/REATECH_23112024_10h__RMQ8985-540x360.jpg 540w, https:\/\/reatechbrasil.com.br\/16\/wp-content\/uploads\/2024\/11\/REATECH_23112024_10h__RMQ8985.jpg 2000w\" sizes=\"(max-width: 320px) 100vw, 320px\" \/><\/div><\/a>\n\t\t\t\t<div class=\"elementor-post__badge\">Press Releases 2024<\/div>\n\t\t\t\t<div class=\"elementor-post__text\">\n\t\t\t\t<h3 class=\"elementor-post__title\">\n\t\t\t<a href=\"https:\/\/reatechbrasil.com.br\/16\/lei-que-inclui-equoterapia-no-sus-tramita-no-senado\/\" >\n\t\t\t\tLei que inclui equoterapia no SUS tramita no Senado\t\t\t<\/a>\n\t\t<\/h3>\n\t\t\t\t<div class=\"elementor-post__excerpt\">\n\t\t\t<p>A equoterapia como m\u00e9todo de reabilita\u00e7\u00e3o no atendimento de pessoas com defici\u00eancia foi reconhecida em 2019 com a aprova\u00e7\u00e3o de lei no Congresso Nacional e san\u00e7\u00e3o presidencial. Agora, a Associa\u00e7\u00e3o Nacional de Equoterapia &#8211; ANDE atua para que ela seja inclu\u00edda no Sistema \u00danico de Sa\u00fade &#8211; SUS.<\/p>\n\t\t<\/div>\n\t\t\n\t\t<a class=\"elementor-post__read-more\" href=\"https:\/\/reatechbrasil.com.br\/16\/lei-que-inclui-equoterapia-no-sus-tramita-no-senado\/\" aria-label=\"Read more about Lei que inclui equoterapia no SUS tramita no Senado\" >\n\t\t\tLEIA MAIS \u00bb\t\t<\/a>\n\n\t\t\t\t<\/div>\n\t\t\t\t<div class=\"elementor-post__meta-data\">\n\t\t\t\t\t<span class=\"elementor-post-date\">\n\t\t\tnovembro 23, 2024\t\t<\/span>\n\t\t\t\t<span class=\"elementor-post-avatar\">\n\t\t\tNenhum coment\u00e1rio\t\t<\/span>\n\t\t\t\t<\/div>\n\t\t\t\t\t<\/div>\n\t\t<\/article>\n\t\t\t\t<article class=\"elementor-post elementor-grid-item post-17480 post type-post status-publish format-standard has-post-thumbnail hentry category-releases-2024\">\n\t\t\t<div class=\"elementor-post__card\">\n\t\t\t\t<a class=\"elementor-post__thumbnail__link\" href=\"https:\/\/reatechbrasil.com.br\/16\/capacitismo-comeca-na-nossa-luta-interna-diz-ministro-do-tst-no-painel-de-encerramento-do-congresso-reatech-2\/\" ><div class=\"elementor-post__thumbnail\"><img width=\"320\" height=\"213\" src=\"https:\/\/reatechbrasil.com.br\/16\/wp-content\/uploads\/2024\/11\/REATECH_21112024_15h_INDY0714-320x213.jpg\" class=\"attachment-medium size-medium wp-image-17408\" alt=\"\" loading=\"lazy\" srcset=\"https:\/\/reatechbrasil.com.br\/16\/wp-content\/uploads\/2024\/11\/REATECH_21112024_15h_INDY0714-320x213.jpg 320w, https:\/\/reatechbrasil.com.br\/16\/wp-content\/uploads\/2024\/11\/REATECH_21112024_15h_INDY0714-1200x800.jpg 1200w, https:\/\/reatechbrasil.com.br\/16\/wp-content\/uploads\/2024\/11\/REATECH_21112024_15h_INDY0714-768x512.jpg 768w, https:\/\/reatechbrasil.com.br\/16\/wp-content\/uploads\/2024\/11\/REATECH_21112024_15h_INDY0714-1536x1024.jpg 1536w, https:\/\/reatechbrasil.com.br\/16\/wp-content\/uploads\/2024\/11\/REATECH_21112024_15h_INDY0714-540x360.jpg 540w, https:\/\/reatechbrasil.com.br\/16\/wp-content\/uploads\/2024\/11\/REATECH_21112024_15h_INDY0714.jpg 2000w\" sizes=\"(max-width: 320px) 100vw, 320px\" \/><\/div><\/a>\n\t\t\t\t<div class=\"elementor-post__badge\">Press Releases 2024<\/div>\n\t\t\t\t<div class=\"elementor-post__text\">\n\t\t\t\t<h3 class=\"elementor-post__title\">\n\t\t\t<a href=\"https:\/\/reatechbrasil.com.br\/16\/capacitismo-comeca-na-nossa-luta-interna-diz-ministro-do-tst-no-painel-de-encerramento-do-congresso-reatech-2\/\" >\n\t\t\t\t\u2018Capacitismo come\u00e7a na nossa luta interna\u2019, diz ministro do TST no painel de encerramento do Congresso Reatech\t\t\t<\/a>\n\t\t<\/h3>\n\t\t\t\t<div class=\"elementor-post__excerpt\">\n\t\t\t<p>O respeito \u00e0s diferen\u00e7as na sociedade s\u00f3 ser\u00e1 conquistado a partir da reflex\u00e3o e da a\u00e7\u00e3o individual de cada um de seus membros. \u00c9 com essa li\u00e7\u00e3o que Cl\u00e1udio Mascarenhas Brand\u00e3o, ministro do Tribunal Superior do Trabalho (TST), encerrou o segundo e \u00faltimo dia do Congresso Reatech 2024.<\/p>\n\t\t<\/div>\n\t\t\n\t\t<a class=\"elementor-post__read-more\" href=\"https:\/\/reatechbrasil.com.br\/16\/capacitismo-comeca-na-nossa-luta-interna-diz-ministro-do-tst-no-painel-de-encerramento-do-congresso-reatech-2\/\" aria-label=\"Read more about \u2018Capacitismo come\u00e7a na nossa luta interna\u2019, diz ministro do TST no painel de encerramento do Congresso Reatech\" >\n\t\t\tLEIA MAIS \u00bb\t\t<\/a>\n\n\t\t\t\t<\/div>\n\t\t\t\t<div class=\"elementor-post__meta-data\">\n\t\t\t\t\t<span class=\"elementor-post-date\">\n\t\t\tnovembro 23, 2024\t\t<\/span>\n\t\t\t\t<span class=\"elementor-post-avatar\">\n\t\t\tNenhum coment\u00e1rio\t\t<\/span>\n\t\t\t\t<\/div>\n\t\t\t\t\t<\/div>\n\t\t<\/article>\n\t\t\t\t<\/div>\n\t\t\n\t\t\t\t<div class=\"e-load-more-anchor\" data-page=\"1\" data-max-page=\"6\" data-next-page=\"https:\/\/reatechbrasil.com.br\/16\/wp-json\/wp\/v2\/pages\/16274\/page\/2\/\"><\/div>\n\t\t\t\t<nav class=\"elementor-pagination\" aria-label=\"Pagination\">\n\t\t\t<span class=\"page-numbers prev\">&laquo; Previous<\/span>\n<span aria-current=\"page\" class=\"page-numbers current\"><span class=\"elementor-screen-only\">Page<\/span>1<\/span>\n<a class=\"page-numbers\" href=\"https:\/\/reatechbrasil.com.br\/16\/wp-json\/wp\/v2\/pages\/16274\/page\/2\/\"><span class=\"elementor-screen-only\">Page<\/span>2<\/a>\n<a class=\"page-numbers\" href=\"https:\/\/reatechbrasil.com.br\/16\/wp-json\/wp\/v2\/pages\/16274\/page\/3\/\"><span class=\"elementor-screen-only\">Page<\/span>3<\/a>\n<a class=\"page-numbers\" href=\"https:\/\/reatechbrasil.com.br\/16\/wp-json\/wp\/v2\/pages\/16274\/page\/4\/\"><span class=\"elementor-screen-only\">Page<\/span>4<\/a>\n<a class=\"page-numbers\" href=\"https:\/\/reatechbrasil.com.br\/16\/wp-json\/wp\/v2\/pages\/16274\/page\/5\/\"><span class=\"elementor-screen-only\">Page<\/span>5<\/a>\n<a class=\"page-numbers\" href=\"https:\/\/reatechbrasil.com.br\/16\/wp-json\/wp\/v2\/pages\/16274\/page\/6\/\"><span class=\"elementor-screen-only\">Page<\/span>6<\/a>\n<a class=\"page-numbers next\" href=\"https:\/\/reatechbrasil.com.br\/16\/wp-json\/wp\/v2\/pages\/16274\/page\/2\/\">Next &raquo;<\/a>\t\t<\/nav>\n\t\t\t\t<\/div>\n\t\t\t\t<\/div>\n\t\t\t\t\t\t<\/div>\n\t\t\t\t\t<\/div>\n\t\t<\/div>\n\t\t\t\t\t\t\t\t<\/div>\n\t\t\t\t\t<\/div>\n\t\t<\/section>\n\t\t\t\t\t\t\t\t\t<\/div>\n\t\t\t<\/div>\n\t\t\t\t\t<\/div>\n\t\t","protected":false},"excerpt":{"rendered":"<p>Press Releases 2024<\/p>\n","protected":false},"author":3,"featured_media":0,"parent":0,"menu_order":0,"comment_status":"closed","ping_status":"closed","template":"","meta":{"om_disable_all_campaigns":false,"_monsterinsights_skip_tracking":false,"_monsterinsights_sitenote_active":false,"_monsterinsights_sitenote_note":"","_monsterinsights_sitenote_category":0},"aioseo_notices":[],"_links":{"self":[{"href":"https:\/\/reatechbrasil.com.br\/16\/wp-json\/wp\/v2\/pages\/16274"}],"collection":[{"href":"https:\/\/reatechbrasil.com.br\/16\/wp-json\/wp\/v2\/pages"}],"about":[{"href":"https:\/\/reatechbrasil.com.br\/16\/wp-json\/wp\/v2\/types\/page"}],"author":[{"embeddable":true,"href":"https:\/\/reatechbrasil.com.br\/16\/wp-json\/wp\/v2\/users\/3"}],"replies":[{"embeddable":true,"href":"https:\/\/reatechbrasil.com.br\/16\/wp-json\/wp\/v2\/comments?post=16274"}],"version-history":[{"count":10,"href":"https:\/\/reatechbrasil.com.br\/16\/wp-json\/wp\/v2\/pages\/16274\/revisions"}],"predecessor-version":[{"id":17233,"href":"https:\/\/reatechbrasil.com.br\/16\/wp-json\/wp\/v2\/pages\/16274\/revisions\/17233"}],"wp:attachment":[{"href":"https:\/\/reatechbrasil.com.br\/16\/wp-json\/wp\/v2\/media?parent=16274"}],"curies":[{"name":"wp","href":"https:\/\/api.w.org\/{rel}","templated":true}]}}