{"id":2105,"date":"2017-07-10T17:56:16","date_gmt":"2017-07-10T20:56:16","guid":{"rendered":"http:\/\/reatechbrasil.com.br\/16\/?page_id=2105"},"modified":"2017-07-11T12:10:16","modified_gmt":"2017-07-11T15:10:16","slug":"download-palestras-workshop-equoterapia-2017","status":"publish","type":"page","link":"https:\/\/reatechbrasil.com.br\/16\/download-palestras-workshop-equoterapia-2017\/","title":{"rendered":"Download \u2013 Palestras Workshop Equoterapia 2017"},"content":{"rendered":"<p><meta http-equiv=\"Content-Type\" content=\"text\/html; charset=UTF-8\"><br \/>\n<?php\ninclude \"..\/17\/download\/config.php\";\n\/\/header(\"Content-Type: text\/html; charset=ISO-8859-1\", true);\n$evento = 'Equoterapia';\n\nif($_GET['logout'] != \"\")\n{\n\t\/\/ Destroi todas as sess\u00f5es\n\tsession_destroy();\n}\n\nsession_start(\"nome\");\n\/\/$_SESSION['nome'] = utf8_encode($consulta['nome']);\n\/\/echo $_SESSION['nome'];\nif($_SESSION['nome'] != \"\")\n{\n\t$sqlpalestras = \"SELECT * FROM palestras WHERE evento = '$evento' ORDER BY data ASC\"; \n\t$resultpalestras = mysql_query($sqlpalestras, $conecta); \n\t\n\tprint \"\n\n<p>As palestras do <strong>Workshop Equoterapia &#8211; Workshop Te\u00f3rico e Pr\u00e1tico de Equoterapia &#8211; 2017<\/strong> est\u00e3o dispon\u00edveis para <strong>download<\/strong>.<\/p>\n<p>&#8220;;<br \/>\n  \tprint &#8220;<\/p>\n<p><strong>OBS.:<\/strong> O conte\u00fado e as imagens das palestras s\u00e3o de propriedade intelectual das empresas e n\u00e3o podem ser reproduzidos sem autoriza\u00e7\u00e3o expressa dos autores.<\/p>\n<p>&#8220;;<\/p>\n<p>\tif($consultapalestras = mysql_fetch_array($resultpalestras))<br \/>\n\t{<br \/>\n\t\twhile($consultapalestras = mysql_fetch_array($resultpalestras)) {<br \/>\n\t\t\tmysql_data_seek($consultapalestras, 0);<br \/>\n\t\t\t\/\/ Escreve o resultado encontrado na base de dados<br \/>\n\t\t\tif($data_anterior == &#8220;&#8221;)<br \/>\n\t\t\t{<br \/>\n\t\t\t\t$data = date_format(new DateTime($consultapalestras[&#8216;data&#8217;]), &#8220;d\/m&#8221;);<br \/>\n\t\t\t\tprint &#8220;<\/p>\n<h3><strong>$data<\/strong><\/h3>\n<p>&#8220;;<br \/>\n\t\t\t} elseif($consultapalestras[&#8216;data&#8217;] != $data_anterior){<br \/>\n\t\t\t\t$data = date_format(new DateTime($consultapalestras[&#8216;data&#8217;]), &#8220;d\/m&#8221;);<br \/>\n\t\t\t\tprint &#8220;<\/p>\n<h3><strong>$data<\/strong><\/h3>\n<p>&#8220;;<br \/>\n\t\t\t}<br \/>\n\t\t\tprint &#8220;<\/p>\n<table>\n<tr>\n<td>&#8220;;<br \/>\n\t\t\tprint &#8220;<\/p>\n<div style='width: 30%; float: left; padding: 10px;'>&#8220;;<br \/>\n\t\t\tprint &#8220;<img class='alignnone size-full wp-image-1105' src='$consultapalestras[imagem]' width='100%' \/>&#8220;;<br \/>\n\t\t\tprint &#8220;<\/div>\n<p>&#8220;;<br \/>\n\t\t\tprint &#8220;<\/p>\n<div style='width: 70%; float: left; padding: 10px;'>&#8220;;<br \/>\n\t\t\tprint &#8220;<\/p>\n<p><strong>&#8221; . utf8_encode($consultapalestras[&#8216;titulo&#8217;]) . &#8220;<\/strong><\/p>\n<p>&#8220;;<br \/>\n\t\t\tprint &#8220;<\/p>\n<p><strong>Palestrante(s):<\/strong> &#8221; . utf8_encode($consultapalestras[&#8216;palestrantes&#8217;]) . &#8220;<\/p>\n<p>&#8220;;<br \/>\n\t\t\tprint &#8220;<\/p>\n<p style='height:35;'><a href='$consultapalestras[arquivo]' target='_blank'><img title='Donwload' src='http:\/\/www.reatech.tmp.br\/17\/download\/bt_download.png' alt='Donwload' \/><\/a><\/p>\n<p>&#8220;;<br \/>\n\t\t\tprint &#8220;<\/p><\/div>\n<p>&#8220;;<br \/>\n\t\t\tprint &#8220;<\/p><\/div>\n<p>&#8220;;<br \/>\n\t\t\tprint &#8220;<\/td>\n<\/tr>\n<\/table>\n<p>&#8220;;<br \/>\n\t\t\t$data_anterior = $consultapalestras[&#8216;data&#8217;];<br \/>\n\t\t}<br \/>\n\t}<br \/>\n\telse<br \/>\n\t{<br \/>\n\t\tprint &#8220;N\u00e3o h\u00e1 palestras cadastradas para download.&#8221;;<br \/>\n\t}<br \/>\n} else {<\/p>\n<p>\tif($_POST[&#8216;txt_cpf&#8217;] != &#8220;&#8221;)<br \/>\n\t{<br \/>\n\t\t$txt_cpf = $_POST[&#8216;txt_cpf&#8217;];<br \/>\n\t\t$txt_senha = $_POST[&#8216;txt_senha&#8217;];<\/p>\n<p>\t\t\/\/print &#8220;<\/p>\n<p>As palestras do <strong>7\u00ba Ecoenergy | Feira e Congresso de Tecnologias Limpas e Renov\u00e1veis para a Gera\u00e7\u00e3o de Energia<\/strong> est\u00e3o dispon\u00edveis para <strong>download<\/strong>.<\/p>\n<p>&#8220;;<br \/>\n  \t\t\/\/print &#8220;<\/p>\n<p><strong>OBS.:<\/strong> O conte\u00fado e as imagens das palestras s\u00e3o de propriedade intelectual das empresas e n\u00e3o podem ser reproduzidos sem autoriza\u00e7\u00e3o expressa dos autores.<\/p>\n<p>&#8220;;<\/p>\n<p>\t\t$sql = &#8220;SELECT * FROM participantes WHERE evento = &#8216;$evento&#8217; AND cpf = $txt_cpf AND senha = &#8216;$txt_senha'&#8221;;<\/p>\n<p>\t\t$result = mysql_query($sql, $conecta); <\/p>\n<p>\t\tif($consulta = mysql_fetch_array($result))<br \/>\n\t\t{<br \/>\n\t\t\t$_SESSION[&#8216;nome&#8217;] = utf8_encode($consulta[&#8216;nome&#8217;]);<\/p>\n<p>\t\t\t$sqlpalestras = &#8220;SELECT * FROM palestras WHERE evento = &#8216;$evento&#8217; ORDER BY data ASC&#8221;;<br \/>\n\t\t\t$resultpalestras = mysql_query($sqlpalestras, $conecta); <\/p>\n<p>\t\t\tif($consultapalestras = mysql_fetch_array($resultpalestras))<br \/>\n\t\t\t{<br \/>\n\t\t\t\twhile($consultapalestras = mysql_fetch_array($resultpalestras))<br \/>\n\t\t\t\t{<br \/>\n\t\t\t\t\tmysql_data_seek($consultapalestras, 0);<br \/>\n\t\t\t\t\t\/\/ Escreve o resultado encontrado na base de dados<br \/>\n\t\t\t\t\tif($data_anterior == &#8220;&#8221;)<br \/>\n\t\t\t\t\t{<br \/>\n\t\t\t\t\t\t$data = date_format(new DateTime($consultapalestras[&#8216;data&#8217;]), &#8220;d\/m&#8221;);<br \/>\n\t\t\t\t\t\tprint &#8220;<\/p>\n<h3><strong>$data<\/strong><\/h3>\n<p>&#8220;;<br \/>\n\t\t\t\t\t} elseif($consultapalestras[&#8216;data&#8217;] != $data_anterior){<br \/>\n\t\t\t\t\t\t$data = date_format(new DateTime($consultapalestras[&#8216;data&#8217;]), &#8220;d\/m&#8221;);<br \/>\n\t\t\t\t\t\tprint &#8220;<\/p>\n<h3><strong>$data<\/strong><\/h3>\n<p>&#8220;;<br \/>\n\t\t\t\t\t}<br \/>\n\t\t\t\t\tprint &#8220;<\/p>\n<table>\n<tr>\n<td>&#8220;;<br \/>\n\t\t\t\t\tprint &#8220;<\/p>\n<div style='width: 30%; float: left; padding: 10px;'>&#8220;;<br \/>\n\t\t\t\t\tprint &#8220;<img class='alignnone size-full wp-image-1105' src='$consultapalestras[imagem]' width='100%' \/>&#8220;;<br \/>\n\t\t\t\t\tprint &#8220;<\/div>\n<p>&#8220;;<br \/>\n\t\t\t\t\tprint &#8220;<\/p>\n<div style='width: 70%; float: left; padding: 10px;'>&#8220;;<br \/>\n\t\t\t\t\tprint &#8220;<\/p>\n<p><strong>&#8221; . utf8_encode($consultapalestras[&#8216;titulo&#8217;]) . &#8220;<\/strong><\/p>\n<p>&#8220;;<br \/>\n\t\t\t\t\tprint &#8220;<\/p>\n<p><strong>Palestrante(s):<\/strong> &#8221; . utf8_encode($consultapalestras[&#8216;palestrantes&#8217;]) . &#8220;<\/p>\n<p>&#8220;;<br \/>\n\t\t\t\t\tprint &#8220;<\/p>\n<p style='height:35;'><a href='$consultapalestras[arquivo]' target='_blank'><img title='Donwload' src='http:\/\/www.reatech.tmp.br\/17\/download\/bt_download.png' alt='Donwload' \/><\/a><\/p>\n<p>&#8220;;<br \/>\n\t\t\t\t\tprint &#8220;<\/p><\/div>\n<p>&#8220;;<br \/>\n\t\t\t\t\tprint &#8220;<\/p><\/div>\n<p>&#8220;;<br \/>\n\t\t\t\t\tprint &#8220;<\/td>\n<\/tr>\n<\/table>\n<p>&#8220;;<br \/>\n\t\t\t\t\t$data_anterior = $consultapalestras[&#8216;data&#8217;];<br \/>\n\t\t\t\t}<br \/>\n\t\t\t}<br \/>\n\t\t\telse<br \/>\n\t\t\t{<br \/>\n\t\t\t\tprint &#8220;N\u00e3o h\u00e1 palestras cadastradas para download.&#8221;;<br \/>\n\t\t\t}<br \/>\n\t\t}<br \/>\n\t\telse<br \/>\n\t\t{<br \/>\n\t\t\tprint &#8220;<font color='#C00003'>Dados incorretos ou usu\u00e1rio n\u00e3o cadastrado com o <strong>CPF: &#8221; . $_POST[&#8216;txt_cpf&#8217;] . &#8220;<\/strong>. Tente novamente.<\/font>&#8220;;<br \/>\n\t\t}<br \/>\n\t\tmysql_free_result($result);<br \/>\n\t\tmysql_close($conecta);<br \/>\n\t}<br \/>\n}<\/p>\n<p>if($_SESSION[&#8216;nome&#8217;] == &#8220;&#8221;)<br \/>\n{<br \/>\n?><\/p>\n<p><script language=\"JavaScript\" > \n\t\/\/ Valida\u00e7\u00e3o de Campo\n\tfunction enviardados()\n\t{ \n\t\tif(document.form_pesquisa.txt_cpf.value==\"\" || document.form_pesquisa.txt_cpf.value.length < 11) \n\t\t{ \n\t\t\talert( \"Preencha o campo CPF corretamente!\" ); \n\t\t\tdocument.form_pesquisa.txt_cpf.focus();\n\t\t\treturn false;\n\t\t} \n\t\tif(document.form_pesquisa.txt_senha.value==\"\" || document.form_pesquisa.txt_senha.value.length < 2) \n\t\t{ \n\t\t\talert( \"Preencha o campo Senha corretamente!\" ); \n\t\t\tdocument.form_pesquisa.txt_senha.focus();\n\t\t\treturn false;\n\t\t} \n\treturn true;\n} \n\n\/\/ Valida\u00e7\u00e3o de CPF\nfunction validarCPF(cpf) {  \n    cpf = cpf.replace(\/[^\\d]+\/g,'');    \n    if(cpf == '') return false; \n    \/\/ Elimina CPFs invalidos conhecidos    \n    if (cpf.length != 11 || \n        cpf == \"00000000000\" || \n        cpf == \"11111111111\" || \n        cpf == \"22222222222\" || \n        cpf == \"33333333333\" || \n        cpf == \"44444444444\" || \n        cpf == \"55555555555\" || \n        cpf == \"66666666666\" || \n        cpf == \"77777777777\" || \n        cpf == \"88888888888\" || \n        cpf == \"99999999999\")\n            return false;       \n    \/\/ Valida 1o digito \n    add = 0;    \n    for (i=0; i < 9; i ++)       \n        add += parseInt(cpf.charAt(i)) * (10 - i);  \n        rev = 11 - (add % 11);  \n        if (rev == 10 || rev == 11)     \n            rev = 0;    \n        if (rev != parseInt(cpf.charAt(9)))     \n            return false;       \n    \/\/ Valida 2o digito \n    add = 0;    \n    for (i = 0; i < 10; i ++)        \n        add += parseInt(cpf.charAt(i)) * (11 - i);  \n    rev = 11 - (add % 11);  \n    if (rev == 10 || rev == 11) \n        rev = 0;    \n    if (rev != parseInt(cpf.charAt(10)))\n        return false;       \n    return true;   \n}\n\n<\/script><\/p>\n<div>\n<p>As palestras do <strong>Workshop Equoterapia - Workshop Te\u00f3rico e Pr\u00e1tico de Equoterapia - 2017<\/strong> est\u00e3o dispon\u00edveis para <strong>download<\/strong>.<\/p>\n<p>Preencha os dados abaixo com o seu <strong>CPF<\/strong> e <strong>SENHA<\/strong> (recebida por e-mail) para ter acesso as palestras.<\/p>\n<p><strong>OBS.:<\/strong> O conte\u00fado e as imagens das palestras s\u00e3o de propriedade intelectual das empresas e n\u00e3o podem ser reproduzidos sem autoriza\u00e7\u00e3o expressa dos autores.<\/p>\n<form id=\"form_pesquisa\" name=\"form_pesquisa\" method=\"post\" onSubmit=\"return enviardados();\">\n    <label><strong>Digite seu CPF:<\/strong><\/label><br \/>\n    <input name=\"txt_cpf\" type=\"text\" autofocus required=\"required\" id=\"txt_cpf\" size=\"20\" maxlength=\"11\" onBlur=\"return validarCPF(this);\"><br \/>\n    <br \/>\n    <label><strong>Digite sua Senha:<\/strong><\/label><br \/>\n    <input name=\"txt_senha\" type=\"password\" required=\"required\" id=\"txt_senha\" size=\"20\" maxlength=\"20\"><\/p>\n<p>    <input type=\"submit\" name=\"submit\" id=\"submit\" value=\"Enviar\"><br \/>\n  <\/form>\n<\/div>\n<p><?php } ?><\/p>\n","protected":false},"excerpt":{"rendered":"","protected":false},"author":3,"featured_media":0,"parent":0,"menu_order":0,"comment_status":"closed","ping_status":"closed","template":"","meta":{"om_disable_all_campaigns":false,"_monsterinsights_skip_tracking":false,"_monsterinsights_sitenote_active":false,"_monsterinsights_sitenote_note":"","_monsterinsights_sitenote_category":0},"aioseo_notices":[],"_links":{"self":[{"href":"https:\/\/reatechbrasil.com.br\/16\/wp-json\/wp\/v2\/pages\/2105"}],"collection":[{"href":"https:\/\/reatechbrasil.com.br\/16\/wp-json\/wp\/v2\/pages"}],"about":[{"href":"https:\/\/reatechbrasil.com.br\/16\/wp-json\/wp\/v2\/types\/page"}],"author":[{"embeddable":true,"href":"https:\/\/reatechbrasil.com.br\/16\/wp-json\/wp\/v2\/users\/3"}],"replies":[{"embeddable":true,"href":"https:\/\/reatechbrasil.com.br\/16\/wp-json\/wp\/v2\/comments?post=2105"}],"version-history":[{"count":3,"href":"https:\/\/reatechbrasil.com.br\/16\/wp-json\/wp\/v2\/pages\/2105\/revisions"}],"predecessor-version":[{"id":2117,"href":"https:\/\/reatechbrasil.com.br\/16\/wp-json\/wp\/v2\/pages\/2105\/revisions\/2117"}],"wp:attachment":[{"href":"https:\/\/reatechbrasil.com.br\/16\/wp-json\/wp\/v2\/media?parent=2105"}],"curies":[{"name":"wp","href":"https:\/\/api.w.org\/{rel}","templated":true}]}}