{"id":291,"date":"2015-09-10T17:35:01","date_gmt":"2015-09-10T17:35:01","guid":{"rendered":"http:\/\/exposec.tmp.br\/16\/?page_id=291"},"modified":"2024-02-23T15:03:07","modified_gmt":"2024-02-23T18:03:07","slug":"quem-expoe","status":"publish","type":"page","link":"https:\/\/reatechbrasil.com.br\/16\/quem-expoe\/","title":{"rendered":"Quem Exp\u00f5e"},"content":{"rendered":"<section id=\"bt_section69d657a1ec9c5\"  class=\"boldSection inherit\" ><div class=\"port\"><div class=\"boldCell\"><div class=\"boldCellInner\"><div class=\"boldRow \" ><div class=\"boldRowInner\"><div class=\"rowItem col-md-12 col-ms-12  btTextCenter inherit\"  ><div class=\"rowItemContent\" ><div class=\"bpgPhoto btTextCenter\" ><div class = \"btImage\"><img src=\"https:\/\/reatechbrasil.com.br\/16\/wp-content\/uploads\/2020\/07\/img-reserve-seu-estande-reatech.jpg\" alt=\"Reserve seu Estande Reatech Brasil\" ><\/div><\/div><div class=\"bt_bb_separator_v2 bt_bb_border_style_none bt_bb_top_spacing_medium bt_bb_icon_size_normal bt_bb_text_size_normal bt_bb_separator_v2_without_content\" data-bt-override-class=\"null\"><div class=\"bt_bb_separator_v2_inner\"><span class=\"bt_bb_separator_v2_inner_before\"><\/span><span class=\"bt_bb_separator_v2_inner_content\"><span  data-ico-=\"\" class=\"bt_bb_icon_holder\"><\/span><\/span><span class=\"bt_bb_separator_v2_inner_after\"><\/span><\/div><\/div><header class=\"header btClear large btDash bottomDash  btNormalDash\" ><div class=\"dash\"><h2><span class=\"headline\">Quem Exp\u00f5e na <b class=\"animate\">Reatech Brasil<\/b><\/span><\/h2><\/div><\/header><div class=\"btClear btSeparator bottomSmallSpaced noBorder\" ><hr><\/div><\/div><\/div><\/div><\/div><\/div><\/div><\/div><\/section><section id=\"bt_section69d657a1ed141\"  class=\"boldSection gutter inherit\" style=\"font-size:17px;\"><div class=\"port\"><div class=\"boldCell\"><div class=\"boldCellInner\"><div class=\"boldRow \" ><div class=\"boldRowInner\"><div class=\"rowItem col-md-12 col-ms-12  btTextCenter inherit\"  ><div class=\"rowItemContent\" ><div class=\"bt_bb_separator_v2 bt_bb_border_style_none bt_bb_top_spacing_normal bt_bb_icon_size_normal bt_bb_text_size_normal bt_bb_separator_v2_without_content\" data-bt-override-class=\"null\"><div class=\"bt_bb_separator_v2_inner\"><span class=\"bt_bb_separator_v2_inner_before\"><\/span><span class=\"bt_bb_separator_v2_inner_content\"><span  data-ico-=\"\" class=\"bt_bb_icon_holder\"><\/span><\/span><span class=\"bt_bb_separator_v2_inner_after\"><\/span><\/div><\/div><header class=\"header btClear medium  btNormalDash\" ><div class=\"dash\"><h3><span class=\"headline\">Segmentos da Ind\u00fastria de Inclus\u00e3o, Acessibilidade e Reabilita\u00e7\u00e3o:<\/span><\/h3><\/div><\/header><div class=\"bt_bb_separator_v2 bt_bb_border_style_none bt_bb_top_spacing_normal bt_bb_icon_size_normal bt_bb_text_size_normal bt_bb_separator_v2_without_content\" data-bt-override-class=\"null\"><div class=\"bt_bb_separator_v2_inner\"><span class=\"bt_bb_separator_v2_inner_before\"><\/span><span class=\"bt_bb_separator_v2_inner_content\"><span  data-ico-=\"\" class=\"bt_bb_icon_holder\"><\/span><\/span><span class=\"bt_bb_separator_v2_inner_after\"><\/span><\/div><\/div><\/div><\/div><\/div><\/div><div class=\"boldRow \" style=\"font-size: 17px;\"><div class=\"boldRowInner\"><div class=\"rowItem col-md-6 col-sm-12 btTextLeft inherit\"  ><div class=\"rowItemContent\" ><div class=\"btText\" ><ul>\n<li>Acessibilidade<\/li>\n<li>Adapta\u00e7\u00f5es<\/li>\n<li>Ag\u00eancias de Emprego<\/li>\n<li>Animais Treinados<\/li>\n<li>Aparelhos Auditivos<\/li>\n<li>Aparelhos e Equipamentos Especiais<\/li>\n<li>Avalia\u00e7\u00e3o F\u00edsica<\/li>\n<li>Bancos e Institui\u00e7\u00f5es Financeiras<\/li>\n<li>Cadeiras de Rodas<\/li>\n<li>Days Hospitais<\/li>\n<li>Departamentos de RH<\/li>\n<li>Distribuidores de Produtos<\/li>\n<li>Educa\u00e7\u00e3o, Aprendizado e Treinamento<\/li>\n<li>Entidades P\u00fablicas e Privadas<\/li>\n<\/ul>\n<\/div><div class=\"bt_bb_separator_v2 bt_bb_border_style_none bt_bb_top_spacing_normal bt_bb_icon_size_normal bt_bb_text_size_normal bt_bb_separator_v2_without_content\" data-bt-override-class=\"null\"><div class=\"bt_bb_separator_v2_inner\"><span class=\"bt_bb_separator_v2_inner_before\"><\/span><span class=\"bt_bb_separator_v2_inner_content\"><span  data-ico-=\"\" class=\"bt_bb_icon_holder\"><\/span><\/span><span class=\"bt_bb_separator_v2_inner_after\"><\/span><\/div><\/div><\/div><\/div><div class=\"rowItem col-md-6 col-sm-12 btTextLeft\"  ><div class=\"rowItemContent\" ><div class=\"btText\" ><ul>\n<li>Equipamentos Hospitalares<\/li>\n<li>Esportes Adaptados<\/li>\n<li>Fisioterapia e Terapia Ocupacional<\/li>\n<li>Hidroterapia<\/li>\n<li>Higiene Pessoal<\/li>\n<li>Home Care<\/li>\n<li>Ind\u00fastria Farmac\u00eautica<\/li>\n<li>Inform\u00e1tica<\/li>\n<li>Livros e Publica\u00e7\u00f5es<\/li>\n<li>Produtos Ortop\u00e9dicos<\/li>\n<li>Pr\u00f3teses e \u00d3rteses<\/li>\n<li>Terapias Alternativas<\/li>\n<li>Test-drive de Cadeiras de rodas Motorizadas<\/li>\n<li>Turismo e Lazer<\/li>\n<\/ul>\n<\/div><\/div><\/div><\/div><\/div><\/div><\/div><\/div><\/section><section id=\"bt_section69d657a1ed99a\"  class=\"boldSection bottomSmallSpaced inherit\" ><div class=\"port\"><div class=\"boldCell\"><div class=\"boldCellInner\"><div class=\"boldRow \" ><div class=\"boldRowInner\"><div class=\"rowItem col-md-12 col-ms-12  btTextCenter inherit\"  ><div class=\"rowItemContent\" ><div  class=\"bt_bb_text\" ><h3 style=\"text-align: center;\"><a href=\"\/16\/lista-de-expositores\/\">&gt;&gt; Confira a Lista dos Expositores<\/a><\/h3>\n<\/div><div class=\"btClear btSeparator bottomSemiSpaced noBorder\" ><hr><\/div><header class=\"header btClear medium  btAccentDash\" ><div class=\"dash\"><h3><span class=\"headline\">Fa\u00e7a como as Principais Marcas do Setor!<\/span><\/h3><\/div><\/header><a href=\"\/16\/por-que-expor\/\" class=\"btBtn btBtn btnFilledStyle btnNormalColor btnBig btnNormalWidth btnLeftPosition btnIco\" ><span class=\"btnInnerText\">Seja um Expositor<\/span><span class=\"btIco \" ><span  data-ico-fa=\"&#xf101;\" class=\"btIcoHolder\"><em><\/em><\/span><\/span><\/a><\/div><\/div><\/div><\/div><\/div><\/div><\/div><\/section>","protected":false},"excerpt":{"rendered":"","protected":false},"author":3,"featured_media":0,"parent":0,"menu_order":0,"comment_status":"closed","ping_status":"open","template":"","meta":{"om_disable_all_campaigns":false,"_monsterinsights_skip_tracking":false,"_monsterinsights_sitenote_active":false,"_monsterinsights_sitenote_note":"","_monsterinsights_sitenote_category":0},"aioseo_notices":[],"_links":{"self":[{"href":"https:\/\/reatechbrasil.com.br\/16\/wp-json\/wp\/v2\/pages\/291"}],"collection":[{"href":"https:\/\/reatechbrasil.com.br\/16\/wp-json\/wp\/v2\/pages"}],"about":[{"href":"https:\/\/reatechbrasil.com.br\/16\/wp-json\/wp\/v2\/types\/page"}],"author":[{"embeddable":true,"href":"https:\/\/reatechbrasil.com.br\/16\/wp-json\/wp\/v2\/users\/3"}],"replies":[{"embeddable":true,"href":"https:\/\/reatechbrasil.com.br\/16\/wp-json\/wp\/v2\/comments?post=291"}],"version-history":[{"count":11,"href":"https:\/\/reatechbrasil.com.br\/16\/wp-json\/wp\/v2\/pages\/291\/revisions"}],"predecessor-version":[{"id":16066,"href":"https:\/\/reatechbrasil.com.br\/16\/wp-json\/wp\/v2\/pages\/291\/revisions\/16066"}],"wp:attachment":[{"href":"https:\/\/reatechbrasil.com.br\/16\/wp-json\/wp\/v2\/media?parent=291"}],"curies":[{"name":"wp","href":"https:\/\/api.w.org\/{rel}","templated":true}]}}