{"id":2928,"date":"2020-08-19T11:32:40","date_gmt":"2020-08-19T14:32:40","guid":{"rendered":"https:\/\/reatechbrasil.com.br\/16\/?page_id=2928"},"modified":"2022-03-30T16:08:41","modified_gmt":"2022-03-30T19:08:41","slug":"politica-de-privacidade","status":"publish","type":"page","link":"https:\/\/reatechbrasil.com.br\/16\/politica-de-privacidade\/","title":{"rendered":"Pol\u00edtica de Privacidade"},"content":{"rendered":"<section id=\"bt_section69d8c957b6430\"  class=\"boldSection inherit\" ><div class=\"port\"><div class=\"boldCell\"><div class=\"boldCellInner\"><div class=\"boldRow \" ><div class=\"boldRowInner\"><div class=\"rowItem col-md-12 col-ms-12  btTextCenter inherit\"  ><div class=\"rowItemContent\" ><div class=\"bt_bb_separator_v2 bt_bb_border_style_none bt_bb_top_spacing_medium bt_bb_icon_size_normal bt_bb_text_size_normal bt_bb_separator_v2_without_content\" data-bt-override-class=\"null\"><div class=\"bt_bb_separator_v2_inner\"><span class=\"bt_bb_separator_v2_inner_before\"><\/span><span class=\"bt_bb_separator_v2_inner_content\"><span  data-ico-=\"\" class=\"bt_bb_icon_holder\"><\/span><\/span><span class=\"bt_bb_separator_v2_inner_after\"><\/span><\/div><\/div><header class=\"header btClear large btDash bottomDash  btNormalDash\" ><div class=\"dash\"><h2><span class=\"headline\">Pol\u00edtica de <strong class=\"animate\">Privacidade<\/strong><\/span><\/h2><\/div><\/header><\/div><\/div><\/div><\/div><\/div><\/div><\/div><\/section><section id=\"bt_section69d8c957b6650\"  class=\"boldSection gutter inherit\" style=\"font-size:17px;\"><div class=\"port\"><div class=\"boldCell\"><div class=\"boldCellInner\"><div class=\"boldRow \" ><div class=\"boldRowInner\"><div class=\"rowItem col-md-12 col-ms-12  btTextLeft btMiddleVertical\"  ><div class=\"rowItemContent\" ><div class=\"bt_bb_separator_v2 bt_bb_border_style_none bt_bb_top_spacing_small bt_bb_icon_size_normal bt_bb_text_size_normal bt_bb_separator_v2_without_content\" data-bt-override-class=\"null\"><div class=\"bt_bb_separator_v2_inner\"><span class=\"bt_bb_separator_v2_inner_before\"><\/span><span class=\"bt_bb_separator_v2_inner_content\"><span  data-ico-=\"\" class=\"bt_bb_icon_holder\"><\/span><\/span><span class=\"bt_bb_separator_v2_inner_after\"><\/span><\/div><\/div><div class=\"btText\" ><p><strong>DA POL\u00cdTICA DE PRIVACIDADE<\/strong><\/p>\n<p>Comprometidos em resguardar sua privacidade, este site \u00e9 um canal de informa\u00e7\u00e3o e comunica\u00e7\u00e3o disponibilizado pela Fiera Milano Brasil.Ao utilizar suas p\u00e1ginas ou quaisquer materiais nele contidos voc\u00ea concorda com os termos e condi\u00e7\u00f5es especificadas abaixo.<\/p>\n<p>A Fiera Milano Brasil tem o compromisso de preservar sua privacidade, por isso esclarece quais informa\u00e7\u00f5es s\u00e3o coletadas nos seus websites e de que forma estes dados s\u00e3o utilizados.<\/p>\n<p>Informamos que se n\u00e3o estiver de acordo com o conte\u00fado desta pol\u00edtica, n\u00e3o \u00e9 recomend\u00e1vel baixar nossos materiais nem utilizar quaisquer de nossos servi\u00e7os.<\/p>\n<p><strong>USO RESTRITO<\/strong><\/p>\n<p>A Fiera Milano Brasil o autoriza a armazenar, no seu computador ou em c\u00f3pias impressas, extratos do conte\u00fado destas p\u00e1ginas exclusivamente para seu uso pessoal. Os conte\u00fados dos websites da Fiera Milano Brasil s\u00e3o protegidos, entre outras formas, pela legisla\u00e7\u00e3o de direito autorais. Todos os direitos deste websites pertencem \u00e0 Fiera Milano Brasil. Os conte\u00fados das p\u00e1ginas dos websites n\u00e3o podem ser copiados, reproduzidos, transferidos, publicados ou distribu\u00eddos, no todo ou em parte, por qualquer meio e modo, sem a pr\u00e9via autoriza\u00e7\u00e3o, por escrito, da Fiera Milano Brasil.<\/p>\n<p>As marcas e logotipos exibidos nos websites s\u00e3o de propriedade exclusiva da Fiera Milano Brasil e n\u00e3o podem ser utilizados, sob qualquer forma, inclusive em quaisquer outros websites sem o pr\u00e9vio consentimento por escrito da Fiera Milano Brasil.<\/p>\n<p><strong>COLETA DE DADOS<\/strong><\/p>\n<p>Neste site ser\u00e3o coletadas informa\u00e7\u00f5es fornecidas pelo usu\u00e1rio para identifica\u00e7\u00e3o pessoal como nome, telefone, e-mail, empresa, cargo entre outros; atrav\u00e9s do preenchimento de formul\u00e1rios nas p\u00e1ginas internas dos websites.<\/p>\n<p>A Fiera Milano Brasil garante a confidencialidade de todas as informa\u00e7\u00f5es pessoais recolhidas, em concord\u00e2ncia com a lei que estabelece princ\u00edpios, garantias, direitos e deveres para o uso da Internet no Brasil, n\u00b0 12.965 de 23 de abril de 2014.<\/p>\n<p>Contudo, o presente termo permite que a Fiera Milano Brasil utilize as informa\u00e7\u00f5es pessoais, como e-mail, para a opera\u00e7\u00e3o de envio do material ou informa\u00e7\u00e3o requisitada pelo usu\u00e1rio no preenchimento dos formul\u00e1rios, assim como para envio de Newsletters e comunica\u00e7\u00f5es da empresa\/feira antes, durante e p\u00f3s evento, admitindo a possibilidade de cancelamento pelo usu\u00e1rio a qualquer momento.<\/p>\n<p><strong>USO DE INFORMA\u00c7\u00d5ES PESSOAIS<\/strong><\/p>\n<p>A Fiera Milano Brasil utiliza os dados coletados em seus formul\u00e1rios e p\u00e1ginas para diferentes finalidades como:<\/p>\n<ul>\n<li>E-mails para envio de materiais requisitados, newsletters e demais conte\u00fados referentes aos eventos da Fiera Milano Brasil.<\/li>\n<li>Lan\u00e7amento de novos eventos e\/ou servi\u00e7os.<\/li>\n<li>Divulga\u00e7\u00e3o de materiais para download referentes aos eventos de interesse do usu\u00e1rio.<\/li>\n<\/ul>\n<p><strong>QUEM MAIS PODE RECEBER SEUS DADOS PESSOAIS<\/strong><\/p>\n<p>Para os \u00fanicos fins especificados acima, os dados pessoais podem ser comunicados ao pessoal autorizado a process\u00e1-los para executar suas tarefas, bem como a assuntos externos, quando necess\u00e1rio (por exemplo, empresas de TI, \u00f3rg\u00e3os p\u00fablicos e autoridades para cumprir com as obriga\u00e7\u00f5es legais ou para apurar responsabilidades. o evento de crimes cibern\u00e9ticos contra o site).<\/p>\n<p><strong>COOKIES<\/strong><\/p>\n<p>Quando voc\u00ea visita nossos websites, \u00e9 inserido um \u2018cookie\u2019 no seu navegador de internet por meio do software Google Analytics, para identificar futuras intera\u00e7\u00f5es com nosso endere\u00e7o. S\u00e3o coletadas, de forma an\u00f4nima, informa\u00e7\u00f5es como endere\u00e7o IP, localiza\u00e7\u00e3o geogr\u00e1fica, tipo de navegador, dura\u00e7\u00e3o da visita e p\u00e1ginas visitadas (URLs).<\/p>\n<p>O hist\u00f3rico das intera\u00e7\u00f5es feitas em nossos sites, como conte\u00fados baixados e formul\u00e1rios, \u00e9 armazenado apenas para acompanhamento das convers\u00f5es (venda, inscri\u00e7\u00e3o e credenciamento).<\/p>\n<p><strong>RETEN\u00c7\u00c3O DE DADOS<\/strong><\/p>\n<p>N\u00f3s apenas reteremos os seus dados pessoais pelo tempo necess\u00e1rio para cumprir a finalidade segundo a qual eles foram coletados, inclusive para cumprir requisitos legais ou de relat\u00f3rios.<\/p>\n<p>Em algumas situa\u00e7\u00f5es, voc\u00ea poder\u00e1 solicitar que n\u00f3s apaguemos os seus dados: veja \u201cSeus direitos\u201d abaixo, para mais informa\u00e7\u00f5es.<\/p>\n<p>Em algumas situa\u00e7\u00f5es, poderemos anonimizar os seus dados pessoais (para que n\u00e3o mais sejam associados a voc\u00ea) para fins de pesquisa e estat\u00edstica, quando poderemos utilizar essas informa\u00e7\u00f5es indefinidamente, sem a necessidade de notifica\u00e7\u00e3o.<\/p>\n<p><strong>DO ACESSO \u00c0S INFORMA\u00c7\u00d5ES PESSOAIS DO USU\u00c1RIO<\/strong><\/p>\n<p>A Fiera Milano Brasil se compromete a n\u00e3o vender, alugar ou repassar suas informa\u00e7\u00f5es para terceiros sem o consentimento pr\u00e9vio de seu titular. A \u00fanica exce\u00e7\u00e3o est\u00e1 em casos em que essas informa\u00e7\u00f5es forem exigidas para fins exclusivos de seguran\u00e7a p\u00fablica, defesa nacional, seguran\u00e7a do Estado ou atividades de investiga\u00e7\u00e3o e repress\u00e3o de infra\u00e7\u00f5es penais.<\/p>\n<p>O usu\u00e1rio optar\u00e1 por n\u00e3o receber mais qualquer tipo de e-mail da Fiera Milano Brasil, sendo que em todo e-mail enviado por esta h\u00e1 sempre um link para cancelar a assinatura dispon\u00edvel nas \u00faltimas linhas. Ao selecionar o link o usu\u00e1rio ser\u00e1 automaticamente descadastrado da lista.<\/p>\n<p>O usu\u00e1rio ser\u00e1 recadastrado \u00e0 lista de e-mail ao preencher qualquer formul\u00e1rio. Portanto, a requisi\u00e7\u00e3o de cancelamento deve ser feita novamente caso seja de seu interesse.<\/p>\n<p>Em qualquer tempo, voc\u00ea poder\u00e1 alterar suas informa\u00e7\u00f5es pessoais ou at\u00e9 mesmo exclu\u00ed-las de nosso Banco de Dados, bastando para isso enviar um e-mail para info@fieramilano.com.br<\/p>\n<p><strong>COMPARTILHAMENTO DOS SEUS DADOS PESSOAIS<\/strong><\/p>\n<p>N\u00f3s poderemos compartilhar os seus dados pessoais com terceiros selecionados, o que inclui, entre outros:<\/p>\n<ul>\n<li>Prestadores de servi\u00e7os que fornecem sistemas de TI, servi\u00e7os de gerenciamento de cliente, sistema de registro de visitantes, sistemas de gerenciamento de eventos e servi\u00e7os de administra\u00e7\u00e3o, que processar\u00e3o os seus dados de acordo com os termos dos nossos contratos de processamento de dados celebrados com eles.<\/li>\n<li>Patrocinadores de eventos para que eles possam planejar o seu patroc\u00ednio para incrementar a experi\u00eancia do participante e, se for o caso, selecionar convidados para instru\u00e7\u00f5es, reuni\u00f5es ou jantares particulares. Esses patrocinadores se comprometer\u00e3o a manter o sigilo das informa\u00e7\u00f5es pessoais compartilhadas com eles apenas para este fim.<\/li>\n<\/ul>\n<ul>\n<li>Outros delegados no Site e Aplicativo do Evento (se houver) para permitir que eles se comuniquem e para facilitar o contato (networking). Endere\u00e7o de e-mail e n\u00fameros de telefone n\u00e3o se tornar\u00e3o p\u00fablicos por meio da listagem de delegados ou de qualquer outra forma. Voc\u00ea poder\u00e1 cancelar comunica\u00e7\u00f5es com delegados a qualquer tempo.<\/li>\n<\/ul>\n<p>N\u00f3s poderemos compartilhar as suas informa\u00e7\u00f5es com ag\u00eancias policiais, autoridades p\u00fablicas ou outras organiza\u00e7\u00f5es quando determinado em lei, ou se houver uma cren\u00e7a, de boa-f\u00e9, de que isto seja razoavelmente necess\u00e1rio para:<\/p>\n<ul>\n<li>cumprir obriga\u00e7\u00e3o, processo ou solicita\u00e7\u00e3o legal;<\/li>\n<li>executar os nossos termos e condi\u00e7\u00f5es e outros acordos, incluindo a investiga\u00e7\u00e3o de potencial viola\u00e7\u00e3o; detectar, impedir ou de outra forma lidar com quest\u00f5es de seguran\u00e7a, fraude ou problemas t\u00e9cnicos; ou<\/li>\n<li>proteger os direitos, bens ou seguran\u00e7a de n\u00f3s mesmos, dos nossos usu\u00e1rios, de terceiros ou do p\u00fablico, da forma exigida ou permitida em lei (incluindo a troca de informa\u00e7\u00f5es com outras empresas e organiza\u00e7\u00f5es para prote\u00e7\u00e3o contra fraude e redu\u00e7\u00e3o de risco de cr\u00e9dito).<\/li>\n<\/ul>\n<p>N\u00f3s exigimos que todos os terceiros respeitem a seguran\u00e7a dos seus dados pessoais e os tratem em conformidade com a lei. N\u00f3s n\u00e3o permitimos que os nossos prestadores de servi\u00e7os utilizem os seus dados pessoais para seus pr\u00f3prios fins e apenas permitimos que eles processem os seus dados pessoais para fins espec\u00edficos e de acordo com as nossas instru\u00e7\u00f5es.<\/p>\n<p><strong>AUTORIZA\u00c7\u00c3O DE USO DE IMAGEM<\/strong><\/p>\n<p>Os eventos poder\u00e3o ser filmados, gravados e fotografados ou reproduzidos em tempo real pela Fiera Milano Brasil ou por qualquer expositor, patrocinador ou parceiro do evento. A crit\u00e9rio da Fiera Milano Brasil, ou de qualquer expositor, patrocinador ou parceiro do evento, as imagens obtidas durante a realiza\u00e7\u00e3o dos eventos poder\u00e3o ser publicadas, transmitidas, retransmitidas, reproduzidas ou divulgadas em TV, cinema, r\u00e1dio, internet, publicidade ou qualquer outro ve\u00edculo de comunica\u00e7\u00e3o, produ\u00e7\u00e3o de DVD e home-v\u00eddeo.<\/p>\n<p>Ao comparecer no evento, voc\u00ea concorda, autoriza e cede o uso gratuito de sua imagem, nome e voz nos termos ora mencionados, sem limita\u00e7\u00e3o e sem que caracterize uso indevido ou qualquer outra viola\u00e7\u00e3o de direitos e sem que deste uso decorra qualquer \u00f4nus \/ indeniza\u00e7\u00e3o por parte da Fiera Milano Brasil, ou de qualquer expositor, patrocinador ou parceiro do evento. o comparecimento aos eventos implica a aceita\u00e7\u00e3o incondicional do termo acima.<\/p>\n<p><strong>MUDAN\u00c7AS NA POL\u00cdTICA DE PRIVACIDADE<\/strong><\/p>\n<p>Esta pol\u00edtica pode conter erros e imprecis\u00f5es e poder\u00e1 passar por atualiza\u00e7\u00e3o ou altera\u00e7\u00f5es no futuro. Desta forma, recomendamos que visite periodicamente esta p\u00e1gina para ter conhecimento sobre as modifica\u00e7\u00f5es.<\/p>\n<p>Antes de usar informa\u00e7\u00f5es para outros fins que n\u00e3o os definidos nesta Pol\u00edtica de Privacidade, solicitaremos sua autoriza\u00e7\u00e3o.<\/p>\n<p><strong>CONTATO PARA D\u00daVIDAS<\/strong><\/p>\n<p>Caso haja alguma d\u00favida em rela\u00e7\u00e3o aos termos citados acima ou para outros esclarecimentos sobre a nossa Pol\u00edtica de Privacidade, entre em contato conosco pelo e-mail info@fieramilano.com.br, por telefone: <strong>+55 (11) 5585-4355 | +55 (11) 3159-1010<\/strong> ou no endere\u00e7o abaixo:<\/p>\n<p>Av. Ang\u00e9lica, 2491 &#8211; 20\u00b0 andar \u2013 cjs 203\/204<br \/>\nS\u00e3o Paulo \u2013 SP \u2013 Brasil<br \/>\nCEP 01227-200<\/p>\n<\/div><div class=\"bt_bb_separator_v2 bt_bb_border_style_none bt_bb_top_spacing_normal bt_bb_icon_size_normal bt_bb_text_size_normal bt_bb_separator_v2_without_content\" data-bt-override-class=\"null\"><div class=\"bt_bb_separator_v2_inner\"><span class=\"bt_bb_separator_v2_inner_before\"><\/span><span class=\"bt_bb_separator_v2_inner_content\"><span  data-ico-=\"\" class=\"bt_bb_icon_holder\"><\/span><\/span><span class=\"bt_bb_separator_v2_inner_after\"><\/span><\/div><\/div><\/div><\/div><\/div><\/div><\/div><\/div><\/div><\/section>","protected":false},"excerpt":{"rendered":"","protected":false},"author":3,"featured_media":0,"parent":0,"menu_order":0,"comment_status":"closed","ping_status":"open","template":"","meta":{"om_disable_all_campaigns":false,"_monsterinsights_skip_tracking":false,"_monsterinsights_sitenote_active":false,"_monsterinsights_sitenote_note":"","_monsterinsights_sitenote_category":0},"aioseo_notices":[],"_links":{"self":[{"href":"https:\/\/reatechbrasil.com.br\/16\/wp-json\/wp\/v2\/pages\/2928"}],"collection":[{"href":"https:\/\/reatechbrasil.com.br\/16\/wp-json\/wp\/v2\/pages"}],"about":[{"href":"https:\/\/reatechbrasil.com.br\/16\/wp-json\/wp\/v2\/types\/page"}],"author":[{"embeddable":true,"href":"https:\/\/reatechbrasil.com.br\/16\/wp-json\/wp\/v2\/users\/3"}],"replies":[{"embeddable":true,"href":"https:\/\/reatechbrasil.com.br\/16\/wp-json\/wp\/v2\/comments?post=2928"}],"version-history":[{"count":3,"href":"https:\/\/reatechbrasil.com.br\/16\/wp-json\/wp\/v2\/pages\/2928\/revisions"}],"predecessor-version":[{"id":3358,"href":"https:\/\/reatechbrasil.com.br\/16\/wp-json\/wp\/v2\/pages\/2928\/revisions\/3358"}],"wp:attachment":[{"href":"https:\/\/reatechbrasil.com.br\/16\/wp-json\/wp\/v2\/media?parent=2928"}],"curies":[{"name":"wp","href":"https:\/\/api.w.org\/{rel}","templated":true}]}}