{"id":303,"date":"2015-09-10T18:52:09","date_gmt":"2015-09-10T18:52:09","guid":{"rendered":"http:\/\/exposec.tmp.br\/16\/?page_id=303"},"modified":"2024-11-05T16:44:51","modified_gmt":"2024-11-05T19:44:51","slug":"sobre-a-fiera-milano-brasil","status":"publish","type":"page","link":"https:\/\/reatechbrasil.com.br\/16\/sobre-a-fiera-milano-brasil\/","title":{"rendered":"Sobre a Fiera Milano Brasil"},"content":{"rendered":"<section id=\"bt_section69debf62d65e5\"  class=\"boldSection inherit\" ><div class=\"port\"><div class=\"boldCell\"><div class=\"boldCellInner\"><div class=\"boldRow \" ><div class=\"boldRowInner\"><div class=\"rowItem col-md-12 col-ms-12  btTextCenter inherit\"  ><div class=\"rowItemContent\" ><div class=\"bt_bb_separator_v2 bt_bb_border_style_none bt_bb_top_spacing_medium bt_bb_icon_size_normal bt_bb_text_size_normal bt_bb_separator_v2_without_content\" data-bt-override-class=\"null\"><div class=\"bt_bb_separator_v2_inner\"><span class=\"bt_bb_separator_v2_inner_before\"><\/span><span class=\"bt_bb_separator_v2_inner_content\"><span  data-ico-=\"\" class=\"bt_bb_icon_holder\"><\/span><\/span><span class=\"bt_bb_separator_v2_inner_after\"><\/span><\/div><\/div><header class=\"header btClear large btDash bottomDash  btNormalDash\" ><div class=\"dash\"><h2><span class=\"headline\">Sobre a <b class=\"animate\">Fiera Milano Brasil<\/b><\/span><\/h2><\/div><\/header><div class=\"btClear btSeparator bottomSmallSpaced noBorder\" ><hr><\/div><\/div><\/div><\/div><\/div><\/div><\/div><\/div><\/section><section id=\"bt_section69debf62d6a56\"  class=\"boldSection gutter inherit\" style=\"font-size:17px;\"><div class=\"port\"><div class=\"boldCell\"><div class=\"boldCellInner\"><div class=\"boldRow \" ><div class=\"boldRowInner\"><div class=\"rowItem col-md-4 col-ms-12 btTextLeft btMiddleVertical\"  ><div class=\"rowItemContent\" ><div  class=\"bt_bb_text\" ><p><img loading=\"lazy\" class=\"aligncenter wp-image-3241\" src=\"https:\/\/reatechbrasil.com.br\/imagens\/logo-fiera-milano-brasil-v.png\" alt=\"Fiera Milano Brasil\" width=\"230\" height=\"109\" \/><\/p>\n<\/div><div class=\"bt_bb_separator_v2 bt_bb_border_style_none bt_bb_top_spacing_normal bt_bb_icon_size_normal bt_bb_text_size_normal bt_bb_separator_v2_without_content\" data-bt-override-class=\"null\"><div class=\"bt_bb_separator_v2_inner\"><span class=\"bt_bb_separator_v2_inner_before\"><\/span><span class=\"bt_bb_separator_v2_inner_content\"><span  data-ico-=\"\" class=\"bt_bb_icon_holder\"><\/span><\/span><span class=\"bt_bb_separator_v2_inner_after\"><\/span><\/div><\/div><\/div><\/div><div class=\"rowItem col-md-8 col-ms-12 btTextLeft btMiddleVertical\"  ><div class=\"rowItemContent\" ><div class=\"bt_bb_separator_v2 bt_bb_border_style_none bt_bb_top_spacing_normal bt_bb_icon_size_normal bt_bb_text_size_normal bt_bb_separator_v2_without_content\" data-bt-override-class=\"null\"><div class=\"bt_bb_separator_v2_inner\"><span class=\"bt_bb_separator_v2_inner_before\"><\/span><span class=\"bt_bb_separator_v2_inner_content\"><span  data-ico-=\"\" class=\"bt_bb_icon_holder\"><\/span><\/span><span class=\"bt_bb_separator_v2_inner_after\"><\/span><\/div><\/div><div class=\"btText\" ><p>A <strong><a href=\"http:\/\/fieramilano.com.br\/\" target=\"_blank\" rel=\"noopener noreferrer\">Fiera Milano Brasil<\/a>\u00a0<\/strong>\u00e9 especializada em feiras de neg\u00f3cios e publica\u00e7\u00f5es t\u00e9cnicas, e tem como objetivo, aproximar organiza\u00e7\u00f5es e criar oportunidades de relacionamentos por meio da realiza\u00e7\u00e3o de grandes feiras e publica\u00e7\u00f5es de revistas segmentadas na Am\u00e9rica Latina.<\/p>\n<\/div><\/div><\/div><\/div><\/div><div class=\"boldRow \" ><div class=\"boldRowInner\"><div class=\"rowItem col-md-12 col-ms-12  btTextLeft\"  ><div class=\"rowItemContent\" ><div class=\"btText\" ><p>Fundado em 1977, o Grupo CIPA consolidou-se como especialista quando o assunto \u00e9 seguran\u00e7a preventiva e sa\u00fade no trabalho, seguran\u00e7a privada, preven\u00e7\u00e3o e combate a inc\u00eandios, meio ambiente e afins.<\/p>\n<p>Em 2011, foi adquirido pela empresa italiana Fiera Milano, tornando-se a filial brasileira de uma das empresas l\u00edderes mundiais de feiras e congressos do mundo.<\/p>\n<\/div><div class=\"bt_bb_separator_v2 bt_bb_border_style_none bt_bb_top_spacing_normal bt_bb_icon_size_normal bt_bb_text_size_normal bt_bb_separator_v2_without_content\" data-bt-override-class=\"null\"><div class=\"bt_bb_separator_v2_inner\"><span class=\"bt_bb_separator_v2_inner_before\"><\/span><span class=\"bt_bb_separator_v2_inner_content\"><span  data-ico-=\"\" class=\"bt_bb_icon_holder\"><\/span><\/span><span class=\"bt_bb_separator_v2_inner_after\"><\/span><\/div><\/div><\/div><\/div><\/div><\/div><\/div><\/div><\/div><\/section><section id=\"bt_section69debf62d706a\"  class=\"boldSection gutter inherit\" style=\"font-size:17px;\"><div class=\"port\"><div class=\"boldCell\"><div class=\"boldCellInner\"><div class=\"boldRow \" ><div class=\"boldRowInner\"><div class=\"rowItem col-md-12 col-ms-12  btTextCenter inherit\"  ><div class=\"rowItemContent\" ><div class=\"bt_bb_separator_v2 bt_bb_border_style_none bt_bb_top_spacing_small bt_bb_icon_size_normal bt_bb_text_size_normal bt_bb_separator_v2_without_content\" data-bt-override-class=\"null\"><div class=\"bt_bb_separator_v2_inner\"><span class=\"bt_bb_separator_v2_inner_before\"><\/span><span class=\"bt_bb_separator_v2_inner_content\"><span  data-ico-=\"\" class=\"bt_bb_icon_holder\"><\/span><\/span><span class=\"bt_bb_separator_v2_inner_after\"><\/span><\/div><\/div><header class=\"header btClear medium  btNormalDash\" ><div class=\"dash\"><h3><span class=\"headline\">Fiera Milano \u00e9 o grupo l\u00edder em exposi\u00e7\u00f5es na It\u00e1lia\r<br>e um dos melhores do mundo.<\/span><\/h3><\/div><\/header><div class=\"bpgPhoto btTextCenter\" ><div class = \"btImage\"><img src=\"https:\/\/reatechbrasil.com.br\/16\/wp-content\/uploads\/2020\/07\/fiera-milano.jpg\" alt=\"Fiera Milano It\u00e1lia\" ><\/div><\/div><\/div><\/div><\/div><\/div><div class=\"boldRow \" ><div class=\"boldRowInner\"><div class=\"rowItem col-md-12 col-ms-12  btTextLeft inherit\"  ><div class=\"rowItemContent\" ><div class=\"bt_bb_separator_v2 bt_bb_border_style_none bt_bb_top_spacing_normal bt_bb_icon_size_normal bt_bb_text_size_normal bt_bb_separator_v2_without_content\" data-bt-override-class=\"null\"><div class=\"bt_bb_separator_v2_inner\"><span class=\"bt_bb_separator_v2_inner_before\"><\/span><span class=\"bt_bb_separator_v2_inner_content\"><span  data-ico-=\"\" class=\"bt_bb_icon_holder\"><\/span><\/span><span class=\"bt_bb_separator_v2_inner_after\"><\/span><\/div><\/div><div class=\"btText\" ><p>Experi\u00eancia, excel\u00eancia em exposi\u00e7\u00f5es profissionais e servi\u00e7os e instala\u00e7\u00f5es de \u00faltima gera\u00e7\u00e3o, assim como seu sucesso \u00e0 frente do gerenciamento de confer\u00eancia internacional, fazem da Fiera Milano a parceira ideal para promo\u00e7\u00e3o, desenvolvimento e internacionaliza\u00e7\u00e3o de qualquer empresa.<\/p>\n<p>Fiera Milano ajuda empresas a expandirem suas oportunidades de neg\u00f3cios na It\u00e1lia e no exterior; a se comunicarem de forma mais eficiente com mercados de refer\u00eancia; a promoverem capital humano por meio de treinamento profissional cont\u00ednuo; compartilhar conhecimento em conferencias de alto padr\u00e3o.<\/p>\n<p>Fiera Milano SpA \u00e9 a \u00fanica empresa de exposi\u00e7\u00f5es italiana que figura na bolsa de valores italiana (desde dezembro de 2002). \u00c9 controlada pela Fondazione Fiera Milano sem fins lucrativos.<\/p>\n<p>Fiera Milano\u00a0gerencia dois locais de exposi\u00e7\u00f5es, fieramilano (nos limites da cidade) e fieramilanocity.<\/p>\n<p>Fiera Milano lida com cinco \u00e1reas de atividade: Organiza\u00e7\u00e3o e Hospitalidade para eventos de exposi\u00e7\u00e3o na It\u00e1lia e no exterior; Servi\u00e7os de montagem; M\u00eddia (servi\u00e7os editoriais on-line e off-line e produ\u00e7\u00e3o de conte\u00fado; treinamento; e organiza\u00e7\u00e3o de eventos); Gerenciamento de confer\u00eancias.<\/p>\n<p><strong>Site:<\/strong>\u00a0<a href=\"http:\/\/www.fieramilano.it\/\" target=\"_blank\" rel=\"noopener noreferrer\">www.fieramilano.it<\/a><\/p>\n<\/div><div class=\"bt_bb_separator_v2 bt_bb_border_style_none bt_bb_top_spacing_normal bt_bb_icon_size_normal bt_bb_text_size_normal bt_bb_separator_v2_without_content\" data-bt-override-class=\"null\"><div class=\"bt_bb_separator_v2_inner\"><span class=\"bt_bb_separator_v2_inner_before\"><\/span><span class=\"bt_bb_separator_v2_inner_content\"><span  data-ico-=\"\" class=\"bt_bb_icon_holder\"><\/span><\/span><span class=\"bt_bb_separator_v2_inner_after\"><\/span><\/div><\/div><\/div><\/div><\/div><\/div><\/div><\/div><\/div><\/section><section id=\"bt_section69debf62d78bf\"  class=\"boldSection bottomSmallSpaced inherit\" ><div class=\"port\"><div class=\"boldCell\"><div class=\"boldCellInner\"><div class=\"boldRow \" ><div class=\"boldRowInner\"><div class=\"rowItem col-md-12 col-ms-12  btTextCenter inherit\"  ><div class=\"rowItemContent\" ><header class=\"header btClear medium  btAccentDash\" ><div class=\"dash\"><h3><span class=\"headline\">Fa\u00e7a como as Principais Marcas do Setor!<\/span><\/h3><\/div><\/header><a href=\"\/16\/por-que-expor\/\" class=\"btBtn btBtn btnFilledStyle btnNormalColor btnBig btnNormalWidth btnLeftPosition btnIco\" ><span class=\"btnInnerText\">Seja um Expositor<\/span><span class=\"btIco \" ><span  data-ico-fa=\"&#xf101;\" class=\"btIcoHolder\"><em><\/em><\/span><\/span><\/a><\/div><\/div><\/div><\/div><\/div><\/div><\/div><\/section>","protected":false},"excerpt":{"rendered":"","protected":false},"author":3,"featured_media":0,"parent":0,"menu_order":0,"comment_status":"closed","ping_status":"open","template":"","meta":{"om_disable_all_campaigns":false,"_monsterinsights_skip_tracking":false,"_monsterinsights_sitenote_active":false,"_monsterinsights_sitenote_note":"","_monsterinsights_sitenote_category":0},"aioseo_notices":[],"_links":{"self":[{"href":"https:\/\/reatechbrasil.com.br\/16\/wp-json\/wp\/v2\/pages\/303"}],"collection":[{"href":"https:\/\/reatechbrasil.com.br\/16\/wp-json\/wp\/v2\/pages"}],"about":[{"href":"https:\/\/reatechbrasil.com.br\/16\/wp-json\/wp\/v2\/types\/page"}],"author":[{"embeddable":true,"href":"https:\/\/reatechbrasil.com.br\/16\/wp-json\/wp\/v2\/users\/3"}],"replies":[{"embeddable":true,"href":"https:\/\/reatechbrasil.com.br\/16\/wp-json\/wp\/v2\/comments?post=303"}],"version-history":[{"count":13,"href":"https:\/\/reatechbrasil.com.br\/16\/wp-json\/wp\/v2\/pages\/303\/revisions"}],"predecessor-version":[{"id":3356,"href":"https:\/\/reatechbrasil.com.br\/16\/wp-json\/wp\/v2\/pages\/303\/revisions\/3356"}],"wp:attachment":[{"href":"https:\/\/reatechbrasil.com.br\/16\/wp-json\/wp\/v2\/media?parent=303"}],"curies":[{"name":"wp","href":"https:\/\/api.w.org\/{rel}","templated":true}]}}