{"id":446,"date":"2015-09-11T14:55:51","date_gmt":"2015-09-11T14:55:51","guid":{"rendered":"http:\/\/exposec.tmp.br\/16\/?page_id=446"},"modified":"2020-07-16T15:22:45","modified_gmt":"2020-07-16T18:22:45","slug":"duvidas-frequentes-expositor","status":"publish","type":"page","link":"https:\/\/reatechbrasil.com.br\/16\/duvidas-frequentes-expositor\/","title":{"rendered":"D\u00favidas Frequentes"},"content":{"rendered":"<section id=\"bt_section69d74fec2aa73\"  class=\"boldSection inherit\" ><div class=\"port\"><div class=\"boldCell\"><div class=\"boldCellInner\"><div class=\"boldRow \" ><div class=\"boldRowInner\"><div class=\"rowItem col-md-12 col-ms-12  btTextCenter inherit\"  ><div class=\"rowItemContent\" ><div class=\"bt_bb_separator_v2 bt_bb_border_style_none bt_bb_top_spacing_medium bt_bb_icon_size_normal bt_bb_text_size_normal bt_bb_separator_v2_without_content\" data-bt-override-class=\"null\"><div class=\"bt_bb_separator_v2_inner\"><span class=\"bt_bb_separator_v2_inner_before\"><\/span><span class=\"bt_bb_separator_v2_inner_content\"><span  data-ico-=\"\" class=\"bt_bb_icon_holder\"><\/span><\/span><span class=\"bt_bb_separator_v2_inner_after\"><\/span><\/div><\/div><header class=\"header btClear large btDash bottomDash  btNormalDash\" ><div class=\"dash\"><h2><span class=\"headline\">EXPOSITORES &#8211; <b class=\"animate\">D\u00daVIDAS FREQUENTES<\/b><\/span><\/h2><\/div><\/header><\/div><\/div><\/div><\/div><\/div><\/div><\/div><\/section><section id=\"bt_section69d74fec2ad4a\"  class=\"boldSection gutter inherit\" ><div class=\"port\"><div class=\"boldCell\"><div class=\"boldCellInner\"><div class=\"boldRow \" ><div class=\"boldRowInner\"><div class=\"rowItem col-md-12 col-ms-12  btTextLeft inherit\"  ><div class=\"rowItemContent\" ><div class=\"bt_bb_separator_v2 bt_bb_border_style_none bt_bb_top_spacing_small bt_bb_icon_size_normal bt_bb_text_size_normal bt_bb_separator_v2_without_content\" data-bt-override-class=\"null\"><div class=\"bt_bb_separator_v2_inner\"><span class=\"bt_bb_separator_v2_inner_before\"><\/span><span class=\"bt_bb_separator_v2_inner_content\"><span  data-ico-=\"\" class=\"bt_bb_icon_holder\"><\/span><\/span><span class=\"bt_bb_separator_v2_inner_after\"><\/span><\/div><\/div><div class=\"btText\" ><div class=\"hrf-faq-list\">\n<article class=\"hrf-entry\" id=\"hrf-entry-1398\">\n<h3 class=\"hrf-title close-faq\" data-content-id=\"hrf-content-1398\"><span><\/span>1. Onde eu encontro todas as normas e regulamentos para a minha participa\u00e7\u00e3o no evento?<\/h3>\n<div class=\"hrf-content\" id=\"hrf-content-1398\">\n<p>Todas as normas espec\u00edficas, bem como, as orienta\u00e7\u00f5es quanto ao recolhimento de taxas obrigat\u00f3rias estar\u00e3o dispon\u00edveis no Portal Eletr\u00f4nico do Expositor. Voc\u00ea receber\u00e1 seu login e senha de acesso ao site ap\u00f3s o envio do contrato formalizado.<\/p>\n<\/div>\n<\/article>\n<article class=\"hrf-entry\" id=\"hrf-entry-1399\">\n<h3 class=\"hrf-title close-faq\" data-content-id=\"hrf-content-1399\"><span><\/span>2. A partir de qual data as normas especificas estar\u00e3o dispon\u00edveis no Manual do Expositor?<\/h3>\n<div class=\"hrf-content\" id=\"hrf-content-1399\">\n<p>As normas do evento s\u00e3o disponibilizadas no portal eletr\u00f4nico do expositor sempre 90 dias antes do in\u00edcio da data de montagem.<\/p>\n<\/div>\n<\/article>\n<article class=\"hrf-entry\" id=\"hrf-entry-1400\">\n<h3 class=\"hrf-title close-faq\" data-content-id=\"hrf-content-1400\"><span><\/span>3. Quais s\u00e3o as datas\/hor\u00e1rios de montagem e desmontagem?<\/h3>\n<div class=\"hrf-content\" id=\"hrf-content-1400\">\n<table width=\"718\">\n<tbody>\n<tr>\n<td colspan=\"2\" width=\"718\"><strong>\u00a0<\/strong><strong>AGENDA DA FEIRA &#8211; REATECH<\/strong><\/td>\n<\/tr>\n<tr>\n<td width=\"177\"><strong>MONTAGEM<\/strong><\/td>\n<td>In\u00edcio: 17 de Novembro, \u00e0s 08h<\/p>\n<p>T\u00e9rmino: 19 de Novembro, \u00e0s 20h<\/td>\n<\/tr>\n<tr>\n<td width=\"177\"><strong>REALIZA\u00c7\u00c3O<\/strong><\/td>\n<td>20 a 23 de Novembro &#8211; Qua a Sex &#8211; 13h -\u00e0s 20h | S\u00e1bado &#8211; 10h \u00e0s 19h<\/td>\n<\/tr>\n<tr>\n<td width=\"177\"><strong>DESMONTAGEM<\/strong><\/td>\n<td>De 23 e 24 de Novembro, a partir das 20h at\u00e9 as 16h<\/td>\n<\/tr>\n<tr>\n<td colspan=\"2\" width=\"718\"><strong> OBS:\u00a0<\/strong>No dia 19\/11 somente ser\u00e1 permitida montagem at\u00e9 \u00e0s 16h. O per\u00edodo das 16h at\u00e9 \u00e0s 20h est\u00e1 reservado \u00e0 decora\u00e7\u00e3o e pequenos ajustes no estande. Ser\u00e3o 3 (tr\u00eas) dias de montagem (24h). Lembrando que o atendimento do CAEX \u00e9 das 8h \u00e0s 20h.<\/td>\n<\/tr>\n<tr>\n<td colspan=\"2\" width=\"718\">No dia da montagem ser\u00e1 expressamente proibida a entrada de pessoas trajando bermuda, regata ou chinelo, de menores de 16 (dezesseis) anos, mesmo acompanhados de seus respons\u00e1veis. Exceto lactantes at\u00e9 no m\u00e1ximo 01 ano de idade.<\/td>\n<\/tr>\n<\/tbody>\n<\/table>\n<p style=\"text-align: center;\"><!--<\/p>\n\n\n\n\n\n\n\n\n\n<table width=\"600\">\n\n\n\n\n<tbody>\n\n\n\n\n<tr>\n\n\n\n\n<td bgcolor=\"#C00C0E\" colspan=\"2\" height=\"30\" rowspan=\"1\" style=\"text-align: center; color: #ffffff;\">\n\t\t\t\t<strong>&nbsp;AGENDA DA FEIRA<\/strong><\/td>\n\n\n\n\n<\/tr>\n\n\n\n\n\n\n\n\n<tr>\n\n\n\n\n<td bgcolor=\"#F0F0F0\" rowspan=\"2\" style=\"vertical-align: middle;\" valign=\"middle\">\n\t\t\t\t<strong>MONTAGEM<\/strong><\/td>\n\n\n\n\n\n\n\n\n<td bgcolor=\"#F0F0F0\">\n\t\t\t\tIn&iacute;cio: 10 de Junho &agrave;s 08h<\/td>\n\n\n\n\n<\/tr>\n\n\n\n\n\n\n\n\n<tr>\n\n\n\n\n<td bgcolor=\"#F0F0F0\">\n\t\t\t\tT&eacute;rmino: 12 de Junho &agrave;s 16h<\/td>\n\n\n\n\n<\/tr>\n\n\n\n\n\n\n\n\n<tr>\n\n\n\n\n<td bgcolor=\"#F0F0F0\">\n\t\t\t\t<strong>REALIZA&Ccedil;&Atilde;O<\/strong><\/td>\n\n\n\n\n\n\n\n\n<td bgcolor=\"#F0F0F0\">\n\t\t\t\t13 e 14 de junho das 13h &agrave;s 20h e 15 e 16 de junho das 10h &agrave;s 19h<\/td>\n\n\n\n\n<\/tr>\n\n\n\n\n\n\n\n\n<tr>\n\n\n\n\n<td bgcolor=\"#F0F0F0\">\n\t\t\t\t<strong>DESMONTAGEM<\/strong><\/td>\n\n\n\n\n\n\n\n\n<td bgcolor=\"#F0F0F0\">\n\t\t\t\t16 e 17\/06 das 20h &agrave;s 16h<\/td>\n\n\n\n\n<\/tr>\n\n\n\n\n\n\n\n\n<tr>\n\n\n\n\n<td bgcolor=\"#F0F0F0\" colspan=\"2\" rowspan=\"1\">\n\t\t\t\t<strong>OBS:<\/strong> No dia 12\/06 somente ser&aacute; permitida montagem at&eacute; &agrave;s 16h. O per&iacute;odo das 16h at&eacute; &agrave;s 20h est&aacute; reservado &agrave; decora&ccedil;&atilde;o e pequenos ajustes no estande. Ser&atilde;o 3 (tr&ecirc;s) dias de montagem (24h). Lembrando que o atendimento do CAEX &eacute; das 8h &agrave;s 20h.<\/td>\n\n\n\n\n<\/tr>\n\n\n\n\n\n\n\n\n<tr>\n\n\n\n\n<td bgcolor=\"#F0F0F0\" colspan=\"2\" rowspan=\"1\">\n\t\t\t\tSer&aacute; expressamente proibida a entrada de pessoas trajando bermuda, regata ou chinelo, de menores de 16 (dezesseis) anos, mesmo acompanhados de seus respons&aacute;veis. Exceto lactantes at&eacute; no m&aacute;ximo 01 ano de idade.<\/td>\n\n\n\n\n<\/tr>\n\n\n\n\n<\/tbody>\n\n\n\n\n<\/table>\n\n\n\n\n--><\/p>\n<\/div>\n<\/article>\n<article class=\"hrf-entry\" id=\"hrf-entry-1339\">\n<h3 class=\"hrf-title close-faq\" data-content-id=\"hrf-content-1339\"><span><\/span>4. Existe algum sindicato das montadoras?<\/h3>\n<div class=\"hrf-content\" id=\"hrf-content-1339\">\n<p>Sim, sugerimos contratar montadoras filiadas ao\u00a0<strong>SINDIPROM<\/strong>:<\/p>\n<p><strong>SINDIPROM<br \/>\nTel<\/strong>.: (11) 3120-7099.<br \/>\n<strong>E-mail<\/strong>:\u00a0<a href=\"mailto:sindiprom@sindiprom.org.br\">sindiprom@sindiprom.org.br<br \/>\n<\/a><strong>Site:\u00a0<\/strong><a href=\"http:\/\/www.sindiprom.org.br\/\">www.sindiprom.org.br<\/a><\/p>\n<p>&nbsp;<\/p>\n<\/div>\n<\/article>\n<article class=\"hrf-entry\" id=\"hrf-entry-1401\">\n<h3 class=\"hrf-title close-faq\" data-content-id=\"hrf-content-1401\"><span><\/span>5. Os caminh\u00f5es podem entrar no Pavilh\u00e3o durante todo o per\u00edodo de montagem?<\/h3>\n<div class=\"hrf-content\" id=\"hrf-content-1401\">\n<p>O acesso dever\u00e1 ser feito pelo port\u00e3o de servi\u00e7os (Rua Miguel Est\u00e9fano, altura do n\u00ba 3000, em frente ao port\u00e3o principal do Jardim Bot\u00e2nico).<strong>\u00a0<\/strong><\/p>\n<p>\u00c9 permitido a entrada dos caminh\u00f5es 1\u00ba dia de montagem no pavilh\u00e3o somente para descarregar.<\/p>\n<\/div>\n<\/article>\n<article class=\"hrf-entry\" id=\"hrf-entry-1402\">\n<h3 class=\"hrf-title close-faq\" data-content-id=\"hrf-content-1402\"><span><\/span>6. Quais os documentos necess\u00e1rios para a montadora poder acessar o Pavilh\u00e3o para iniciar a montagem do meu estande?<\/h3>\n<div class=\"hrf-content\" id=\"hrf-content-1402\">\n<p>Para entrar no pavilh\u00e3o, a montadora \/ expositor dever\u00e1 entregar as vias originais dos documentos abaixo:<\/p>\n<ul>\n<li>Termo de responsabilidade (carimbado e assinado) tanto pelo expositor quanto pela montadora;<\/li>\n<li>ART ou RRT execu\u00e7\u00e3o do projeto e el\u00e9trica do estande com o pagamento do recolhimento (a data que deve constar na ART \/ RRT vai desde o primeiro dia de montagem at\u00e9 o \u00faltimo dia da desmontagem do evento);<\/li>\n<li>C\u00f3pia do projeto;<\/li>\n<li>Cheque cau\u00e7\u00e3o para n\u00e3o filiados ao SINDIPROM, ou o comprovante de filia\u00e7\u00e3o para os filiados ao SINDIPROM.<\/li>\n<\/ul>\n<\/div>\n<\/article>\n<article class=\"hrf-entry\" id=\"hrf-entry-1342\">\n<h3 class=\"hrf-title close-faq\" data-content-id=\"hrf-content-1342\"><span><\/span>7. Qual a idade m\u00ednima permitida no Pavilh\u00e3o durante a montagem e desmontagem?<\/h3>\n<div class=\"hrf-content\" id=\"hrf-content-1342\">\n<p>Nos per\u00edodos de montagem e desmontagem n\u00e3o \u00e9 permitida a entrada de menores de 18 anos de idade.<\/p>\n<\/div>\n<\/article>\n<article class=\"hrf-entry\" id=\"hrf-entry-1343\">\n<h3 class=\"hrf-title close-faq\" data-content-id=\"hrf-content-1343\"><span><\/span>8. Qual o endere\u00e7o do Pavilh\u00e3o onde acontecer\u00e1 o evento?<\/h3>\n<div class=\"hrf-content\" id=\"hrf-content-1343\">\n<p><strong>S\u00e3o Paulo Expo Exhibition &amp;\u00a0Convention Center<\/strong><\/p>\n<p><strong>Entrada de Servi\u00e7os<\/strong>: Rodovia dos Imigrantes, km 1,5 \u2013 S\u00e3o Paulo \u2013 SP<\/p>\n<p><a href=\"https:\/\/www.saopauloexpo.com.br\/pt\/localizacao\/\">Clique aqui<\/a>\u00a0para ver o mapa.<\/p>\n<\/div>\n<\/article>\n<article class=\"hrf-entry\" id=\"hrf-entry-1344\">\n<h3 class=\"hrf-title close-faq\" data-content-id=\"hrf-content-1344\"><span><\/span>9. Quais documentos eu devo apresentar na entrada do evento?<\/h3>\n<div class=\"hrf-content\" id=\"hrf-content-1344\">\n<p>Para acessar o evento, voc\u00ea dever\u00e1 fazer o seu credenciamento e de seus prestadores de servi\u00e7os pelo portal do expositor e ser\u00e1 solicitada a apresenta\u00e7\u00e3o de RG para a retirada das credenciais.<\/p>\n<p>&nbsp;<\/p>\n<p>&nbsp;<\/p>\n<\/div>\n<\/article>\n<article class=\"hrf-entry\" id=\"hrf-entry-1403\">\n<h3 class=\"hrf-title close-faq\" data-content-id=\"hrf-content-1403\"><span><\/span>10. Como proceder para emitir a nota fiscal de remessa para exposi\u00e7\u00e3o?<\/h3>\n<div class=\"hrf-content\" id=\"hrf-content-1403\">\n<p>A nota fiscal para envio das mercadorias a serem expostas dever\u00e1 ser emitida em nome do pr\u00f3prio expositor com seu CNPJ e Inscri\u00e7\u00e3o Estadual e contendo dados complementares:<br \/>\n<strong>&#8211; Mercadoria destinada a exposi\u00e7\u00e3o na feira Exposec que acontecer\u00e1 ______\/______\/_________, no S\u00e3o Paulo Expo \u2013 Rodovia dos Imigrantes Km 1,5 \u2013 Vila \u00c1gua Funda \/ S\u00e3o Paulo \u2013 CEP: 04329-900.<\/strong><\/p>\n<p>Apenas o endere\u00e7o informado na nota dever\u00e1 ser do pavilh\u00e3o onde acontecer\u00e1 o evento.<\/p>\n<\/div>\n<\/article>\n<article class=\"hrf-entry\" id=\"hrf-entry-1404\">\n<h3 class=\"hrf-title close-faq\" data-content-id=\"hrf-content-1404\"><span><\/span>11. Existe um hor\u00e1rio espec\u00edfico para abastecimento e manuten\u00e7\u00e3o durante a realiza\u00e7\u00e3o do evento?<\/h3>\n<div class=\"hrf-content\" id=\"hrf-content-1404\">\n<p>Sim. \u00c9 autorizada a manuten\u00e7\u00e3o do estande apenas at\u00e9 uma hora antes do hor\u00e1rio de abertura do evento.<\/p>\n<\/div>\n<\/article>\n<article class=\"hrf-entry\" id=\"hrf-entry-1347\">\n<h3 class=\"hrf-title close-faq\" data-content-id=\"hrf-content-1347\"><span><\/span>12. Durante a montagem e desmontagem do evento \u00e9 obrigat\u00f3rio o uso de EPI \u2013 Equipamento de Prote\u00e7\u00e3o Individual?<\/h3>\n<div class=\"hrf-content\" id=\"hrf-content-1347\">\n<p>Sim, o uso de EPI \u00e9 obrigat\u00f3rio para todos que acessarem o pavilh\u00e3o durante o per\u00edodo de montagem e desmontagem.<\/p>\n<\/div>\n<\/article>\n<article class=\"hrf-entry\" id=\"hrf-entry-1405\">\n<h3 class=\"hrf-title close-faq\" data-content-id=\"hrf-content-1405\"><span><\/span>13. Posso entrar de bermuda e\/ou chinelo durante a montagem e desmontagem?<\/h3>\n<div class=\"hrf-content\" id=\"hrf-content-1405\">\n<p>N\u00e3o \u00e9 permitida a entrada vestindo bermuda, saia, shorts ou cal\u00e7ado aberto durante os per\u00edodos de montagem, decora\u00e7\u00e3o e desmontagem do evento.<\/p>\n<\/div>\n<\/article>\n<article class=\"hrf-entry\" id=\"hrf-entry-1406\">\n<h3 class=\"hrf-title close-faq\" data-content-id=\"hrf-content-1406\"><span><\/span>14. Como acesso o Portal do Expositor?<\/h3>\n<div class=\"hrf-content\" id=\"hrf-content-1406\">\n<p>Atrav\u00e9s do link contendo o login e operador enviado para o E-mail dispon\u00edvel em contrato.<\/p>\n<p>Seu usu\u00e1rio e senha ser\u00e3o fornecidos automaticamente ap\u00f3s a valida\u00e7\u00e3o do contrato.<\/p>\n<p>Caso\u00a0n\u00e3o<strong>\u00a0<\/strong>tenha esses dados, entre em contato com o Departamento de Opera\u00e7\u00f5es pelo E-mail\u00a0<a href=\"mailto:caex@fieramilano.com.br\">caex@fieramilano.com.br<\/a> e\/ou pelo n\u00famero 11 99223-6846.<\/p>\n<\/div>\n<\/article>\n<article class=\"hrf-entry\" id=\"hrf-entry-1407\">\n<h3 class=\"hrf-title close-faq\" data-content-id=\"hrf-content-1407\"><span><\/span>15. Comprei estande com montagem b\u00e1sica. Qual \u00e9 a montadora oficial do evento?<\/h3>\n<div class=\"hrf-content\" id=\"hrf-content-1407\">\n<p><strong>Em breve<\/strong><\/p>\n<p>Para mais informa\u00e7\u00f5es entre em contato com o CAEX.<\/p>\n<p>E-mail: <a href=\"mailto:caex@fieramilano.com.br\">caex@fieramilano.com.br<\/a><\/p>\n<\/div>\n<\/article>\n<article class=\"hrf-entry\" id=\"hrf-entry-1408\">\n<h3 class=\"hrf-title close-faq\" data-content-id=\"hrf-content-1408\"><span><\/span>16. Como cadastro a montadora?<\/h3>\n<div class=\"hrf-content\" id=\"hrf-content-1408\">\n<p>O contato da montadora oficial est\u00e1 dispon\u00edvel no portal do expositor em servi\u00e7os oficiais.<\/p>\n<\/div>\n<\/article>\n<article class=\"hrf-entry\" id=\"hrf-entry-1409\">\n<h3 class=\"hrf-title close-faq\" data-content-id=\"hrf-content-1409\"><span><\/span>17. Devo encaminhar o projeto do meu estande para an\u00e1lise?<\/h3>\n<div class=\"hrf-content\" id=\"hrf-content-1409\">\n<p>Sim, o projeto deve ser encaminhado ao E-mail do respons\u00e1vel t\u00e9cnico <a href=\"mailto:projetos@fieramilano.com.br\">projetos@fieramilano.com.br<\/a><\/p>\n<p>45 dias antes do in\u00edcio da montagem para a devida an\u00e1lise de alturas e recuos.<\/p>\n<p>O envio de toda documenta\u00e7\u00e3o \u00e9 <strong>OBRIGAT\u00d3RIA <\/strong>conforme orienta\u00e7\u00e3o contida no manual do expositor.<\/p>\n<\/div>\n<\/article>\n<article class=\"hrf-entry\" id=\"hrf-entry-1410\">\n<h3 class=\"hrf-title close-faq\" data-content-id=\"hrf-content-1410\"><span><\/span>18. Quero contratar servi\u00e7os extras. Como devo proceder?<\/h3>\n<div class=\"hrf-content\" id=\"hrf-content-1410\">\n<p><strong>Expositor:<\/strong>\u00a0Existem v\u00e1rios servi\u00e7os adicionais dispon\u00edveis para contrata\u00e7\u00e3o por meio do portal eletr\u00f4nico do Expositor.<\/p>\n<p><strong>Montadora:\u00a0<\/strong>Em caso de excedente de energia, ponto de hidr\u00e1ulica e ponto de ar comprimido \u00e9 necess\u00e1rio que a montadora informe o expositor, para que a solicita\u00e7\u00e3o seja realizada no portal eletr\u00f4nico na op\u00e7\u00e3o formul\u00e1rios.<\/p>\n<p>&nbsp;<\/p>\n<\/div>\n<\/article>\n<article class=\"hrf-entry\" id=\"hrf-entry-1411\">\n<h3 class=\"hrf-title close-faq\" data-content-id=\"hrf-content-1411\"><span><\/span>19. Como devo proceder se perdi o prazo para contratar servi\u00e7os extras?<\/h3>\n<div class=\"hrf-content\" id=\"hrf-content-1411\">\n<p>Ap\u00f3s o prazo, as solicita\u00e7\u00f5es devem ser feitas pelo e-mail:\u00a0<a href=\"mailto:caex@fieramilano.com.br\">caex@fieramilano.com.br<\/a>.<\/p>\n<\/div>\n<\/article>\n<article class=\"hrf-entry\" id=\"hrf-entry-1412\">\n<h3 class=\"hrf-title close-faq\" data-content-id=\"hrf-content-1412\"><span><\/span>20. Qual a cota de credenciais gratuitas?<\/h3>\n<div class=\"hrf-content\" id=\"hrf-content-1412\">\n<p><strong>Expositor:\u00a0<\/strong>A quantidade de credenciais gratuitas varia de acordo com a metragem do seu estande. Esta informa\u00e7\u00e3o est\u00e1 dispon\u00edvel no portal eletr\u00f4nico do expositor. Ap\u00f3s incluir as credenciais no sistema, o pr\u00f3prio Expositor devidamente identificado, ou um portador identificado e autorizado por carta, dever\u00e1 retirar as credenciais no CAEX a partir do 1\u00ba dia de montagem.<\/p>\n<p><strong><u>\u00c9 TERMINANTEMENTE PRO\u00cdBIDO CADASTRAR PRESTADOR DE SERVI\u00c7OS E\/OU MONTADORES COMO EXPOSITOR, O EXPOSITOR PODER\u00c1 SER MULTADO PELA FISCALIZA\u00c7\u00c3O DO MINIST\u00c9RIO DO TRABALHO<\/u><\/strong><strong>.<\/strong><\/p>\n<p><strong>Prestadora de Servi\u00e7os \/ Montadora:\u00a0<\/strong>As credenciais da montadora n\u00e3o s\u00e3o gratuitas e todas dever\u00e3o serem solicitadas e pagas pelo portal eletr\u00f4nico do prestador. montadoras filiadas ao SINDIPROM s\u00e3o isentas do pagamento, desde que fa\u00e7a a solicita\u00e7\u00e3o das credenciais pelo Manual Eletr\u00f4nico e, no momento da retirada, entregue c\u00f3pia das carteirinhas no <strong><u>CAEX \u2013 Centro de Atendimento ao Expositor<\/u><\/strong> e comprovante de pagamento da mensalidade do m\u00eas vigente.<\/p>\n<p><strong>Obs. Geral<\/strong>: Expirado o prazo do site, todas as solicita\u00e7\u00f5es de inclus\u00e3o ou altera\u00e7\u00e3o dever\u00e3o ser feitas pelo E-mail:\u00a0<a href=\"mailto:caex@fieramilano.com.br\">caex@fieramilano.com.br<\/a>.<\/p>\n<\/div>\n<\/article>\n<article class=\"hrf-entry\" id=\"hrf-entry-1413\">\n<h3 class=\"hrf-title close-faq\" data-content-id=\"hrf-content-1413\"><span><\/span>21. Como preencho os Dados de Divulga\u00e7\u00e3o?<\/h3>\n<div class=\"hrf-content\" id=\"hrf-content-1413\">\n<p>Acesse o portal eletr\u00f4nico do expositor no \u00edcone formul\u00e1rios.<\/p>\n<p><strong>ATEN\u00c7\u00c3O:<\/strong>\u00a0Esse formul\u00e1rio tem prazo de preenchimento reduzido por conta da demanda de tempo para a configura\u00e7\u00e3o do <strong>Cat\u00e1logo Oficial do Evento<\/strong>. O prazo para preenchimento est\u00e1 indicado no portal eletr\u00f4nico do expositor em frente a numera\u00e7\u00e3o de cada formul\u00e1rio.<\/p>\n<\/div>\n<\/article>\n<article class=\"hrf-entry\" id=\"hrf-entry-1414\">\n<h3 class=\"hrf-title close-faq\" data-content-id=\"hrf-content-1414\"><span><\/span>22. Qual o procedimento quando perder ou esquecer a credencial?<\/h3>\n<div class=\"hrf-content\" id=\"hrf-content-1414\">\n<p>O solicitante dever\u00e1 comparecer ao CAEX. A 2\u00aa via ter\u00e1 um custo por credencial extra emitida conforme tabela vigente.<\/p>\n<\/div>\n<\/article>\n<article class=\"hrf-entry\" id=\"hrf-entry-1415\">\n<h3 class=\"hrf-title close-faq\" data-content-id=\"hrf-content-1415\"><span><\/span>23. Qual o procedimento para contratar linha telef\u00f4nica ou internet?<\/h3>\n<div class=\"hrf-content\" id=\"hrf-content-1415\">\n<p>O expositor dever\u00e1 entrar em contato com a operadora do pavilh\u00e3o (S\u00e3o Paulo Expo) onde acontecer\u00e1 o evento:<\/p>\n<p><strong>HIPERNET TELECOM<br \/>\nTel.:<\/strong>\u00a0(11) 3077-5500<br \/>\n<strong>E-mail:<\/strong>\u00a0<a href=\"mailto:feirasspo@hthnet.net\">feirasspo@hthnet.net<\/a><\/p>\n<\/div>\n<\/article>\n<article class=\"hrf-entry\" id=\"hrf-entry-1416\">\n<h3 class=\"hrf-title close-faq\" data-content-id=\"hrf-content-1416\"><span><\/span>24. H\u00e1 Seguran\u00e7a no evento ou devo contratar o servi\u00e7o para o meu estande?<\/h3>\n<div class=\"hrf-content\" id=\"hrf-content-1416\">\n<p>A seguran\u00e7a do evento \u00e9 respons\u00e1vel pelas \u00e1reas comuns e controles de acesso. Assim, n\u00e3o \u00e9 responsabilidade da empresa oficial de seguran\u00e7a da feira zelar pelos produtos expostos nos estandes.<\/p>\n<p>A seguran\u00e7a para o estande pode ser contratada diretamente pelo portal eletr\u00f4nico do expositor com nossa empresa de seguran\u00e7a oficial, ou por outra empresa \u00e0 livre escolha do expositor, estando ciente que, para a contrata\u00e7\u00e3o de outra empresa que n\u00e3o seja a oficial do evento, requer a compra de uma credencial de seguran\u00e7a que ser\u00e1 entregue no CAEX mediante a apresenta\u00e7\u00e3o da seguinte documenta\u00e7\u00e3o do profissional indicado:<\/p>\n<ul>\n<li>Carta de indica\u00e7\u00e3o da empresa de seguran\u00e7a;<\/li>\n<li>Comprovante de indica\u00e7\u00e3o do expositor, caso n\u00e3o tenha feito pelo portal eletr\u00f4nico;<\/li>\n<li>C\u00f3pia simples de RG e CPF;<\/li>\n<li>Atestado de antecedentes criminais;<\/li>\n<li>C\u00f3pia simples do certificado de conclus\u00e3o do curso de seguran\u00e7a com prazo de validade vigente;<\/li>\n<li>C\u00f3pia do curso de reciclagem, se for o caso.<\/li>\n<\/ul>\n<\/div>\n<\/article>\n<article class=\"hrf-entry\" id=\"hrf-entry-1417\">\n<h3 class=\"hrf-title close-faq\" data-content-id=\"hrf-content-1417\"><span><\/span>25. Ser\u00e1 disponibilizado algum servi\u00e7o de carregador nos Pavilh\u00f5es?<\/h3>\n<div class=\"hrf-content\" id=\"hrf-content-1417\">\n<p>A Fiera Milano Brasil n\u00e3o disponibiliza esse tipo de servi\u00e7o.<\/p>\n<\/div>\n<\/article>\n<article class=\"hrf-entry\" id=\"hrf-entry-2136\">\n<h3 class=\"hrf-title close-faq\" data-content-id=\"hrf-content-2136\"><span><\/span>26. Haver\u00e1 guarda-volumes no local?<\/h3>\n<div class=\"hrf-content\" id=\"hrf-content-2136\">\n<p>Sim. O evento disponibilizar\u00e1 guarda-volumes localizado na entrada da feira.<\/p>\n<p>Todos os expositores e visitantes podem utilizar os servi\u00e7os do guarda-volumes para guardar seus pertences e circular pela feira com toda praticidade e conforto.<\/p>\n<p><b>Valor:<\/b> R$ 30,00 por volume.<\/p>\n<p><b>Forma de Pagamento:<\/b> Pix, Dinheiro, Cart\u00e3o de D\u00e9bito ou Cr\u00e9dito.<\/p>\n<p><b>Ser\u00e3o aceitas:<\/b>\u00a0Bolsas, mochilas e malas.<\/p>\n<p><b>N\u00e3o ser\u00e3o\u00a0permitidas:<\/b>\u00a0Carteiras e bolsas de m\u00e3o soltas por medida de seguran\u00e7a.<\/p>\n<p><b>Hor\u00e1rio de funcionamento do Malex:<\/b>\u00a0<strong>09h \u00e0s 18:30h.<\/strong><\/p>\n<\/div>\n<\/article>\n<article class=\"hrf-entry\" id=\"hrf-entry-9904\">\n<h3 class=\"hrf-title close-faq\" data-content-id=\"hrf-content-9904\"><span><\/span>26. Qual \u00e9 o tipo de voltagem el\u00e9trica utilizada nos pavilh\u00f5es?<\/h3>\n<div class=\"hrf-content\" id=\"hrf-content-9904\">\n<p>A tens\u00e3o dispon\u00edvel no pavilh\u00e3o \u00e9 380V trif\u00e1sico, podendo ser transformado em 220v monof\u00e1sico pelo eletricista\/t\u00e9cnico da montadora e o custo \u00e9 por KVA. Qualquer altera\u00e7\u00e3o de voltagem deve ser provida pela montadora.<\/p>\n<\/div>\n<\/article>\n<article class=\"hrf-entry\" id=\"hrf-entry-9905\">\n<h3 class=\"hrf-title close-faq\" data-content-id=\"hrf-content-9905\"><span><\/span>27. \u00c9 permitido demonstra\u00e7\u00e3o de \u00e1udio e v\u00eddeo durante a realiza\u00e7\u00e3o do evento?<\/h3>\n<div class=\"hrf-content\" id=\"hrf-content-9905\">\n<p>\u00c9 terminantemente proibida a utiliza\u00e7\u00e3o de equipamentos sonoros durante toda a realiza\u00e7\u00e3o do \u00a0\u00a0evento, isto inclui reprodu\u00e7\u00e3o de m\u00fasicas, \u00e1udios, trilhas sonoras ou quaisquer outros artif\u00edcios sonoros, sendo ao vivo ou gravado.<\/p>\n<p>&nbsp;<\/p>\n<p>&nbsp;<\/p>\n<\/div>\n<\/article>\n<article class=\"hrf-entry\" id=\"hrf-entry-9907\">\n<h3 class=\"hrf-title close-faq\" data-content-id=\"hrf-content-9907\"><span><\/span>29. Haver\u00e1 guarda-volumes no local?<\/h3>\n<div class=\"hrf-content\" id=\"hrf-content-9907\">\n<p>Sim. O evento disponibilizar\u00e1 guarda-volumes localizado na entrada da feira.<\/p>\n<p>Todos os expositores e visitantes podem utilizar os servi\u00e7os do guarda-volumes para guardar seus pertences e circular pela feira com toda praticidade e conforto.<\/p>\n<p><b>Valor:<\/b> R$ 30,00 por volume.<\/p>\n<p><b>Forma de Pagamento:<\/b> Pix, Dinheiro, Cart\u00e3o de D\u00e9bito ou Cr\u00e9dito.<\/p>\n<p><b>Ser\u00e3o aceitas:<\/b>\u00a0Bolsas, mochilas e malas.<\/p>\n<p><b>N\u00e3o ser\u00e3o\u00a0permitidas:<\/b>\u00a0Carteiras e bolsas de m\u00e3o soltas por medida de seguran\u00e7a.<\/p>\n<p><b>Hor\u00e1rio de funcionamento do Malex:<\/b>\u00a0<strong>09h \u00e0s 18:30h.<\/strong><\/p>\n<p>&nbsp;<\/p>\n<\/div>\n<\/article>\n<\/div>\n<\/div><div class=\"bt_bb_separator_v2 bt_bb_border_style_none bt_bb_top_spacing_normal bt_bb_icon_size_normal bt_bb_text_size_normal bt_bb_separator_v2_without_content\" data-bt-override-class=\"null\"><div class=\"bt_bb_separator_v2_inner\"><span class=\"bt_bb_separator_v2_inner_before\"><\/span><span class=\"bt_bb_separator_v2_inner_content\"><span  data-ico-=\"\" class=\"bt_bb_icon_holder\"><\/span><\/span><span class=\"bt_bb_separator_v2_inner_after\"><\/span><\/div><\/div><\/div><\/div><\/div><\/div><\/div><\/div><\/div><\/section>","protected":false},"excerpt":{"rendered":"","protected":false},"author":3,"featured_media":0,"parent":0,"menu_order":0,"comment_status":"closed","ping_status":"open","template":"","meta":{"om_disable_all_campaigns":false,"_monsterinsights_skip_tracking":false,"_monsterinsights_sitenote_active":false,"_monsterinsights_sitenote_note":"","_monsterinsights_sitenote_category":0},"aioseo_notices":[],"_links":{"self":[{"href":"https:\/\/reatechbrasil.com.br\/16\/wp-json\/wp\/v2\/pages\/446"}],"collection":[{"href":"https:\/\/reatechbrasil.com.br\/16\/wp-json\/wp\/v2\/pages"}],"about":[{"href":"https:\/\/reatechbrasil.com.br\/16\/wp-json\/wp\/v2\/types\/page"}],"author":[{"embeddable":true,"href":"https:\/\/reatechbrasil.com.br\/16\/wp-json\/wp\/v2\/users\/3"}],"replies":[{"embeddable":true,"href":"https:\/\/reatechbrasil.com.br\/16\/wp-json\/wp\/v2\/comments?post=446"}],"version-history":[{"count":2,"href":"https:\/\/reatechbrasil.com.br\/16\/wp-json\/wp\/v2\/pages\/446\/revisions"}],"predecessor-version":[{"id":2868,"href":"https:\/\/reatechbrasil.com.br\/16\/wp-json\/wp\/v2\/pages\/446\/revisions\/2868"}],"wp:attachment":[{"href":"https:\/\/reatechbrasil.com.br\/16\/wp-json\/wp\/v2\/media?parent=446"}],"curies":[{"name":"wp","href":"https:\/\/api.w.org\/{rel}","templated":true}]}}