{"id":693,"date":"2015-09-25T11:13:32","date_gmt":"2015-09-25T11:13:32","guid":{"rendered":"http:\/\/exposec.tmp.br\/16\/?page_id=693"},"modified":"2025-11-11T10:42:14","modified_gmt":"2025-11-11T13:42:14","slug":"primeira-participacao","status":"publish","type":"page","link":"https:\/\/reatechbrasil.com.br\/16\/primeira-participacao\/","title":{"rendered":"Primeira Participa\u00e7\u00e3o"},"content":{"rendered":"<section id=\"bt_section69e1df2acf132\"  class=\"boldSection inherit\" ><div class=\"port\"><div class=\"boldCell\"><div class=\"boldCellInner\"><div class=\"boldRow \" ><div class=\"boldRowInner\"><div class=\"rowItem col-md-12 col-ms-12  btTextCenter inherit\"  ><div class=\"rowItemContent\" ><div class=\"bt_bb_separator_v2 bt_bb_border_style_none bt_bb_top_spacing_medium bt_bb_icon_size_normal bt_bb_text_size_normal bt_bb_separator_v2_without_content\" data-bt-override-class=\"null\"><div class=\"bt_bb_separator_v2_inner\"><span class=\"bt_bb_separator_v2_inner_before\"><\/span><span class=\"bt_bb_separator_v2_inner_content\"><span  data-ico-=\"\" class=\"bt_bb_icon_holder\"><\/span><\/span><span class=\"bt_bb_separator_v2_inner_after\"><\/span><\/div><\/div><\/div><\/div><\/div><\/div><\/div><\/div><\/div><\/section><section id=\"bt_section69e1df2acf350\"  class=\"boldSection gutter inherit\" style=\"font-size:17px;\"><div class=\"port\"><div class=\"boldCell\"><div class=\"boldCellInner\"><div class=\"boldRow \" ><div class=\"boldRowInner\"><div class=\"rowItem col-md-4 col-ms-12 btTextCenter inherit\"  ><div class=\"rowItemContent\" ><div class=\"bpgPhoto btTextCenter\" ><div class = \"btImage\"><img src=\"https:\/\/reatechbrasil.com.br\/16\/wp-content\/uploads\/2023\/11\/1a-participac\u0327a\u0303o.png\" alt=\"\" ><\/div><\/div><\/div><\/div><div class=\"rowItem col-md-8 col-ms-12 btTextCenter btMiddleVertical\"  ><div class=\"rowItemContent\" ><header class=\"header btClear large btDash bottomDash  btNormalDash\" ><div class=\"dash\"><h2><span class=\"headline\">Participe do Programa\r<br><b class=\"animate\">Primeira Participa\u00e7\u00e3o<\/b>\r<br>Reatech Brasil<\/span><\/h2><\/div><\/header><\/div><\/div><\/div><\/div><div class=\"boldRow \" ><div class=\"boldRowInner\"><div class=\"rowItem col-md-6 col-sm-12 btTextLeft btMiddleVertical\"  ><div class=\"rowItemContent\" ><div class=\"bt_bb_separator_v2 bt_bb_border_style_none bt_bb_top_spacing_small bt_bb_icon_size_normal bt_bb_text_size_normal bt_bb_separator_v2_without_content\" data-bt-override-class=\"null\"><div class=\"bt_bb_separator_v2_inner\"><span class=\"bt_bb_separator_v2_inner_before\"><\/span><span class=\"bt_bb_separator_v2_inner_content\"><span  data-ico-=\"\" class=\"bt_bb_icon_holder\"><\/span><\/span><span class=\"bt_bb_separator_v2_inner_after\"><\/span><\/div><\/div><div class=\"btText\" ><p>A <strong>Reatech<\/strong>\u00a0busca englobar empresas de todos os tamanhos e segmentos da Ind\u00fastria de Reabilita\u00e7\u00e3o, Inclus\u00e3o e Acessibilidade. E, para isso, sabe que precisa oferecer um atendimento personalizado de acordo com o porte do cliente, principalmente, o pequeno empres\u00e1rio que, muitas vezes, precisa de suporte e infraestrutura para fazer parte de uma feira com grandes dimens\u00f5es como a Reatech.<\/p>\n<p>Se voc\u00ea \u00e9 propriet\u00e1rio de uma pequena empresa e gostaria de participar pela primeira vez, conhe\u00e7a o programa de relacionamento: <strong>1\u00aa Participa\u00e7\u00e3o Reatech<\/strong>.<\/p>\n<\/div><div class=\"bt_bb_separator_v2 bt_bb_border_style_none bt_bb_top_spacing_normal bt_bb_icon_size_normal bt_bb_text_size_normal bt_bb_separator_v2_without_content\" data-bt-override-class=\"null\"><div class=\"bt_bb_separator_v2_inner\"><span class=\"bt_bb_separator_v2_inner_before\"><\/span><span class=\"bt_bb_separator_v2_inner_content\"><span  data-ico-=\"\" class=\"bt_bb_icon_holder\"><\/span><\/span><span class=\"bt_bb_separator_v2_inner_after\"><\/span><\/div><\/div><\/div><\/div><div class=\"rowItem col-md-6 col-sm-12 btTextLeft btMiddleVertical\"  ><div class=\"rowItemContent\" ><div class=\"bt_bb_separator_v2 bt_bb_border_style_none bt_bb_top_spacing_small bt_bb_icon_size_normal bt_bb_text_size_normal bt_bb_separator_v2_without_content\" data-bt-override-class=\"null\"><div class=\"bt_bb_separator_v2_inner\"><span class=\"bt_bb_separator_v2_inner_before\"><\/span><span class=\"bt_bb_separator_v2_inner_content\"><span  data-ico-=\"\" class=\"bt_bb_icon_holder\"><\/span><\/span><span class=\"bt_bb_separator_v2_inner_after\"><\/span><\/div><\/div><div class=\"bt_bb_raw_content\"><iframe width=\"560\" height=\"315\" src=\"https:\/\/www.youtube.com\/embed\/ydvbZ8QS3xc?si=9aATeHRb5JZFao6V\" title=\"YouTube video player\" frameborder=\"0\" allow=\"accelerometer; autoplay; clipboard-write; encrypted-media; gyroscope; picture-in-picture; web-share\" referrerpolicy=\"strict-origin-when-cross-origin\" allowfullscreen><\/iframe><\/div><div class=\"bt_bb_separator_v2 bt_bb_border_style_none bt_bb_top_spacing_small bt_bb_icon_size_normal bt_bb_text_size_normal bt_bb_separator_v2_without_content\" data-bt-override-class=\"null\"><div class=\"bt_bb_separator_v2_inner\"><span class=\"bt_bb_separator_v2_inner_before\"><\/span><span class=\"bt_bb_separator_v2_inner_content\"><span  data-ico-=\"\" class=\"bt_bb_icon_holder\"><\/span><\/span><span class=\"bt_bb_separator_v2_inner_after\"><\/span><\/div><\/div><\/div><\/div><\/div><\/div><div class=\"boldRow \" ><div class=\"boldRowInner\"><div class=\"rowItem col-md-12 col-ms-12  btTextLeft\"  ><div class=\"rowItemContent\" ><div class=\"bt_bb_separator_v2 bt_bb_border_style_none bt_bb_top_spacing_normal bt_bb_icon_size_normal bt_bb_text_size_normal bt_bb_separator_v2_without_content\" data-bt-override-class=\"null\"><div class=\"bt_bb_separator_v2_inner\"><span class=\"bt_bb_separator_v2_inner_before\"><\/span><span class=\"bt_bb_separator_v2_inner_content\"><span  data-ico-=\"\" class=\"bt_bb_icon_holder\"><\/span><\/span><span class=\"bt_bb_separator_v2_inner_after\"><\/span><\/div><\/div><div class=\"btText\" ><p style=\"text-align: center;\"><strong>DIFERENCIAIS DO PROGRAMA<\/strong><\/p>\n<p>Ao fazer parte do espa\u00e7o\u00a0<strong>1\u00aa Participa\u00e7\u00e3o Reatech<\/strong>, voc\u00ea receber\u00e1 um pacote de servi\u00e7os diferenciado que ir\u00e1 facilitar bastante a sua participa\u00e7\u00e3o na feira:<\/p>\n<ul>\n<li>Estande de 9m\u00b2 em \u00e1rea demarcada na planta<\/li>\n<li>Montagem 1\u00aa Participa\u00e7\u00e3o (carpete aplicado diretamente no piso do pavilh\u00e3o,\u00a0 3 arm\u00e1rios baixos, 1 mesa tampo em mdf ou vidro, 3 cadeiras fixas, 1 lixeira em pvc, 1 balc\u00e3o octanorm, 1 tomada)<\/li>\n<li>1 kva<\/li>\n<\/ul>\n<p><strong>Taxas obrigat\u00f3rias inclusas: <\/strong><\/p>\n<ul>\n<li>Energia<\/li>\n<li>Prefeitura<\/li>\n<li>Limpeza<\/li>\n<li>Extintor<\/li>\n<\/ul>\n<p><strong>Investimento: <\/strong>Entre em contato com nossa equipe de vendas.<\/p>\n<p>&nbsp;<\/p>\n<p>Aumente seu potencial de networking, fa\u00e7a neg\u00f3cios e exponha a sua marca.<\/p>\n<p style=\"text-align: center;\"><strong>Garanta j\u00e1 a sua participa\u00e7\u00e3o no maior e mais esperado evento do setor!<\/strong><\/p>\n<\/div><div class=\"bt_bb_separator_v2 bt_bb_border_style_none bt_bb_top_spacing_normal bt_bb_icon_size_normal bt_bb_text_size_normal bt_bb_separator_v2_without_content\" data-bt-override-class=\"null\"><div class=\"bt_bb_separator_v2_inner\"><span class=\"bt_bb_separator_v2_inner_before\"><\/span><span class=\"bt_bb_separator_v2_inner_content\"><span  data-ico-=\"\" class=\"bt_bb_icon_holder\"><\/span><\/span><span class=\"bt_bb_separator_v2_inner_after\"><\/span><\/div><\/div><\/div><\/div><\/div><\/div><\/div><\/div><\/div><\/section><section id=\"bt_section69e1df2ad0eab\"  class=\"boldSection inherit\" style=\"background-color:#fbdc18;color:#FFFFFF;\"><div class=\"port\"><div class=\"boldCell\"><div class=\"boldCellInner\"><div class=\"boldRow \" ><div class=\"boldRowInner\"><div class=\"rowItem col-md-6 col-sm-12 btTextCenter inherit\"  ><div class=\"rowItemContent\" ><div class=\"bt_bb_separator_v2 bt_bb_border_style_none bt_bb_top_spacing_medium bt_bb_icon_size_normal bt_bb_text_size_normal bt_bb_separator_v2_without_content\" data-bt-override-class=\"null\"><div class=\"bt_bb_separator_v2_inner\"><span class=\"bt_bb_separator_v2_inner_before\"><\/span><span class=\"bt_bb_separator_v2_inner_content\"><span  data-ico-=\"\" class=\"bt_bb_icon_holder\"><\/span><\/span><span class=\"bt_bb_separator_v2_inner_after\"><\/span><\/div><\/div><div  class=\"bt_bb_text\" ><h3>Voc\u00ea n\u00e3o Pode Ficar de Fora!<\/h3>\n<\/div><div class=\"bt_bb_separator_v2 bt_bb_border_style_none bt_bb_top_spacing_medium bt_bb_icon_size_normal bt_bb_text_size_normal bt_bb_separator_v2_without_content\" data-bt-override-class=\"null\"><div class=\"bt_bb_separator_v2_inner\"><span class=\"bt_bb_separator_v2_inner_before\"><\/span><span class=\"bt_bb_separator_v2_inner_content\"><span  data-ico-=\"\" class=\"bt_bb_icon_holder\"><\/span><\/span><span class=\"bt_bb_separator_v2_inner_after\"><\/span><\/div><\/div><\/div><\/div><div class=\"rowItem col-md-6 col-sm-12 btTextCenter inherit\"  ><div class=\"rowItemContent\" ><div class=\"bt_bb_separator_v2 bt_bb_border_style_none bt_bb_top_spacing_medium bt_bb_icon_size_normal bt_bb_text_size_normal bt_bb_separator_v2_without_content\" data-bt-override-class=\"null\"><div class=\"bt_bb_separator_v2_inner\"><span class=\"bt_bb_separator_v2_inner_before\"><\/span><span class=\"bt_bb_separator_v2_inner_content\"><span  data-ico-=\"\" class=\"bt_bb_icon_holder\"><\/span><\/span><span class=\"bt_bb_separator_v2_inner_after\"><\/span><\/div><\/div><a href=\"\/16\/contato-comercial\/\" class=\"btBtn btBtn btnFilledStyle btnAccentColor btnBig btnNormalWidth btnLeftPosition btnIco\" ><span class=\"btnInnerText\">Seja um Expositor<\/span><span class=\"btIco \" ><span  data-ico-fa=\"&#xf101;\" class=\"btIcoHolder\"><em><\/em><\/span><\/span><\/a><div class=\"bt_bb_separator_v2 bt_bb_border_style_none bt_bb_top_spacing_medium bt_bb_icon_size_normal bt_bb_text_size_normal bt_bb_separator_v2_without_content\" data-bt-override-class=\"null\"><div class=\"bt_bb_separator_v2_inner\"><span class=\"bt_bb_separator_v2_inner_before\"><\/span><span class=\"bt_bb_separator_v2_inner_content\"><span  data-ico-=\"\" class=\"bt_bb_icon_holder\"><\/span><\/span><span class=\"bt_bb_separator_v2_inner_after\"><\/span><\/div><\/div><\/div><\/div><\/div><\/div><\/div><\/div><\/div><\/section><section id=\"bt_section69e1df2ad15f6\"  class=\"boldSection gutter inherit\" style=\"font-size:17px;\"><div class=\"port\"><div class=\"boldCell\"><div class=\"boldCellInner\"><div class=\"boldRow \" ><div class=\"boldRowInner\"><div class=\"rowItem col-md-6 col-sm-12 btTextCenter inherit\"  ><div class=\"rowItemContent\" ><div class=\"bt_bb_separator_v2 bt_bb_border_style_none bt_bb_top_spacing_medium bt_bb_icon_size_normal bt_bb_text_size_normal bt_bb_separator_v2_without_content\" data-bt-override-class=\"null\"><div class=\"bt_bb_separator_v2_inner\"><span class=\"bt_bb_separator_v2_inner_before\"><\/span><span class=\"bt_bb_separator_v2_inner_content\"><span  data-ico-=\"\" class=\"bt_bb_icon_holder\"><\/span><\/span><span class=\"bt_bb_separator_v2_inner_after\"><\/span><\/div><\/div><header class=\"header btClear extralarge btDash topDash  btNormalDash\" ><div class=\"btSuperTitle\">Maior Feira de <b>Reabilita\u00e7\u00e3o e Acessibilidade<\/b> da Am\u00e9rica Latina!<\/div><div class=\"dash\"><h1><span class=\"headline\">MOTIVOS PARA\r<br>PARTICIPAR DA\r<br><b class=\"animate\">REATECH!<\/b><\/span><\/h1><\/div><\/header><\/div><\/div><div class=\"rowItem col-md-6 col-sm-12 btTextLeft btMiddleVertical\"  ><div class=\"rowItemContent\" ><div class=\"bt_bb_separator_v2 bt_bb_border_style_none bt_bb_top_spacing_normal bt_bb_bottom_spacing_normal bt_bb_icon_size_normal bt_bb_text_size_normal bt_bb_separator_v2_without_content\" data-bt-override-class=\"null\"><div class=\"bt_bb_separator_v2_inner\"><span class=\"bt_bb_separator_v2_inner_before\"><\/span><span class=\"bt_bb_separator_v2_inner_content\"><span  data-ico-=\"\" class=\"bt_bb_icon_holder\"><\/span><\/span><span class=\"bt_bb_separator_v2_inner_after\"><\/span><\/div><\/div><div class=\"btText\" ><ul>\n<li>Aumentar o n\u00edvel de exposi\u00e7\u00e3o de sua marca e\/ou produto a um p\u00fablico qualificado e focado no setor de reabilita\u00e7\u00e3o, inclus\u00e3o e acessibilidade;<\/li>\n<li>Estabelecer contato direto e realizar neg\u00f3cios com compradores nacionais e internacionais do setor;<\/li>\n<li>Participar do principal evento de reabilita\u00e7\u00e3o da Am\u00e9rica Latina e ficar a par do que os seus concorrentes est\u00e3o fazendo;<\/li>\n<li>Desenvolver parcerias com os principais players de mercado.<\/li>\n<\/ul>\n<\/div><\/div><\/div><\/div><\/div><\/div><\/div><\/div><\/section><section id=\"bt_section69e1df2ad1954\"  class=\"boldSection topSemiSpaced bottomSmallSpaced inherit\" ><div class=\"port\"><div class=\"boldCell\"><div class=\"boldCellInner\"><div class=\"boldRow \" ><div class=\"boldRowInner\"><div class=\"rowItem col-md-12 col-ms-12  btTextCenter inherit\"  ><div class=\"rowItemContent\" ><header class=\"header btClear medium btDash topDash  btNormalDash\" ><div class=\"dash\"><h3><span class=\"headline\">Fa\u00e7a como as Principais Marcas do Setor!<\/span><\/h3><\/div><\/header><\/div><\/div><\/div><\/div><div class=\"boldRow \" ><div class=\"boldRowInner\"><div class=\"rowItem col-md-12 col-ms-12  btTextCenter inherit\"  ><div class=\"rowItemContent\" ><a href=\"\/16\/contato-comercial\/\" class=\"btBtn btBtn btnFilledStyle btnAccentColor btnBig btnNormalWidth btnLeftPosition btnIco\" ><span class=\"btnInnerText\">Seja um Expositor<\/span><span class=\"btIco \" ><span  data-ico-fa=\"&#xf101;\" class=\"btIcoHolder\"><em><\/em><\/span><\/span><\/a><\/div><\/div><\/div><\/div><\/div><\/div><\/div><\/section><section id=\"bt_section69e1df2ad2108\"  class=\"boldSection bottomSmallSpaced gutter inherit\" style=\"font-size:17px;\"><div class=\"port\"><div class=\"boldCell\"><div class=\"boldCellInner\"><div class=\"boldRow \" ><div class=\"boldRowInner\"><div class=\"rowItem col-md-12 col-ms-12  btTextCenter inherit\"  ><div class=\"rowItemContent\" ><div class=\"btClear btSeparator topSemiSpaced noBorder\" ><hr><\/div><header class=\"header btClear medium  btNormalDash\" ><div class=\"dash\"><h3><span class=\"headline\">Perfil do Visitante<\/span><\/h3><\/div><\/header><div  class=\"bt_bb_text\" ><p>\u00d3timos neg\u00f3cios esperam por voc\u00ea na 18\u00aa Reatech!<\/p>\n<\/div><div class=\"btClear btSeparator bottomSemiSpaced noBorder\" ><hr><\/div><\/div><\/div><\/div><\/div><div class=\"boldRow \" ><div class=\"boldRowInner\"><div class=\"rowItem col-md-6 col-sm-12 btTextLeft btMiddleVertical\"  ><div class=\"rowItemContent\" ><div  class=\"bt_bb_text\" ><ul>\n<li><strong style=\"font-size;26px; color: #0c68b0;\">30%\u00a0<\/strong>Pessoas com Defici\u00eancias e Familiares;<\/li>\n<li><strong style=\"font-size;26px; color: #0c68b0;\">24%<\/strong>\u00a0M\u00e9dicos, Fisioterapeutas, Fonoaudiologos, Pedagogose Terapeutas;<\/li>\n<li><strong style=\"font-size;26px; color: #0c68b0;\"><strong style=\"font-size;26px; color: #0c68b0;\">21%\u00a0<\/strong><\/strong>Presidentes, Investidores, Diretores e\/ou Propriet\u00e1rios;<\/li>\n<li><strong style=\"font-size;26px; color: #0c68b0;\">15%\u00a0<\/strong>Psic\u00f3logos, Professores e Assistentes Sociais;<\/li>\n<li><strong style=\"font-size;26px; color: #0c68b0;\">10%\u00a0<\/strong>Outros Profissionais (Engenheiros, Arquitetos,Construtores, etc.).<\/li>\n<\/ul>\n<\/div><\/div><\/div><div class=\"rowItem col-md-6 col-sm-12 btTextCenter btMiddleVertical\"  ><div class=\"rowItemContent\" ><div  class=\"bt_bb_text\" ><p><img loading=\"lazy\" src=\"https:\/\/reatechbrasil.com.br\/16\/wp-content\/uploads\/2015\/09\/img-perfil-visitante-reatech.png\" alt=\"Perfil Visitante Reatech Brasil\" width=\"350\" height=\"345\" \/><\/p>\n<\/div><\/div><\/div><\/div><\/div><\/div><\/div><\/div><\/section>","protected":false},"excerpt":{"rendered":"","protected":false},"author":3,"featured_media":0,"parent":0,"menu_order":0,"comment_status":"closed","ping_status":"open","template":"","meta":{"om_disable_all_campaigns":false,"_monsterinsights_skip_tracking":false,"_monsterinsights_sitenote_active":false,"_monsterinsights_sitenote_note":"","_monsterinsights_sitenote_category":0},"aioseo_notices":[],"_links":{"self":[{"href":"https:\/\/reatechbrasil.com.br\/16\/wp-json\/wp\/v2\/pages\/693"}],"collection":[{"href":"https:\/\/reatechbrasil.com.br\/16\/wp-json\/wp\/v2\/pages"}],"about":[{"href":"https:\/\/reatechbrasil.com.br\/16\/wp-json\/wp\/v2\/types\/page"}],"author":[{"embeddable":true,"href":"https:\/\/reatechbrasil.com.br\/16\/wp-json\/wp\/v2\/users\/3"}],"replies":[{"embeddable":true,"href":"https:\/\/reatechbrasil.com.br\/16\/wp-json\/wp\/v2\/comments?post=693"}],"version-history":[{"count":44,"href":"https:\/\/reatechbrasil.com.br\/16\/wp-json\/wp\/v2\/pages\/693\/revisions"}],"predecessor-version":[{"id":21790,"href":"https:\/\/reatechbrasil.com.br\/16\/wp-json\/wp\/v2\/pages\/693\/revisions\/21790"}],"wp:attachment":[{"href":"https:\/\/reatechbrasil.com.br\/16\/wp-json\/wp\/v2\/media?parent=693"}],"curies":[{"name":"wp","href":"https:\/\/api.w.org\/{rel}","templated":true}]}}