{"id":132,"date":"2023-08-23T16:04:56","date_gmt":"2023-08-23T19:04:56","guid":{"rendered":"https:\/\/reatechbrasil.com.br\/loja\/?page_id=132"},"modified":"2023-08-23T16:05:09","modified_gmt":"2023-08-23T19:05:09","slug":"politica-de-cookies","status":"publish","type":"page","link":"https:\/\/reatechbrasil.com.br\/loja\/politica-de-cookies\/","title":{"rendered":"Pol\u00edtica de Cookies"},"content":{"rendered":"\t\t<div data-elementor-type=\"wp-page\" data-elementor-id=\"132\" class=\"elementor elementor-132\" data-elementor-post-type=\"page\">\n\t\t\t\t\t\t\t\t\t<section class=\"elementor-section elementor-top-section elementor-element elementor-element-57db5ab1 elementor-section-boxed elementor-section-height-default elementor-section-height-default\" data-id=\"57db5ab1\" data-element_type=\"section\">\n\t\t\t\t\t\t<div class=\"elementor-container elementor-column-gap-default\">\n\t\t\t\t\t<div class=\"elementor-column elementor-col-100 elementor-top-column elementor-element elementor-element-5f4b50f8\" data-id=\"5f4b50f8\" data-element_type=\"column\">\n\t\t\t<div class=\"elementor-widget-wrap elementor-element-populated\">\n\t\t\t\t\t\t\t\t<div class=\"elementor-element elementor-element-dd2698a elementor-widget elementor-widget-heading\" data-id=\"dd2698a\" data-element_type=\"widget\" data-widget_type=\"heading.default\">\n\t\t\t\t<div class=\"elementor-widget-container\">\n\t\t\t<style>\/*! elementor - v3.15.0 - 20-08-2023 *\/\n.elementor-heading-title{padding:0;margin:0;line-height:1}.elementor-widget-heading .elementor-heading-title[class*=elementor-size-]>a{color:inherit;font-size:inherit;line-height:inherit}.elementor-widget-heading .elementor-heading-title.elementor-size-small{font-size:15px}.elementor-widget-heading .elementor-heading-title.elementor-size-medium{font-size:19px}.elementor-widget-heading .elementor-heading-title.elementor-size-large{font-size:29px}.elementor-widget-heading .elementor-heading-title.elementor-size-xl{font-size:39px}.elementor-widget-heading .elementor-heading-title.elementor-size-xxl{font-size:59px}<\/style><h1 class=\"elementor-heading-title elementor-size-default\">Pol\u00edtica de Cookies<\/h1>\t\t<\/div>\n\t\t\t\t<\/div>\n\t\t\t\t<div class=\"elementor-element elementor-element-f721422 elementor-widget elementor-widget-text-editor\" data-id=\"f721422\" data-element_type=\"widget\" data-widget_type=\"text-editor.default\">\n\t\t\t\t<div class=\"elementor-widget-container\">\n\t\t\t<style>\/*! elementor - v3.15.0 - 20-08-2023 *\/\n.elementor-widget-text-editor.elementor-drop-cap-view-stacked .elementor-drop-cap{background-color:#69727d;color:#fff}.elementor-widget-text-editor.elementor-drop-cap-view-framed .elementor-drop-cap{color:#69727d;border:3px solid;background-color:transparent}.elementor-widget-text-editor:not(.elementor-drop-cap-view-default) .elementor-drop-cap{margin-top:8px}.elementor-widget-text-editor:not(.elementor-drop-cap-view-default) .elementor-drop-cap-letter{width:1em;height:1em}.elementor-widget-text-editor .elementor-drop-cap{float:left;text-align:center;line-height:1;font-size:50px}.elementor-widget-text-editor .elementor-drop-cap-letter{display:inline-block}<\/style>\t\t\t\t<p><strong>DA POL\u00cdTICA DE COOKIES<\/strong><\/p><p>Os sites da Fiera Milano Brasil utilizam cookies e nossa Pol\u00edtica de Cookies informa o que s\u00e3o cookies, como podemos us\u00e1-los, os tipos de cookies que usamos e como voc\u00ea pode recus\u00e1-los.<\/p><p>Esta pol\u00edtica abrange:<\/p><ul><li>O que s\u00e3o cookies?<\/li><li>Como usamos cookies?<\/li><li>Ser\u00e1 que os cookies recolhem os meus dados pessoais?<\/li><li>Posso dizer n\u00e3o a eles?<\/li><li>Nossa lista de cookies<\/li><li>Google Analytics<\/li><li>Como fa\u00e7o para resetar ou apagar cookies?<\/li><li>Como nos contactar<\/li><li>Altera\u00e7\u00f5es da nossa pol\u00edtica de cookies<\/li><\/ul><p>Esta Pol\u00edtica de Cookies deve ser lida em conjunto com os nossos Termos do Site e Condi\u00e7\u00f5es e Pol\u00edtica de Privacidade.<\/p><p><strong>O QUE S\u00c3O COOKIES?<\/strong><\/p><p>Cookies s\u00e3o pequenos arquivos de texto que podem definir prefer\u00eancias, dependendo de suas escolhas no seu dispositivo quando visita o nosso website; um cookie normalmente \u00e9 um arquivo de texto contendo um n\u00famero de identifica\u00e7\u00e3o an\u00f4nima exclusiva arbitr\u00e1ria. Quando voc\u00ea voltar a visitar o nosso site o site ir\u00e1 procurar os cookies para ver se voc\u00ea tem visitado anteriormente.<\/p><p>Existem duas grandes categorias de cookies:<\/p><ul><li>Os cookies persistentes: estes permanecem no dispositivo at\u00e9 ser removido manualmente ou automaticamente.<\/li><li>Os cookies de sess\u00e3o: estes permanecem no seu dispositivo at\u00e9 que voc\u00ea fechar o navegador quando eles s\u00e3o exclu\u00eddos automaticamente.<\/li><\/ul><p><strong>\u00a0<\/strong><\/p><p><strong>COMO USAMOS COOKIES?<\/strong><\/p><p>N\u00f3s usamos cookies para personalizar o conte\u00fado que voc\u00ea recebe do nosso site, por exemplo:<\/p><ul><li>Tornar a navega\u00e7\u00e3o mais f\u00e1cil, e permitir que as nossas p\u00e1ginas sejam exibidas corretamente<\/li><li>Identificar se voc\u00ea vem de outro site das feiras da Fiera Milano Brasil ou um dos nossos parceiros<\/li><li>Analisar o desempenho do nosso site com base em dados an\u00f4nimos relacionados com a sua navega\u00e7\u00e3o (por exemplo, p\u00e1ginas visitadas, n\u00famero de visitas, etc); usamos o Google Analytics para esta finalidade<\/li><\/ul><p>Os cookies utilizados pela Fiera Milano Brasil neste site s\u00e3o concebidos para serem utilizados apenas por n\u00f3s ou pelas partes que trabalham em nosso nome.<\/p><p><strong>SER\u00c1 QUE OS COOKIES RECOLHEM OS MEUS DADOS PESSOAIS?<\/strong><\/p><p>Tecnologia de cookies n\u00e3o coletam informa\u00e7\u00f5es que permitem tornar voc\u00ea pessoalmente identific\u00e1vel. Ele pode ser usado para identific\u00e1-lo como um visitante \u00fanico, mas an\u00f4nimo a um site.<\/p><p><strong>POSSO DIZER N\u00c3O A ELES?<\/strong><\/p><p>Voc\u00ea pode se recusar a aceitar alguns ou todos os cookies, basta ativar as configura\u00e7\u00f5es do seu navegador que lhe permite fazer isso.<\/p><p>Voc\u00ea precisa estar ciente de que embora se voc\u00ea excluir todos os cookies que voc\u00ea pode n\u00e3o ser capaz de aceder a determinadas partes do nosso site e podemos pensar que voc\u00ea nunca nos visitou antes e, portanto, servir-lhe com o nosso Aviso de Cookies novamente.<\/p><p><strong>GOOGLE ANALYTICS<\/strong><\/p><p>Este site tamb\u00e9m usa o Google Analytics, um servi\u00e7o de an\u00e1lise fornecido pelo Google, Inc. ( \u201cGoogle\u201d). O Google Analytics utiliza cookies para ajudar na an\u00e1lise de navega\u00e7\u00e3o do site.<\/p><p><strong>CONTATO<\/strong><\/p><p>Use os dados apropriados de contato (e-mail, telefone ou correio), se deseja exercer qualquer dos seus direitos ou se voc\u00ea tiver quaisquer outras quest\u00f5es relacionadas com o uso de suas informa\u00e7\u00f5es.<\/p><p><strong>ALTERA\u00c7\u00d5ES DA NOSSA POL\u00cdTICA DE COOKIES<\/strong><\/p><p>A Fiera Milano Brasil pode atualizar esta pol\u00edtica a qualquer momento, por favor, verifique esta p\u00e1gina regularmente.<\/p><p>Esta pol\u00edtica foi atualizada em julho de 2020.<\/p>\t\t\t\t\t\t<\/div>\n\t\t\t\t<\/div>\n\t\t\t\t\t<\/div>\n\t\t<\/div>\n\t\t\t\t\t\t\t<\/div>\n\t\t<\/section>\n\t\t\t\t\t\t\t<\/div>\n\t\t","protected":false},"excerpt":{"rendered":"<p>DA POL\u00cdTICA DE COOKIES Os sites da Fiera Milano Brasil utilizam cookies e nossa Pol\u00edtica de Cookies informa o que s\u00e3o cookies, como podemos us\u00e1-los, os tipos de cookies que usamos e como voc\u00ea pode recus\u00e1-los. Esta pol\u00edtica abrange: O que s\u00e3o cookies? Como usamos cookies? Ser\u00e1 que os cookies recolhem os meus dados pessoais? [&hellip;]<\/p>\n","protected":false},"author":1,"featured_media":0,"parent":0,"menu_order":0,"comment_status":"closed","ping_status":"closed","template":"","meta":{"footnotes":""},"class_list":["post-132","page","type-page","status-publish","hentry"],"yoast_head":"<!-- This site is optimized with the Yoast SEO plugin v21.2 - https:\/\/yoast.com\/wordpress\/plugins\/seo\/ -->\n<title>Pol\u00edtica de Cookies - Loja Virtual da Reatech 2023<\/title>\n<meta name=\"robots\" content=\"index, follow, max-snippet:-1, max-image-preview:large, max-video-preview:-1\" \/>\n<link rel=\"canonical\" href=\"https:\/\/reatechbrasil.com.br\/loja\/politica-de-cookies\/\" \/>\n<meta property=\"og:locale\" content=\"pt_BR\" \/>\n<meta property=\"og:type\" content=\"article\" \/>\n<meta property=\"og:title\" content=\"Pol\u00edtica de Cookies - Loja Virtual da Reatech 2023\" \/>\n<meta property=\"og:description\" content=\"DA POL\u00cdTICA DE COOKIES Os sites da Fiera Milano Brasil utilizam cookies e nossa Pol\u00edtica de Cookies informa o que s\u00e3o cookies, como podemos us\u00e1-los, os tipos de cookies que usamos e como voc\u00ea pode recus\u00e1-los. Esta pol\u00edtica abrange: O que s\u00e3o cookies? Como usamos cookies? Ser\u00e1 que os cookies recolhem os meus dados pessoais? [&hellip;]\" \/>\n<meta property=\"og:url\" content=\"https:\/\/reatechbrasil.com.br\/loja\/politica-de-cookies\/\" \/>\n<meta property=\"og:site_name\" content=\"Loja Virtual da Reatech 2023\" \/>\n<meta property=\"article:publisher\" content=\"https:\/\/www.facebook.com\/reatechbrasil\/\" \/>\n<meta property=\"article:modified_time\" content=\"2023-08-23T19:05:09+00:00\" \/>\n<meta name=\"twitter:card\" content=\"summary_large_image\" \/>\n<meta name=\"twitter:label1\" content=\"Est. tempo de leitura\" \/>\n\t<meta name=\"twitter:data1\" content=\"3 minutos\" \/>\n<script type=\"application\/ld+json\" class=\"yoast-schema-graph\">{\"@context\":\"https:\/\/schema.org\",\"@graph\":[{\"@type\":\"WebPage\",\"@id\":\"https:\/\/reatechbrasil.com.br\/loja\/politica-de-cookies\/\",\"url\":\"https:\/\/reatechbrasil.com.br\/loja\/politica-de-cookies\/\",\"name\":\"Pol\u00edtica de Cookies - Loja Virtual da Reatech 2023\",\"isPartOf\":{\"@id\":\"https:\/\/reatechbrasil.com.br\/loja\/#website\"},\"datePublished\":\"2023-08-23T19:04:56+00:00\",\"dateModified\":\"2023-08-23T19:05:09+00:00\",\"breadcrumb\":{\"@id\":\"https:\/\/reatechbrasil.com.br\/loja\/politica-de-cookies\/#breadcrumb\"},\"inLanguage\":\"pt-BR\",\"potentialAction\":[{\"@type\":\"ReadAction\",\"target\":[\"https:\/\/reatechbrasil.com.br\/loja\/politica-de-cookies\/\"]}]},{\"@type\":\"BreadcrumbList\",\"@id\":\"https:\/\/reatechbrasil.com.br\/loja\/politica-de-cookies\/#breadcrumb\",\"itemListElement\":[{\"@type\":\"ListItem\",\"position\":1,\"name\":\"In\u00edcio\",\"item\":\"https:\/\/reatechbrasil.com.br\/loja\/\"},{\"@type\":\"ListItem\",\"position\":2,\"name\":\"Pol\u00edtica de Cookies\"}]},{\"@type\":\"WebSite\",\"@id\":\"https:\/\/reatechbrasil.com.br\/loja\/#website\",\"url\":\"https:\/\/reatechbrasil.com.br\/loja\/\",\"name\":\"Reatech Shop - Loja Virtual da Reatech 2023\",\"description\":\"\",\"publisher\":{\"@id\":\"https:\/\/reatechbrasil.com.br\/loja\/#organization\"},\"potentialAction\":[{\"@type\":\"SearchAction\",\"target\":{\"@type\":\"EntryPoint\",\"urlTemplate\":\"https:\/\/reatechbrasil.com.br\/loja\/?s={search_term_string}\"},\"query-input\":\"required name=search_term_string\"}],\"inLanguage\":\"pt-BR\"},{\"@type\":\"Organization\",\"@id\":\"https:\/\/reatechbrasil.com.br\/loja\/#organization\",\"name\":\"Reatech Brasil\",\"url\":\"https:\/\/reatechbrasil.com.br\/loja\/\",\"logo\":{\"@type\":\"ImageObject\",\"inLanguage\":\"pt-BR\",\"@id\":\"https:\/\/reatechbrasil.com.br\/loja\/#\/schema\/logo\/image\/\",\"url\":\"https:\/\/reatechbrasil.com.br\/loja\/wp-content\/uploads\/2023\/08\/logo-reatech-2023-h.png\",\"contentUrl\":\"https:\/\/reatechbrasil.com.br\/loja\/wp-content\/uploads\/2023\/08\/logo-reatech-2023-h.png\",\"width\":1145,\"height\":374,\"caption\":\"Reatech Brasil\"},\"image\":{\"@id\":\"https:\/\/reatechbrasil.com.br\/loja\/#\/schema\/logo\/image\/\"},\"sameAs\":[\"https:\/\/www.facebook.com\/reatechbrasil\/\",\"https:\/\/www.instagram.com\/ReatechBrasil\/\",\"https:\/\/www.linkedin.com\/showcase\/reatech-brasil\/?originalSubdomain=br\"]}]}<\/script>\n<!-- \/ Yoast SEO plugin. -->","yoast_head_json":{"title":"Pol\u00edtica de Cookies - Loja Virtual da Reatech 2023","robots":{"index":"index","follow":"follow","max-snippet":"max-snippet:-1","max-image-preview":"max-image-preview:large","max-video-preview":"max-video-preview:-1"},"canonical":"https:\/\/reatechbrasil.com.br\/loja\/politica-de-cookies\/","og_locale":"pt_BR","og_type":"article","og_title":"Pol\u00edtica de Cookies - Loja Virtual da Reatech 2023","og_description":"DA POL\u00cdTICA DE COOKIES Os sites da Fiera Milano Brasil utilizam cookies e nossa Pol\u00edtica de Cookies informa o que s\u00e3o cookies, como podemos us\u00e1-los, os tipos de cookies que usamos e como voc\u00ea pode recus\u00e1-los. Esta pol\u00edtica abrange: O que s\u00e3o cookies? Como usamos cookies? Ser\u00e1 que os cookies recolhem os meus dados pessoais? [&hellip;]","og_url":"https:\/\/reatechbrasil.com.br\/loja\/politica-de-cookies\/","og_site_name":"Loja Virtual da Reatech 2023","article_publisher":"https:\/\/www.facebook.com\/reatechbrasil\/","article_modified_time":"2023-08-23T19:05:09+00:00","twitter_card":"summary_large_image","twitter_misc":{"Est. tempo de leitura":"3 minutos"},"schema":{"@context":"https:\/\/schema.org","@graph":[{"@type":"WebPage","@id":"https:\/\/reatechbrasil.com.br\/loja\/politica-de-cookies\/","url":"https:\/\/reatechbrasil.com.br\/loja\/politica-de-cookies\/","name":"Pol\u00edtica de Cookies - Loja Virtual da Reatech 2023","isPartOf":{"@id":"https:\/\/reatechbrasil.com.br\/loja\/#website"},"datePublished":"2023-08-23T19:04:56+00:00","dateModified":"2023-08-23T19:05:09+00:00","breadcrumb":{"@id":"https:\/\/reatechbrasil.com.br\/loja\/politica-de-cookies\/#breadcrumb"},"inLanguage":"pt-BR","potentialAction":[{"@type":"ReadAction","target":["https:\/\/reatechbrasil.com.br\/loja\/politica-de-cookies\/"]}]},{"@type":"BreadcrumbList","@id":"https:\/\/reatechbrasil.com.br\/loja\/politica-de-cookies\/#breadcrumb","itemListElement":[{"@type":"ListItem","position":1,"name":"In\u00edcio","item":"https:\/\/reatechbrasil.com.br\/loja\/"},{"@type":"ListItem","position":2,"name":"Pol\u00edtica de Cookies"}]},{"@type":"WebSite","@id":"https:\/\/reatechbrasil.com.br\/loja\/#website","url":"https:\/\/reatechbrasil.com.br\/loja\/","name":"Reatech Shop - Loja Virtual da Reatech 2023","description":"","publisher":{"@id":"https:\/\/reatechbrasil.com.br\/loja\/#organization"},"potentialAction":[{"@type":"SearchAction","target":{"@type":"EntryPoint","urlTemplate":"https:\/\/reatechbrasil.com.br\/loja\/?s={search_term_string}"},"query-input":"required name=search_term_string"}],"inLanguage":"pt-BR"},{"@type":"Organization","@id":"https:\/\/reatechbrasil.com.br\/loja\/#organization","name":"Reatech Brasil","url":"https:\/\/reatechbrasil.com.br\/loja\/","logo":{"@type":"ImageObject","inLanguage":"pt-BR","@id":"https:\/\/reatechbrasil.com.br\/loja\/#\/schema\/logo\/image\/","url":"https:\/\/reatechbrasil.com.br\/loja\/wp-content\/uploads\/2023\/08\/logo-reatech-2023-h.png","contentUrl":"https:\/\/reatechbrasil.com.br\/loja\/wp-content\/uploads\/2023\/08\/logo-reatech-2023-h.png","width":1145,"height":374,"caption":"Reatech Brasil"},"image":{"@id":"https:\/\/reatechbrasil.com.br\/loja\/#\/schema\/logo\/image\/"},"sameAs":["https:\/\/www.facebook.com\/reatechbrasil\/","https:\/\/www.instagram.com\/ReatechBrasil\/","https:\/\/www.linkedin.com\/showcase\/reatech-brasil\/?originalSubdomain=br"]}]}},"_links":{"self":[{"href":"https:\/\/reatechbrasil.com.br\/loja\/wp-json\/wp\/v2\/pages\/132","targetHints":{"allow":["GET"]}}],"collection":[{"href":"https:\/\/reatechbrasil.com.br\/loja\/wp-json\/wp\/v2\/pages"}],"about":[{"href":"https:\/\/reatechbrasil.com.br\/loja\/wp-json\/wp\/v2\/types\/page"}],"author":[{"embeddable":true,"href":"https:\/\/reatechbrasil.com.br\/loja\/wp-json\/wp\/v2\/users\/1"}],"replies":[{"embeddable":true,"href":"https:\/\/reatechbrasil.com.br\/loja\/wp-json\/wp\/v2\/comments?post=132"}],"version-history":[{"count":4,"href":"https:\/\/reatechbrasil.com.br\/loja\/wp-json\/wp\/v2\/pages\/132\/revisions"}],"predecessor-version":[{"id":136,"href":"https:\/\/reatechbrasil.com.br\/loja\/wp-json\/wp\/v2\/pages\/132\/revisions\/136"}],"wp:attachment":[{"href":"https:\/\/reatechbrasil.com.br\/loja\/wp-json\/wp\/v2\/media?parent=132"}],"curies":[{"name":"wp","href":"https:\/\/api.w.org\/{rel}","templated":true}]}}