{"id":137,"date":"2023-08-23T16:31:13","date_gmt":"2023-08-23T19:31:13","guid":{"rendered":"https:\/\/reatechbrasil.com.br\/loja\/?page_id=137"},"modified":"2023-08-23T17:01:15","modified_gmt":"2023-08-23T20:01:15","slug":"termos-e-condicoes","status":"publish","type":"page","link":"https:\/\/reatechbrasil.com.br\/loja\/termos-e-condicoes\/","title":{"rendered":"Termos e Condi\u00e7\u00f5es"},"content":{"rendered":"\t\t<div data-elementor-type=\"wp-page\" data-elementor-id=\"137\" class=\"elementor elementor-137\" data-elementor-post-type=\"page\">\n\t\t\t\t\t\t\t\t\t<section class=\"elementor-section elementor-top-section elementor-element elementor-element-57db5ab1 elementor-section-boxed elementor-section-height-default elementor-section-height-default\" data-id=\"57db5ab1\" data-element_type=\"section\">\n\t\t\t\t\t\t<div class=\"elementor-container elementor-column-gap-default\">\n\t\t\t\t\t<div class=\"elementor-column elementor-col-100 elementor-top-column elementor-element elementor-element-5f4b50f8\" data-id=\"5f4b50f8\" data-element_type=\"column\">\n\t\t\t<div class=\"elementor-widget-wrap elementor-element-populated\">\n\t\t\t\t\t\t\t\t<div class=\"elementor-element elementor-element-dd2698a elementor-widget elementor-widget-heading\" data-id=\"dd2698a\" data-element_type=\"widget\" data-widget_type=\"heading.default\">\n\t\t\t\t<div class=\"elementor-widget-container\">\n\t\t\t<style>\/*! elementor - v3.15.0 - 20-08-2023 *\/\n.elementor-heading-title{padding:0;margin:0;line-height:1}.elementor-widget-heading .elementor-heading-title[class*=elementor-size-]>a{color:inherit;font-size:inherit;line-height:inherit}.elementor-widget-heading .elementor-heading-title.elementor-size-small{font-size:15px}.elementor-widget-heading .elementor-heading-title.elementor-size-medium{font-size:19px}.elementor-widget-heading .elementor-heading-title.elementor-size-large{font-size:29px}.elementor-widget-heading .elementor-heading-title.elementor-size-xl{font-size:39px}.elementor-widget-heading .elementor-heading-title.elementor-size-xxl{font-size:59px}<\/style><h1 class=\"elementor-heading-title elementor-size-default\">Termos e Condi\u00e7\u00f5es<\/h1>\t\t<\/div>\n\t\t\t\t<\/div>\n\t\t\t\t<div class=\"elementor-element elementor-element-f721422 elementor-widget elementor-widget-text-editor\" data-id=\"f721422\" data-element_type=\"widget\" data-widget_type=\"text-editor.default\">\n\t\t\t\t<div class=\"elementor-widget-container\">\n\t\t\t<style>\/*! elementor - v3.15.0 - 20-08-2023 *\/\n.elementor-widget-text-editor.elementor-drop-cap-view-stacked .elementor-drop-cap{background-color:#69727d;color:#fff}.elementor-widget-text-editor.elementor-drop-cap-view-framed .elementor-drop-cap{color:#69727d;border:3px solid;background-color:transparent}.elementor-widget-text-editor:not(.elementor-drop-cap-view-default) .elementor-drop-cap{margin-top:8px}.elementor-widget-text-editor:not(.elementor-drop-cap-view-default) .elementor-drop-cap-letter{width:1em;height:1em}.elementor-widget-text-editor .elementor-drop-cap{float:left;text-align:center;line-height:1;font-size:50px}.elementor-widget-text-editor .elementor-drop-cap-letter{display:inline-block}<\/style>\t\t\t\t<p>Caro cliente, em cumprimento ao Decreto 7.962\/2013, aqui voc\u00ea encontrar\u00e1 os termos e condi\u00e7\u00f5es de compra e venda, contendo informa\u00e7\u00f5es importantes sobre os seus direitos e obriga\u00e7\u00f5es, bem como as limita\u00e7\u00f5es e exclus\u00f5es que podem lhe ser \u00fateis.<\/p><ol><li><strong>Introdu\u00e7\u00e3o<\/strong><ol><li>Estes termos e condi\u00e7\u00f5es gerais de compra e venda s\u00e3o aplic\u00e1veis a todas compras de produtos realizadas pelos clientes no site www.reatechbrasil.com.br\/loja\/.<\/li><li>Ao realizar um pedido de compra, est\u00e1 impl\u00edcita a aceita\u00e7\u00e3o do presente termo e condi\u00e7\u00f5es gerais de venda. A <b>Reatech Brasil <\/b>reserva-se no direito de modificar os termos de venda a qualquer momento, respeitados os contratos at\u00e9 ent\u00e3o celebrados.<\/li><li>Esse termo de venda em conjunto com o pedido de compra constitui o acordo integral entre a <b>Reatech Brasil<\/b>\u00a0e o cliente para a compra de produto (\u201ccontrato\u201d).<\/li><\/ol><\/li><li><strong>Defini\u00e7\u00f5es<\/strong><ol><li><strong>\u201cCliente\u201d:\u00a0<\/strong>Pessoa f\u00edsica ou jur\u00eddica que compra o produto como destinat\u00e1rio final.<\/li><li>\u201c<b>Reatech Brasil<\/b><strong>\u201d: <b>Reatech Brasil<\/b><\/strong><\/li><li>\u201c<strong>Confirma\u00e7\u00e3o do pedido\u201d\u00a0<\/strong>Documento pelo qual a <b>Reatech Brasil<\/b>\u00a0aceita um pedido de produto. Enviado por meio do e-mail cadastrado pelo cliente, imediatamente ap\u00f3s a conclus\u00e3o da compra.<\/li><li><strong>\u201cPre\u00e7o\u201d\u00a0<\/strong>Pre\u00e7o indicado na confirma\u00e7\u00e3o do pedido.<\/li><li><strong>\u201cProduto\u201d\u00a0<\/strong>Bem descrito na confirma\u00e7\u00e3o do pedido.<\/li><\/ol><\/li><li><strong>\u00c2mbito de aplica\u00e7\u00e3o<\/strong><ol><li>Estes termos e condi\u00e7\u00f5es gerais s\u00e3o aplic\u00e1veis a toda e qualquer compra e venda de produto no territ\u00f3rio brasileiro, descritos, mencionados, oferecidos de forma promocional ou inclu\u00eddos de qualquer forma em folhetos, promo\u00e7\u00f5es listas de pre\u00e7os an\u00fancios, or\u00e7amentos e internet.<\/li><li>As condi\u00e7\u00f5es descritas no presente arquivo excluem qualquer termo anterior que disponha quanto as compras realizadas no site da <b>Reatech Brasil<\/b>, estando subtendida a aceita\u00e7\u00e3o do cliente em rela\u00e7\u00e3o aos referidos termos e condi\u00e7\u00f5es gerais.<\/li><\/ol><\/li><li><strong>Pedidos<\/strong><ol><li>Os pedidos realizados no site da <b>Reatech Brasil<\/b> (www.reatechbrasil.com.br\/loja) ser\u00e3o considerados validados ap\u00f3s emiss\u00e3o de uma confirma\u00e7\u00e3o do pedido, que ser\u00e1 encaminhado ao e-mail cadastrado pelo cliente.<\/li><li>Compete ao cliente verificar a confirma\u00e7\u00e3o do pedido e informar a <b>Reatech Brasil<\/b>, no prazo de at\u00e9 24 (vinte e quatro) horas ap\u00f3s a realiza\u00e7\u00e3o a compra, quanto a eventual erro. Caso contr\u00e1rio, a descri\u00e7\u00e3o do produto contida na confirma\u00e7\u00e3o do pedido passar\u00e1 a integrar este contrato e ter\u00e1 for\u00e7a obrigat\u00f3ria entre as partes.<\/li><\/ol><\/li><li><strong>Oferta, pre\u00e7o e condi\u00e7\u00f5es de pagamento<\/strong><ol><li>Os pre\u00e7os e condi\u00e7\u00f5es de pagamento s\u00e3o exclusivos para compra realizadas via internet, podendo variar nas lojas f\u00edsicas.<\/li><li>Caso exista alguma diferen\u00e7a nos pre\u00e7os ofertados, ser\u00e1 considerado v\u00e1lido o menor valor indicado.<\/li><li>O pagamento dever\u00e1 ser efetuado no momento da realiza\u00e7\u00e3o do pedido, e o envio do(s) produto(s) est\u00e1 condicionado a confirma\u00e7\u00e3o do pagamento pela <b>Reatech Brasil<\/b><\/li><li>A <b>Reatech Brasil<\/b>\u00a0reserva-se ao direito de requerer a pr\u00e9via autoriza\u00e7\u00e3o das administradoras de cart\u00e3o de cr\u00e9dito ou compensa\u00e7\u00e3o do boleto banc\u00e1rio antes de enviar o produto para entrega ao cliente.<\/li><\/ol><\/li><li><strong>Entrega<\/strong><ol><li>A <b>Reatech Brasil <\/b>n\u00e3o ter\u00e1 responsabilidade caso o insucesso na entrega do(s) produto(s) tenha sido motivado por: endere\u00e7o insuficiente, cliente ausente, dados cadastrais incorretos, recusa pelo cliente, mudan\u00e7a de endere\u00e7o, endere\u00e7os comerciais fechados e desastres naturais (for\u00e7a maior).<\/li><li>A entrega se realizar\u00e1 dentro do prazo indicado na confirma\u00e7\u00e3o do pedido. A entrega pode ser efetuada por partes. O lugar da entrega ser\u00e1 aquele indicado na confirma\u00e7\u00e3o do pedido.<\/li><li>O cliente ser\u00e1 respons\u00e1vel pelas perdas e danos causados pela recusa injustificada da entrega, assim considerada aquela n\u00e3o prevista na legisla\u00e7\u00e3o aplic\u00e1vel.<\/li><li>O cliente ser\u00e1 responsabilizado pelas perdas e danos causados se recusar injustificavelmente a entrega, assim considerada aquela n\u00e3o prevista na legisla\u00e7\u00e3o aplic\u00e1vel.<\/li><\/ol><\/li><li><strong>Aceita\u00e7\u00e3o e devolu\u00e7\u00e3o<\/strong><ol><li>O cliente dever\u00e1 examinar o produto imediatamente ap\u00f3s receb\u00ea-lo, uma vez que o prazo para troca ou desist\u00eancia expira em 07 (sete) dias, contados da data do recebimento. Uma vez transcorrido o prazo, o produto ser\u00e1 considerado aceito pelo cliente.<\/li><li>Nos termos da pol\u00edtica de troca e devolu\u00e7\u00e3o da <b>Reatech Brasil<\/b>, o cliente poder\u00e1 solicitar a devolu\u00e7\u00e3o e obter a consequente restitui\u00e7\u00e3o do valor pago nas compras realizadas online, desde que o produto n\u00e3o tenha sido utilizado, esteja acompanhado da nota fiscal e embalagem original. Essa solicita\u00e7\u00e3o dever\u00e1 ser feita em at\u00e9 07 (sete) dias corridos ap\u00f3s a data de recebimento do produto, atrav\u00e9s do SAC, acess\u00edvel pelo telefone (11) 5585-4355 ou e-mail loja@reatechbrasil.com.br.<\/li><li>O cliente receber\u00e1 o c\u00f3digo de log\u00edstica reversa e dever\u00e1 apresentar na ag\u00eancia dos Correios mais pr\u00f3xima com o produto devidamente embalado e a nota fiscal anexada na mesma.<\/li><li>O produto dever\u00e1 ser devolvido sempre acompanhado da nota fiscal, descrevendo o motivo no seu verso. O descumprimento de tal regra poder\u00e1 gerar atrasos no processo de troca ou ressarcimento do valor pago.<\/li><li>O exerc\u00edcio do direito de arrependimento e reembolso dos valores pagos poder\u00e1 ser feito de duas maneiras, dependendo da forma de pagamento efetuada no momento da compra:<ol><li>Cart\u00e3o de cr\u00e9dito: ap\u00f3s realizar a an\u00e1lise do produto no prazo de at\u00e9 5 (cinco) dias contados a partir do recebimento e caso as exig\u00eancias supra tenham sido atendidas, a <b>Reatech Brasil<\/b> solicitar\u00e1 o estorno do d\u00e9bito \u00e0 administradora do cart\u00e3o de cr\u00e9dito. O referido estorno poder\u00e1 ser realizado em at\u00e9 duas (2) faturas subsequentes a solicita\u00e7\u00e3o de cancelamento junto a administradora e, em raz\u00e3o da data do vencimento da fatura, o estorno poder\u00e1 ocorrer no m\u00eas seguinte \u00e0 solicita\u00e7\u00e3o de cancelamento.A <b>Reatech Brasil<\/b>\u00a0esclarece que as administradoras de cart\u00e3o de cr\u00e9dito possuem regras e procedimentos pr\u00f3prios, motivo pelo qual, o processo de estorno \u00e9 de responsabilidade da administradora.<\/li><li>Boleto banc\u00e1rio: ap\u00f3s realizar a an\u00e1lise do produto no prazo de at\u00e9 5 (cinco) dias contados a partir do recebimento e caso as exig\u00eancias supra tenham sido atendidas, o valor a ser restitu\u00eddo ser\u00e1 creditado na conta corrente de titularidade do cliente que realizou a compra no prazo de at\u00e9 dez (10) dias \u00fateis, a contar da data de an\u00e1lise do produto em nosso centro de distribui\u00e7\u00e3o.<\/li><\/ol><\/li><li>Caso o pedido de troca seja motivado por erro do cliente ao selecionar produto diverso das caracter\u00edsticas pretendidas, o cliente dever\u00e1 comunicar a <b>Reatech Brasil<\/b>\u00a0o desejo de troca em at\u00e9 07 (sete) dias corridos ap\u00f3s a data de recebimento do(s) produto(s) e, em seguida, encaminhar o(s) produto(s) acompanhado da nota fiscal, descrevendo o motivo no seu verso, devendo arcar integralmente com as despesas do envio.<\/li><li>Caso a Pol\u00edtica de Trocas e Devolu\u00e7\u00e3o da <b>Reatech Brasil<\/b><strong>\u00a0<\/strong>e a legisla\u00e7\u00e3o vigente n\u00e3o sejam respeitadas, os custos de devolu\u00e7\u00e3o do produto correr\u00e3o por conta do cliente.<\/li><\/ol><\/li><li><strong>Garantia<\/strong><ol><li>Como regra geral, os produtos comercializados pela <b>Reatech Brasil<\/b>\u00a0possuem garantia de 30 dias corridos a contar da data do recebimento do produto.<\/li><li>A garantia limitada est\u00e1 regulamentada pelo conte\u00fado do referido documento. A <b>Reatech Brasil<\/b>\u00a0esclarece que n\u00e3o se responsabilizar\u00e1, inclusive quanto a garantia, nas seguintes hip\u00f3teses:<ol><li>Danos originados pelo mal-uso;<\/li><li>Danos causados por terceiros, quest\u00f5es ou elementos fora do alcance, controle ou inger\u00eancia das partes.<\/li><li>Adequa\u00e7\u00e3o do produto adquirido pelo cliente para um determinado fim, prop\u00f3sito ou escolhido pelo cliente;<\/li><\/ol><\/li><li>Se o produto adquirido apresentar defeito funcional, dever\u00e1 o cliente adotar os procedimentos descritos na cl\u00e1usula 7.2 e, ap\u00f3s o recebimento, a <b>Reatech Brasil<\/b>\u00a0elaborar\u00e1 um laudo t\u00e9cnico no prazo de 30 (trinta) dias e caso seja comprovado o alegado defeito, poder\u00e1 realizar o reparo, substitui\u00e7\u00e3o por outro igual ou similar ao descrito na nota fiscal ou cupom de desconto, estando atendo as seguintes observa\u00e7\u00f5es.<\/li><li>Se o produto apresentar defeito de fabrica\u00e7\u00e3o, dever\u00e1 o cliente entrar em contato com a <b>Reatech Brasil<\/b> atrav\u00e9s do SAC, bem como encaminhar fotos do alegado defeito. No prazo de at\u00e9 5 (cinco) dias a contar do envio das fotos, caso seja comprovado o defeito de fabrica\u00e7\u00e3o, dever\u00e1 o cliente encaminhar o produto acompanhado da nota fiscal e embalagem original. Ap\u00f3s o recebimento, no prazo de 5 (cinco) dias, a <b>Reatech Brasil<\/b>\u00a0encaminhar\u00e1 o produto ao fabricante, o qual ter\u00e1 o prazo de at\u00e9 30 (trinta) dias para encaminhar um produto semelhante, ou apresentar outra solu\u00e7\u00e3o, caso o item n\u00e3o esteja mais dispon\u00edvel em estoque.<\/li><li>Caso o cliente recebe algum produto em desacordo com o seu pedido, dever\u00e1 recusar a entrega, bem como fazer anota\u00e7\u00e3o no verso da nota fiscal ou comprovante de entrega explicando o motivo da recusa. Em seguida, dever\u00e1 comunicar o ocorrido a <b>Reatech Brasil<\/b>, atrav\u00e9s do SAC. Ap\u00f3s a recusa, o item retornar\u00e1 ao nosso centro de distribui\u00e7\u00e3o e, assim que finalizado o processo de troca, ser\u00e1 encaminhado o produto correto de acordo com o prazo para entrega na regi\u00e3o.<\/li><li>Caso identifique o erro ap\u00f3s o recebimento, no prazo de at\u00e9 7 (sete) dias, o cliente dever\u00e1 comunicar o ocorrido a <b>Reatech Brasil<\/b>, atrav\u00e9s do SAC. No prazo de at\u00e9 3 (tr\u00eas) dias, o cliente receber\u00e1 o c\u00f3digo de log\u00edstica reversa e dever\u00e1 apresentar na agencia dos Correios mais pr\u00f3xima com o produto devidamente embalado e a nota fiscal anexada na mesma. Ap\u00f3s o retorno do item e finaliza\u00e7\u00e3o do processo de troca, enviaremos o produto correto de acordo com o prazo para entrega na regi\u00e3o.<\/li><li>Caso o produto esteja indispon\u00edvel em nosso estoque, o cliente poder\u00e1 substitu\u00ed-lo por outro no mesmo valor ou solicitar o cancelamento da compra. Se o produto escolhido para troca for de valor superior, a diferen\u00e7a ser\u00e1 paga pelo cliente atrav\u00e9s de parcela \u00fanica no cart\u00e3o de cr\u00e9dito.<\/li><li>O cliente dever\u00e1 respeitar os deveres oriundos da boa f\u00e9 objetiva, devendo dirigir-se a <b>Reatech Brasil<\/b>\u00a0com cortesia, contribuindo com o relato de informa\u00e7\u00f5es corretas e precisas.<\/li><\/ol><\/li><li><strong>Prote\u00e7\u00e3o de dados<\/strong><ol><li>A coleta de informa\u00e7\u00e3o pessoal \u00e9 feita com total conhecimento e consentimento do cliente.<\/li><li>Os dados do cliente ser\u00e3o tratados de acordo com as leis de prote\u00e7\u00e3o de dados vigentes, no entanto, o cliente poder\u00e1 solicitar que a <b>Reatech Brasil<\/b>\u00a0n\u00e3o utilize seus dados para fins de marketing direto, bem como ter\u00e1 liberdade para exercer os seus direitos de acessos, retifica\u00e7\u00e3o e cancelamento, mediante solicita\u00e7\u00e3o ao SAC.<\/li><\/ol><\/li><li><strong>Jurisdi\u00e7\u00e3o<\/strong><ol><li>Todos os itens deste contrato foram elaborados de acordo com a legisla\u00e7\u00e3o vigente. Qualquer controv\u00e9rsia ser\u00e1 submetida, nos termos do c\u00f3digo de defesa do consumidor, ao foro do domicilio do cliente.<\/li><\/ol><\/li><li><strong>Outras disposi\u00e7\u00f5es<\/strong><ol><li>Se qualquer disposi\u00e7\u00e3o neste contrato for declarada invalida ou inaplic\u00e1vel por determina\u00e7\u00e3o judicial, as demais disposi\u00e7\u00f5es n\u00e3o ser\u00e3o afetadas.<\/li><li>O cliente n\u00e3o pode ceder ou transferir qualquer obriga\u00e7\u00e3o ou direito oriundo desde contrato, exceto mediante aprova\u00e7\u00e3o pr\u00e9via e por escrito da <b>Reatech Brasil<\/b>.<\/li><li>A <b>Reatech Brasil<\/b>\u00a0reserva-se ao direito de modificar as suas condi\u00e7\u00f5es gerais de venda a qualquer momento sem necessidade de aviso pr\u00e9vio, respeitados os contratos at\u00e9 ent\u00e3o celebrados. Bastar\u00e1 para tanto, que publique nova vers\u00e3o de suas condi\u00e7\u00f5es gerais de venda, as quais ser\u00e3o aplic\u00e1veis as transa\u00e7\u00f5es realizadas a partir de ent\u00e3o.<\/li><\/ol><\/li><li><strong>Informa\u00e7\u00f5es<\/strong><ol><li>As informa\u00e7\u00f5es e procedimentos da <b>Reatech Brasil<\/b> est\u00e3o dispon\u00edveis na p\u00e1gina web www.reatechbrasil.com.br\/loja, podendo o cliente acessar tal endere\u00e7o para verificar qualquer atualiza\u00e7\u00e3o.<\/li><\/ol><\/li><li><strong>Contatos <b>Reatech Brasil<\/b><\/strong><\/li><\/ol><p><b>Reatech Brasil<\/b><br \/><strong>Telefone:<\/strong> +55 (11) 5585-4355<br \/><strong>Site:<\/strong> www.reatechbrasil.com.br\/loja<br \/><strong>E-mail:<\/strong>\u00a0<a href=\"mailto:loja@reatechbrasil.com.br\" target=\"_blank\" rel=\"noopener\">loja@reatechbrasil.com.br<\/a><\/p>\t\t\t\t\t\t<\/div>\n\t\t\t\t<\/div>\n\t\t\t\t\t<\/div>\n\t\t<\/div>\n\t\t\t\t\t\t\t<\/div>\n\t\t<\/section>\n\t\t\t\t\t\t\t<\/div>\n\t\t","protected":false},"excerpt":{"rendered":"<p>Caro cliente, em cumprimento ao Decreto 7.962\/2013, aqui voc\u00ea encontrar\u00e1 os termos e condi\u00e7\u00f5es de compra e venda, contendo informa\u00e7\u00f5es importantes sobre os seus direitos e obriga\u00e7\u00f5es, bem como as limita\u00e7\u00f5es e exclus\u00f5es que podem lhe ser \u00fateis. Introdu\u00e7\u00e3o Estes termos e condi\u00e7\u00f5es gerais de compra e venda s\u00e3o aplic\u00e1veis a todas compras de produtos [&hellip;]<\/p>\n","protected":false},"author":1,"featured_media":0,"parent":0,"menu_order":0,"comment_status":"closed","ping_status":"closed","template":"","meta":{"footnotes":""},"class_list":["post-137","page","type-page","status-publish","hentry"],"yoast_head":"<!-- This site is optimized with the Yoast SEO plugin v21.2 - https:\/\/yoast.com\/wordpress\/plugins\/seo\/ -->\n<title>Termos e Condi\u00e7\u00f5es - Loja Virtual da Reatech 2023<\/title>\n<meta name=\"robots\" content=\"index, follow, max-snippet:-1, max-image-preview:large, max-video-preview:-1\" \/>\n<link rel=\"canonical\" href=\"https:\/\/reatechbrasil.com.br\/loja\/termos-e-condicoes\/\" \/>\n<meta property=\"og:locale\" content=\"pt_BR\" \/>\n<meta property=\"og:type\" content=\"article\" \/>\n<meta property=\"og:title\" content=\"Termos e Condi\u00e7\u00f5es - Loja Virtual da Reatech 2023\" \/>\n<meta property=\"og:description\" content=\"Caro cliente, em cumprimento ao Decreto 7.962\/2013, aqui voc\u00ea encontrar\u00e1 os termos e condi\u00e7\u00f5es de compra e venda, contendo informa\u00e7\u00f5es importantes sobre os seus direitos e obriga\u00e7\u00f5es, bem como as limita\u00e7\u00f5es e exclus\u00f5es que podem lhe ser \u00fateis. Introdu\u00e7\u00e3o Estes termos e condi\u00e7\u00f5es gerais de compra e venda s\u00e3o aplic\u00e1veis a todas compras de produtos [&hellip;]\" \/>\n<meta property=\"og:url\" content=\"https:\/\/reatechbrasil.com.br\/loja\/termos-e-condicoes\/\" \/>\n<meta property=\"og:site_name\" content=\"Loja Virtual da Reatech 2023\" \/>\n<meta property=\"article:publisher\" content=\"https:\/\/www.facebook.com\/reatechbrasil\/\" \/>\n<meta property=\"article:modified_time\" content=\"2023-08-23T20:01:15+00:00\" \/>\n<meta name=\"twitter:card\" content=\"summary_large_image\" \/>\n<meta name=\"twitter:label1\" content=\"Est. tempo de leitura\" \/>\n\t<meta name=\"twitter:data1\" content=\"10 minutos\" \/>\n<script type=\"application\/ld+json\" class=\"yoast-schema-graph\">{\"@context\":\"https:\/\/schema.org\",\"@graph\":[{\"@type\":\"WebPage\",\"@id\":\"https:\/\/reatechbrasil.com.br\/loja\/termos-e-condicoes\/\",\"url\":\"https:\/\/reatechbrasil.com.br\/loja\/termos-e-condicoes\/\",\"name\":\"Termos e Condi\u00e7\u00f5es - Loja Virtual da Reatech 2023\",\"isPartOf\":{\"@id\":\"https:\/\/reatechbrasil.com.br\/loja\/#website\"},\"datePublished\":\"2023-08-23T19:31:13+00:00\",\"dateModified\":\"2023-08-23T20:01:15+00:00\",\"breadcrumb\":{\"@id\":\"https:\/\/reatechbrasil.com.br\/loja\/termos-e-condicoes\/#breadcrumb\"},\"inLanguage\":\"pt-BR\",\"potentialAction\":[{\"@type\":\"ReadAction\",\"target\":[\"https:\/\/reatechbrasil.com.br\/loja\/termos-e-condicoes\/\"]}]},{\"@type\":\"BreadcrumbList\",\"@id\":\"https:\/\/reatechbrasil.com.br\/loja\/termos-e-condicoes\/#breadcrumb\",\"itemListElement\":[{\"@type\":\"ListItem\",\"position\":1,\"name\":\"In\u00edcio\",\"item\":\"https:\/\/reatechbrasil.com.br\/loja\/\"},{\"@type\":\"ListItem\",\"position\":2,\"name\":\"Termos e Condi\u00e7\u00f5es\"}]},{\"@type\":\"WebSite\",\"@id\":\"https:\/\/reatechbrasil.com.br\/loja\/#website\",\"url\":\"https:\/\/reatechbrasil.com.br\/loja\/\",\"name\":\"Reatech Shop - Loja Virtual da Reatech 2023\",\"description\":\"\",\"publisher\":{\"@id\":\"https:\/\/reatechbrasil.com.br\/loja\/#organization\"},\"potentialAction\":[{\"@type\":\"SearchAction\",\"target\":{\"@type\":\"EntryPoint\",\"urlTemplate\":\"https:\/\/reatechbrasil.com.br\/loja\/?s={search_term_string}\"},\"query-input\":\"required name=search_term_string\"}],\"inLanguage\":\"pt-BR\"},{\"@type\":\"Organization\",\"@id\":\"https:\/\/reatechbrasil.com.br\/loja\/#organization\",\"name\":\"Reatech Brasil\",\"url\":\"https:\/\/reatechbrasil.com.br\/loja\/\",\"logo\":{\"@type\":\"ImageObject\",\"inLanguage\":\"pt-BR\",\"@id\":\"https:\/\/reatechbrasil.com.br\/loja\/#\/schema\/logo\/image\/\",\"url\":\"https:\/\/reatechbrasil.com.br\/loja\/wp-content\/uploads\/2023\/08\/logo-reatech-2023-h.png\",\"contentUrl\":\"https:\/\/reatechbrasil.com.br\/loja\/wp-content\/uploads\/2023\/08\/logo-reatech-2023-h.png\",\"width\":1145,\"height\":374,\"caption\":\"Reatech Brasil\"},\"image\":{\"@id\":\"https:\/\/reatechbrasil.com.br\/loja\/#\/schema\/logo\/image\/\"},\"sameAs\":[\"https:\/\/www.facebook.com\/reatechbrasil\/\",\"https:\/\/www.instagram.com\/ReatechBrasil\/\",\"https:\/\/www.linkedin.com\/showcase\/reatech-brasil\/?originalSubdomain=br\"]}]}<\/script>\n<!-- \/ Yoast SEO plugin. -->","yoast_head_json":{"title":"Termos e Condi\u00e7\u00f5es - Loja Virtual da Reatech 2023","robots":{"index":"index","follow":"follow","max-snippet":"max-snippet:-1","max-image-preview":"max-image-preview:large","max-video-preview":"max-video-preview:-1"},"canonical":"https:\/\/reatechbrasil.com.br\/loja\/termos-e-condicoes\/","og_locale":"pt_BR","og_type":"article","og_title":"Termos e Condi\u00e7\u00f5es - Loja Virtual da Reatech 2023","og_description":"Caro cliente, em cumprimento ao Decreto 7.962\/2013, aqui voc\u00ea encontrar\u00e1 os termos e condi\u00e7\u00f5es de compra e venda, contendo informa\u00e7\u00f5es importantes sobre os seus direitos e obriga\u00e7\u00f5es, bem como as limita\u00e7\u00f5es e exclus\u00f5es que podem lhe ser \u00fateis. Introdu\u00e7\u00e3o Estes termos e condi\u00e7\u00f5es gerais de compra e venda s\u00e3o aplic\u00e1veis a todas compras de produtos [&hellip;]","og_url":"https:\/\/reatechbrasil.com.br\/loja\/termos-e-condicoes\/","og_site_name":"Loja Virtual da Reatech 2023","article_publisher":"https:\/\/www.facebook.com\/reatechbrasil\/","article_modified_time":"2023-08-23T20:01:15+00:00","twitter_card":"summary_large_image","twitter_misc":{"Est. tempo de leitura":"10 minutos"},"schema":{"@context":"https:\/\/schema.org","@graph":[{"@type":"WebPage","@id":"https:\/\/reatechbrasil.com.br\/loja\/termos-e-condicoes\/","url":"https:\/\/reatechbrasil.com.br\/loja\/termos-e-condicoes\/","name":"Termos e Condi\u00e7\u00f5es - Loja Virtual da Reatech 2023","isPartOf":{"@id":"https:\/\/reatechbrasil.com.br\/loja\/#website"},"datePublished":"2023-08-23T19:31:13+00:00","dateModified":"2023-08-23T20:01:15+00:00","breadcrumb":{"@id":"https:\/\/reatechbrasil.com.br\/loja\/termos-e-condicoes\/#breadcrumb"},"inLanguage":"pt-BR","potentialAction":[{"@type":"ReadAction","target":["https:\/\/reatechbrasil.com.br\/loja\/termos-e-condicoes\/"]}]},{"@type":"BreadcrumbList","@id":"https:\/\/reatechbrasil.com.br\/loja\/termos-e-condicoes\/#breadcrumb","itemListElement":[{"@type":"ListItem","position":1,"name":"In\u00edcio","item":"https:\/\/reatechbrasil.com.br\/loja\/"},{"@type":"ListItem","position":2,"name":"Termos e Condi\u00e7\u00f5es"}]},{"@type":"WebSite","@id":"https:\/\/reatechbrasil.com.br\/loja\/#website","url":"https:\/\/reatechbrasil.com.br\/loja\/","name":"Reatech Shop - Loja Virtual da Reatech 2023","description":"","publisher":{"@id":"https:\/\/reatechbrasil.com.br\/loja\/#organization"},"potentialAction":[{"@type":"SearchAction","target":{"@type":"EntryPoint","urlTemplate":"https:\/\/reatechbrasil.com.br\/loja\/?s={search_term_string}"},"query-input":"required name=search_term_string"}],"inLanguage":"pt-BR"},{"@type":"Organization","@id":"https:\/\/reatechbrasil.com.br\/loja\/#organization","name":"Reatech Brasil","url":"https:\/\/reatechbrasil.com.br\/loja\/","logo":{"@type":"ImageObject","inLanguage":"pt-BR","@id":"https:\/\/reatechbrasil.com.br\/loja\/#\/schema\/logo\/image\/","url":"https:\/\/reatechbrasil.com.br\/loja\/wp-content\/uploads\/2023\/08\/logo-reatech-2023-h.png","contentUrl":"https:\/\/reatechbrasil.com.br\/loja\/wp-content\/uploads\/2023\/08\/logo-reatech-2023-h.png","width":1145,"height":374,"caption":"Reatech Brasil"},"image":{"@id":"https:\/\/reatechbrasil.com.br\/loja\/#\/schema\/logo\/image\/"},"sameAs":["https:\/\/www.facebook.com\/reatechbrasil\/","https:\/\/www.instagram.com\/ReatechBrasil\/","https:\/\/www.linkedin.com\/showcase\/reatech-brasil\/?originalSubdomain=br"]}]}},"_links":{"self":[{"href":"https:\/\/reatechbrasil.com.br\/loja\/wp-json\/wp\/v2\/pages\/137","targetHints":{"allow":["GET"]}}],"collection":[{"href":"https:\/\/reatechbrasil.com.br\/loja\/wp-json\/wp\/v2\/pages"}],"about":[{"href":"https:\/\/reatechbrasil.com.br\/loja\/wp-json\/wp\/v2\/types\/page"}],"author":[{"embeddable":true,"href":"https:\/\/reatechbrasil.com.br\/loja\/wp-json\/wp\/v2\/users\/1"}],"replies":[{"embeddable":true,"href":"https:\/\/reatechbrasil.com.br\/loja\/wp-json\/wp\/v2\/comments?post=137"}],"version-history":[{"count":4,"href":"https:\/\/reatechbrasil.com.br\/loja\/wp-json\/wp\/v2\/pages\/137\/revisions"}],"predecessor-version":[{"id":141,"href":"https:\/\/reatechbrasil.com.br\/loja\/wp-json\/wp\/v2\/pages\/137\/revisions\/141"}],"wp:attachment":[{"href":"https:\/\/reatechbrasil.com.br\/loja\/wp-json\/wp\/v2\/media?parent=137"}],"curies":[{"name":"wp","href":"https:\/\/api.w.org\/{rel}","templated":true}]}}