{"id":178,"date":"2023-08-23T18:30:39","date_gmt":"2023-08-23T21:30:39","guid":{"rendered":"https:\/\/reatechbrasil.com.br\/loja\/?page_id=178"},"modified":"2023-10-04T08:35:02","modified_gmt":"2023-10-04T11:35:02","slug":"home","status":"publish","type":"page","link":"https:\/\/reatechbrasil.com.br\/loja\/","title":{"rendered":"Home"},"content":{"rendered":"\t\t<div data-elementor-type=\"wp-page\" data-elementor-id=\"178\" class=\"elementor elementor-178\" data-elementor-post-type=\"page\">\n\t\t\t\t\t\t\t\t\t<section class=\"elementor-section elementor-top-section elementor-element elementor-element-4c7cf2c elementor-section-height-min-height elementor-section-items-stretch elementor-section-boxed elementor-section-height-default\" data-id=\"4c7cf2c\" data-element_type=\"section\" data-settings=\"{&quot;background_background&quot;:&quot;gradient&quot;}\">\n\t\t\t\t\t\t\t<div class=\"elementor-background-overlay\"><\/div>\n\t\t\t\t\t\t\t<div class=\"elementor-container elementor-column-gap-no\">\n\t\t\t\t\t<div class=\"elementor-column elementor-col-50 elementor-top-column elementor-element elementor-element-95f4fd6\" data-id=\"95f4fd6\" data-element_type=\"column\" data-settings=\"{&quot;background_background&quot;:&quot;classic&quot;}\">\n\t\t\t<div class=\"elementor-widget-wrap elementor-element-populated\">\n\t\t\t\t\t\t\t\t<div class=\"elementor-element elementor-element-b87b65d elementor-invisible elementor-widget elementor-widget-image\" data-id=\"b87b65d\" data-element_type=\"widget\" data-settings=\"{&quot;_animation&quot;:&quot;fadeInLeft&quot;}\" data-widget_type=\"image.default\">\n\t\t\t\t<div class=\"elementor-widget-container\">\n\t\t\t<style>\/*! elementor - v3.15.0 - 20-08-2023 *\/\n.elementor-widget-image{text-align:center}.elementor-widget-image a{display:inline-block}.elementor-widget-image a img[src$=\".svg\"]{width:48px}.elementor-widget-image img{vertical-align:middle;display:inline-block}<\/style>\t\t\t\t\t\t\t\t\t\t\t\t<img loading=\"lazy\" decoding=\"async\" width=\"800\" height=\"748\" src=\"https:\/\/reatechbrasil.com.br\/loja\/wp-content\/uploads\/2023\/09\/camisetas-reatech-2023-1024x958.png\" class=\"attachment-large size-large wp-image-265\" alt=\"Camisetas Exclusivas - Reatech 2023\" srcset=\"https:\/\/reatechbrasil.com.br\/loja\/wp-content\/uploads\/2023\/09\/camisetas-reatech-2023-1024x958.png 1024w, https:\/\/reatechbrasil.com.br\/loja\/wp-content\/uploads\/2023\/09\/camisetas-reatech-2023-300x281.png 300w, https:\/\/reatechbrasil.com.br\/loja\/wp-content\/uploads\/2023\/09\/camisetas-reatech-2023-768x718.png 768w, https:\/\/reatechbrasil.com.br\/loja\/wp-content\/uploads\/2023\/09\/camisetas-reatech-2023-600x561.png 600w, https:\/\/reatechbrasil.com.br\/loja\/wp-content\/uploads\/2023\/09\/camisetas-reatech-2023.png 1098w\" sizes=\"auto, (max-width: 800px) 100vw, 800px\" \/>\t\t\t\t\t\t\t\t\t\t\t\t\t\t\t<\/div>\n\t\t\t\t<\/div>\n\t\t\t\t\t<\/div>\n\t\t<\/div>\n\t\t\t\t<div class=\"elementor-column elementor-col-50 elementor-top-column elementor-element elementor-element-5287d1c\" data-id=\"5287d1c\" data-element_type=\"column\">\n\t\t\t<div class=\"elementor-widget-wrap elementor-element-populated\">\n\t\t\t\t\t\t\t\t<div class=\"elementor-element elementor-element-c61c763 elementor-hidden-desktop elementor-hidden-tablet elementor-hidden-mobile elementor-widget elementor-widget-heading\" data-id=\"c61c763\" data-element_type=\"widget\" data-widget_type=\"heading.default\">\n\t\t\t\t<div class=\"elementor-widget-container\">\n\t\t\t<style>\/*! elementor - v3.15.0 - 20-08-2023 *\/\n.elementor-heading-title{padding:0;margin:0;line-height:1}.elementor-widget-heading .elementor-heading-title[class*=elementor-size-]>a{color:inherit;font-size:inherit;line-height:inherit}.elementor-widget-heading .elementor-heading-title.elementor-size-small{font-size:15px}.elementor-widget-heading .elementor-heading-title.elementor-size-medium{font-size:19px}.elementor-widget-heading .elementor-heading-title.elementor-size-large{font-size:29px}.elementor-widget-heading .elementor-heading-title.elementor-size-xl{font-size:39px}.elementor-widget-heading .elementor-heading-title.elementor-size-xxl{font-size:59px}<\/style><h3 class=\"elementor-heading-title elementor-size-default\">Lan\u00e7amento Exclusivo na Pr\u00e9-Venda<\/h3>\t\t<\/div>\n\t\t\t\t<\/div>\n\t\t\t\t<div class=\"elementor-element elementor-element-cc0d64d elementor-invisible elementor-widget elementor-widget-heading\" data-id=\"cc0d64d\" data-element_type=\"widget\" data-settings=\"{&quot;_animation&quot;:&quot;fadeInRight&quot;}\" data-widget_type=\"heading.default\">\n\t\t\t\t<div class=\"elementor-widget-container\">\n\t\t\t<h2 class=\"elementor-heading-title elementor-size-default\">Camiseta Exclusiva Reatech 2023<\/h2>\t\t<\/div>\n\t\t\t\t<\/div>\n\t\t\t\t<div class=\"elementor-element elementor-element-af801e2 elementor-invisible elementor-widget elementor-widget-heading\" data-id=\"af801e2\" data-element_type=\"widget\" data-settings=\"{&quot;_animation&quot;:&quot;fadeInRight&quot;}\" data-widget_type=\"heading.default\">\n\t\t\t\t<div class=\"elementor-widget-container\">\n\t\t\t<h2 class=\"elementor-heading-title elementor-size-default\">Vista-se com a energia positiva da Reatech Brasil! *<\/h2>\t\t<\/div>\n\t\t\t\t<\/div>\n\t\t\t\t<div class=\"elementor-element elementor-element-5fbaa71 elementor-invisible elementor-widget elementor-widget-heading\" data-id=\"5fbaa71\" data-element_type=\"widget\" data-settings=\"{&quot;_animation&quot;:&quot;fadeInRight&quot;}\" data-widget_type=\"heading.default\">\n\t\t\t\t<div class=\"elementor-widget-container\">\n\t\t\t<h2 class=\"elementor-heading-title elementor-size-default\">de <strike>R$ 69,90<\/strike><\/h2>\t\t<\/div>\n\t\t\t\t<\/div>\n\t\t\t\t<div class=\"elementor-element elementor-element-ed0de21 elementor-invisible elementor-widget elementor-widget-heading\" data-id=\"ed0de21\" data-element_type=\"widget\" data-settings=\"{&quot;_animation&quot;:&quot;fadeInRight&quot;}\" data-widget_type=\"heading.default\">\n\t\t\t\t<div class=\"elementor-widget-container\">\n\t\t\t<h2 class=\"elementor-heading-title elementor-size-default\">R$ 60,00<\/h2>\t\t<\/div>\n\t\t\t\t<\/div>\n\t\t\t\t<div class=\"elementor-element elementor-element-4c79d85 elementor-hidden-desktop elementor-hidden-tablet elementor-hidden-mobile elementor-invisible elementor-widget elementor-widget-button\" data-id=\"4c79d85\" data-element_type=\"widget\" data-settings=\"{&quot;_animation&quot;:&quot;fadeInRight&quot;}\" data-widget_type=\"button.default\">\n\t\t\t\t<div class=\"elementor-widget-container\">\n\t\t\t\t\t<div class=\"elementor-button-wrapper\">\n\t\t\t<a class=\"elementor-button elementor-button-link elementor-size-md\" href=\"https:\/\/reatechbrasil.com.br\/loja\/produto\/camiseta-exclusiva-reatech-2023\/\">\n\t\t\t\t\t\t<span class=\"elementor-button-content-wrapper\">\n\t\t\t\t\t\t<span class=\"elementor-button-text\">Quero Reservar<\/span>\n\t\t<\/span>\n\t\t\t\t\t<\/a>\n\t\t<\/div>\n\t\t\t\t<\/div>\n\t\t\t\t<\/div>\n\t\t\t\t<div class=\"elementor-element elementor-element-968082f elementor-hidden-desktop elementor-hidden-tablet elementor-hidden-mobile elementor-invisible elementor-widget elementor-widget-heading\" data-id=\"968082f\" data-element_type=\"widget\" data-settings=\"{&quot;_animation&quot;:&quot;fadeInRight&quot;}\" data-widget_type=\"heading.default\">\n\t\t\t\t<div class=\"elementor-widget-container\">\n\t\t\t<h2 class=\"elementor-heading-title elementor-size-default\">Reserve j\u00e1 a sua e retire na Reatech 2023!<\/h2>\t\t<\/div>\n\t\t\t\t<\/div>\n\t\t\t\t\t<\/div>\n\t\t<\/div>\n\t\t\t\t\t\t\t<\/div>\n\t\t<\/section>\n\t\t\t\t<section class=\"elementor-section elementor-top-section elementor-element elementor-element-750cc4c elementor-section-boxed elementor-section-height-default elementor-section-height-default\" data-id=\"750cc4c\" data-element_type=\"section\">\n\t\t\t\t\t\t<div class=\"elementor-container elementor-column-gap-default\">\n\t\t\t\t\t<div class=\"elementor-column elementor-col-100 elementor-top-column elementor-element elementor-element-c9a81e4 elementor-hidden-desktop elementor-hidden-tablet elementor-hidden-mobile elementor-invisible\" data-id=\"c9a81e4\" data-element_type=\"column\" data-settings=\"{&quot;background_background&quot;:&quot;classic&quot;,&quot;animation&quot;:&quot;fadeInUp&quot;}\">\n\t\t\t<div class=\"elementor-widget-wrap elementor-element-populated\">\n\t\t\t\t\t\t\t\t<div class=\"elementor-element elementor-element-6a7a8ea elementor-view-default elementor-position-top elementor-mobile-position-top elementor-widget elementor-widget-icon-box\" data-id=\"6a7a8ea\" data-element_type=\"widget\" data-widget_type=\"icon-box.default\">\n\t\t\t\t<div class=\"elementor-widget-container\">\n\t\t\t<link rel=\"stylesheet\" href=\"https:\/\/reatechbrasil.com.br\/loja\/wp-content\/plugins\/elementor\/assets\/css\/widget-icon-box.min.css\">\t\t<div class=\"elementor-icon-box-wrapper\">\n\t\t\t\t\t\t<div class=\"elementor-icon-box-icon\">\n\t\t\t\t<span class=\"elementor-icon elementor-animation-\" >\n\t\t\t\t<i aria-hidden=\"true\" class=\"fas fa-star\"><\/i>\t\t\t\t<\/span>\n\t\t\t<\/div>\n\t\t\t\t\t\t<div class=\"elementor-icon-box-content\">\n\t\t\t\t<h3 class=\"elementor-icon-box-title\">\n\t\t\t\t\t<span  >\n\t\t\t\t\t\tPr\u00e9-Venda\t\t\t\t\t<\/span>\n\t\t\t\t<\/h3>\n\t\t\t\t\t\t\t\t\t<p class=\"elementor-icon-box-description\">\n\t\t\t\t\t\tGaranja j\u00e1 seu item e retire na Reatech 2023 - De 04 a 07 de outubro, no S\u00e3o Paulo Expo.\t\t\t\t\t<\/p>\n\t\t\t\t\t\t\t<\/div>\n\t\t<\/div>\n\t\t\t\t<\/div>\n\t\t\t\t<\/div>\n\t\t\t\t\t<\/div>\n\t\t<\/div>\n\t\t\t\t\t\t\t<\/div>\n\t\t<\/section>\n\t\t\t\t<section class=\"elementor-section elementor-top-section elementor-element elementor-element-2dee2f3 elementor-section-boxed elementor-section-height-default elementor-section-height-default\" data-id=\"2dee2f3\" data-element_type=\"section\">\n\t\t\t\t\t\t<div class=\"elementor-container elementor-column-gap-default\">\n\t\t\t\t\t<div class=\"elementor-column elementor-col-33 elementor-top-column elementor-element elementor-element-ee5fc38 elementor-invisible\" data-id=\"ee5fc38\" data-element_type=\"column\" data-settings=\"{&quot;animation&quot;:&quot;fadeInUp&quot;,&quot;animation_delay&quot;:200}\">\n\t\t\t<div class=\"elementor-widget-wrap elementor-element-populated\">\n\t\t\t\t\t\t\t\t<div class=\"elementor-element elementor-element-2e318fd elementor-view-default elementor-position-top elementor-mobile-position-top elementor-widget elementor-widget-icon-box\" data-id=\"2e318fd\" data-element_type=\"widget\" data-widget_type=\"icon-box.default\">\n\t\t\t\t<div class=\"elementor-widget-container\">\n\t\t\t\t\t<div class=\"elementor-icon-box-wrapper\">\n\t\t\t\t\t\t<div class=\"elementor-icon-box-icon\">\n\t\t\t\t<span class=\"elementor-icon elementor-animation-\" >\n\t\t\t\t<i aria-hidden=\"true\" class=\"far fa-credit-card\"><\/i>\t\t\t\t<\/span>\n\t\t\t<\/div>\n\t\t\t\t\t\t<div class=\"elementor-icon-box-content\">\n\t\t\t\t<h3 class=\"elementor-icon-box-title\">\n\t\t\t\t\t<span  >\n\t\t\t\t\t\tAt\u00e9 3x sem juros\t\t\t\t\t<\/span>\n\t\t\t\t<\/h3>\n\t\t\t\t\t\t\t\t\t<p class=\"elementor-icon-box-description\">\n\t\t\t\t\t\tCompre o kit completo e parcele em at\u00e9 3x sem juros.\t\t\t\t\t<\/p>\n\t\t\t\t\t\t\t<\/div>\n\t\t<\/div>\n\t\t\t\t<\/div>\n\t\t\t\t<\/div>\n\t\t\t\t\t<\/div>\n\t\t<\/div>\n\t\t\t\t<div class=\"elementor-column elementor-col-33 elementor-top-column elementor-element elementor-element-b320437 elementor-invisible\" data-id=\"b320437\" data-element_type=\"column\" data-settings=\"{&quot;background_background&quot;:&quot;classic&quot;,&quot;animation&quot;:&quot;fadeInUp&quot;,&quot;animation_delay&quot;:400}\">\n\t\t\t<div class=\"elementor-widget-wrap elementor-element-populated\">\n\t\t\t\t\t\t\t\t<div class=\"elementor-element elementor-element-47f3486 elementor-view-default elementor-position-top elementor-mobile-position-top elementor-widget elementor-widget-icon-box\" data-id=\"47f3486\" data-element_type=\"widget\" data-widget_type=\"icon-box.default\">\n\t\t\t\t<div class=\"elementor-widget-container\">\n\t\t\t\t\t<div class=\"elementor-icon-box-wrapper\">\n\t\t\t\t\t\t<div class=\"elementor-icon-box-icon\">\n\t\t\t\t<span class=\"elementor-icon elementor-animation-\" >\n\t\t\t\t<i aria-hidden=\"true\" class=\"fas fa-user-shield\"><\/i>\t\t\t\t<\/span>\n\t\t\t<\/div>\n\t\t\t\t\t\t<div class=\"elementor-icon-box-content\">\n\t\t\t\t<h3 class=\"elementor-icon-box-title\">\n\t\t\t\t\t<span  >\n\t\t\t\t\t\tCompra Segura\t\t\t\t\t<\/span>\n\t\t\t\t<\/h3>\n\t\t\t\t\t\t\t\t\t<p class=\"elementor-icon-box-description\">\n\t\t\t\t\t\tSite 100% seguro com tecnologia de prote\u00e7\u00e3o de dados.\t\t\t\t\t<\/p>\n\t\t\t\t\t\t\t<\/div>\n\t\t<\/div>\n\t\t\t\t<\/div>\n\t\t\t\t<\/div>\n\t\t\t\t\t<\/div>\n\t\t<\/div>\n\t\t\t\t<div class=\"elementor-column elementor-col-33 elementor-top-column elementor-element elementor-element-18e1b3a elementor-invisible\" data-id=\"18e1b3a\" data-element_type=\"column\" data-settings=\"{&quot;animation&quot;:&quot;fadeInUp&quot;,&quot;animation_delay&quot;:600}\">\n\t\t\t<div class=\"elementor-widget-wrap elementor-element-populated\">\n\t\t\t\t\t\t\t\t<div class=\"elementor-element elementor-element-4cd44ca elementor-view-default elementor-position-top elementor-mobile-position-top elementor-widget elementor-widget-icon-box\" data-id=\"4cd44ca\" data-element_type=\"widget\" data-widget_type=\"icon-box.default\">\n\t\t\t\t<div class=\"elementor-widget-container\">\n\t\t\t\t\t<div class=\"elementor-icon-box-wrapper\">\n\t\t\t\t\t\t<div class=\"elementor-icon-box-icon\">\n\t\t\t\t<span class=\"elementor-icon elementor-animation-\" >\n\t\t\t\t<i aria-hidden=\"true\" class=\"fas fa-truck\"><\/i>\t\t\t\t<\/span>\n\t\t\t<\/div>\n\t\t\t\t\t\t<div class=\"elementor-icon-box-content\">\n\t\t\t\t<h3 class=\"elementor-icon-box-title\">\n\t\t\t\t\t<span  >\n\t\t\t\t\t\tSem Frete\t\t\t\t\t<\/span>\n\t\t\t\t<\/h3>\n\t\t\t\t\t\t\t\t\t<p class=\"elementor-icon-box-description\">\n\t\t\t\t\t\tSeu pedido te esperando na entrada da feira Reatech, pra voc\u00ea chegar com estilo.\t\t\t\t\t<\/p>\n\t\t\t\t\t\t\t<\/div>\n\t\t<\/div>\n\t\t\t\t<\/div>\n\t\t\t\t<\/div>\n\t\t\t\t\t<\/div>\n\t\t<\/div>\n\t\t\t\t\t\t\t<\/div>\n\t\t<\/section>\n\t\t\t\t<section class=\"elementor-section elementor-top-section elementor-element elementor-element-f55ca91 elementor-section-boxed elementor-section-height-default elementor-section-height-default\" data-id=\"f55ca91\" data-element_type=\"section\">\n\t\t\t\t\t\t<div class=\"elementor-container elementor-column-gap-default\">\n\t\t\t\t\t<div class=\"elementor-column elementor-col-100 elementor-top-column elementor-element elementor-element-07b3815\" data-id=\"07b3815\" data-element_type=\"column\">\n\t\t\t<div class=\"elementor-widget-wrap elementor-element-populated\">\n\t\t\t\t\t\t\t\t<div class=\"elementor-element elementor-element-2afa81b elementor-grid-3 elementor-product-loop-item--align-center elementor-grid-mobile-1 elementor-grid-tablet-3 elementor-products-grid elementor-wc-products elementor-invisible elementor-widget elementor-widget-woocommerce-products\" data-id=\"2afa81b\" data-element_type=\"widget\" data-settings=\"{&quot;_animation&quot;:&quot;fadeInUp&quot;}\" data-widget_type=\"woocommerce-products.default\">\n\t\t\t\t<div class=\"elementor-widget-container\">\n\t\t\t<link rel=\"stylesheet\" href=\"https:\/\/reatechbrasil.com.br\/loja\/wp-content\/plugins\/elementor-pro\/assets\/css\/widget-woocommerce.min.css\"><div class=\"woocommerce columns-3 \"><ul class=\"products elementor-grid columns-3\">\n<li class=\"product type-product post-19 status-publish first instock product_cat-roupas-e-acessorios has-post-thumbnail sale shipping-taxable purchasable product-type-variable has-default-attributes\">\n\t<\/li>\n<li class=\"product type-product post-23 status-publish instock product_cat-canecas has-post-thumbnail sale shipping-taxable purchasable product-type-variable has-default-attributes\">\n\t<\/li>\n<li class=\"product type-product post-36 status-publish last instock product_cat-objetos has-post-thumbnail sale shipping-taxable purchasable product-type-variable\">\n\t<\/li>\n<li class=\"product type-product post-38 status-publish first instock product_cat-objetos has-post-thumbnail sale shipping-taxable purchasable product-type-variable has-default-attributes\">\n\t<\/li>\n<li class=\"product type-product post-237 status-publish instock product_cat-objetos has-post-thumbnail sale shipping-taxable purchasable product-type-simple\">\n\t<\/li>\n<\/ul>\n<\/div>\t\t<\/div>\n\t\t\t\t<\/div>\n\t\t\t\t\t<\/div>\n\t\t<\/div>\n\t\t\t\t\t\t\t<\/div>\n\t\t<\/section>\n\t\t\t\t\t\t\t<\/div>\n\t\t","protected":false},"excerpt":{"rendered":"<p>Lan\u00e7amento Exclusivo na Pr\u00e9-Venda Camiseta Exclusiva Reatech 2023 Vista-se com a energia positiva da Reatech Brasil! * de R$ 69,90 R$ 60,00 Quero Reservar Reserve j\u00e1 a sua e retire na Reatech 2023! Pr\u00e9-Venda Garanja j\u00e1 seu item e retire na Reatech 2023 &#8211; De 04 a 07 de outubro, no S\u00e3o Paulo Expo. At\u00e9 [&hellip;]<\/p>\n","protected":false},"author":1,"featured_media":0,"parent":0,"menu_order":0,"comment_status":"closed","ping_status":"closed","template":"","meta":{"footnotes":""},"class_list":["post-178","page","type-page","status-publish","hentry"],"yoast_head":"<!-- This site is optimized with the Yoast SEO plugin v21.2 - https:\/\/yoast.com\/wordpress\/plugins\/seo\/ -->\n<title>Reatech Shop | Loja Oficial da Reatech 2023<\/title>\n<meta name=\"description\" content=\"Loja Oficial da Reatech, uma cole\u00e7\u00e3o incr\u00edvel de produtos. Camisetas Exclusivas, Copos Personalizados, Bottons Especiais, Canecas e muito mais.\" \/>\n<meta name=\"robots\" content=\"index, follow, max-snippet:-1, max-image-preview:large, max-video-preview:-1\" \/>\n<link rel=\"canonical\" href=\"https:\/\/reatechbrasil.com.br\/loja\/\" \/>\n<meta property=\"og:locale\" content=\"pt_BR\" \/>\n<meta property=\"og:type\" content=\"article\" \/>\n<meta property=\"og:title\" content=\"Reatech Shop | Loja Oficial da Reatech 2023\" \/>\n<meta property=\"og:description\" content=\"Loja Oficial da Reatech, uma cole\u00e7\u00e3o incr\u00edvel de produtos. Camisetas Exclusivas, Copos Personalizados, Bottons Especiais, Canecas e muito mais.\" \/>\n<meta property=\"og:url\" content=\"https:\/\/reatechbrasil.com.br\/loja\/\" \/>\n<meta property=\"og:site_name\" content=\"Loja Virtual da Reatech 2023\" \/>\n<meta property=\"article:publisher\" content=\"https:\/\/www.facebook.com\/reatechbrasil\/\" \/>\n<meta property=\"article:modified_time\" content=\"2023-10-04T11:35:02+00:00\" \/>\n<meta property=\"og:image\" content=\"https:\/\/reatechbrasil.com.br\/loja\/wp-content\/uploads\/2023\/09\/camisetas-reatech-2023-1024x958.png\" \/>\n<meta name=\"twitter:card\" content=\"summary_large_image\" \/>\n<meta name=\"twitter:label1\" content=\"Est. tempo de leitura\" \/>\n\t<meta name=\"twitter:data1\" content=\"1 minuto\" \/>\n<script type=\"application\/ld+json\" class=\"yoast-schema-graph\">{\"@context\":\"https:\/\/schema.org\",\"@graph\":[{\"@type\":\"WebPage\",\"@id\":\"https:\/\/reatechbrasil.com.br\/loja\/\",\"url\":\"https:\/\/reatechbrasil.com.br\/loja\/\",\"name\":\"Reatech Shop | Loja Oficial da Reatech 2023\",\"isPartOf\":{\"@id\":\"https:\/\/reatechbrasil.com.br\/loja\/#website\"},\"datePublished\":\"2023-08-23T21:30:39+00:00\",\"dateModified\":\"2023-10-04T11:35:02+00:00\",\"description\":\"Loja Oficial da Reatech, uma cole\u00e7\u00e3o incr\u00edvel de produtos. Camisetas Exclusivas, Copos Personalizados, Bottons Especiais, Canecas e muito mais.\",\"breadcrumb\":{\"@id\":\"https:\/\/reatechbrasil.com.br\/loja\/#breadcrumb\"},\"inLanguage\":\"pt-BR\",\"potentialAction\":[{\"@type\":\"ReadAction\",\"target\":[\"https:\/\/reatechbrasil.com.br\/loja\/\"]}]},{\"@type\":\"BreadcrumbList\",\"@id\":\"https:\/\/reatechbrasil.com.br\/loja\/#breadcrumb\",\"itemListElement\":[{\"@type\":\"ListItem\",\"position\":1,\"name\":\"In\u00edcio\",\"item\":\"https:\/\/reatechbrasil.com.br\/loja\/\"},{\"@type\":\"ListItem\",\"position\":2,\"name\":\"Home\"}]},{\"@type\":\"WebSite\",\"@id\":\"https:\/\/reatechbrasil.com.br\/loja\/#website\",\"url\":\"https:\/\/reatechbrasil.com.br\/loja\/\",\"name\":\"Reatech Shop - Loja Virtual da Reatech 2023\",\"description\":\"\",\"publisher\":{\"@id\":\"https:\/\/reatechbrasil.com.br\/loja\/#organization\"},\"potentialAction\":[{\"@type\":\"SearchAction\",\"target\":{\"@type\":\"EntryPoint\",\"urlTemplate\":\"https:\/\/reatechbrasil.com.br\/loja\/?s={search_term_string}\"},\"query-input\":\"required name=search_term_string\"}],\"inLanguage\":\"pt-BR\"},{\"@type\":\"Organization\",\"@id\":\"https:\/\/reatechbrasil.com.br\/loja\/#organization\",\"name\":\"Reatech Brasil\",\"url\":\"https:\/\/reatechbrasil.com.br\/loja\/\",\"logo\":{\"@type\":\"ImageObject\",\"inLanguage\":\"pt-BR\",\"@id\":\"https:\/\/reatechbrasil.com.br\/loja\/#\/schema\/logo\/image\/\",\"url\":\"https:\/\/reatechbrasil.com.br\/loja\/wp-content\/uploads\/2023\/08\/logo-reatech-2023-h.png\",\"contentUrl\":\"https:\/\/reatechbrasil.com.br\/loja\/wp-content\/uploads\/2023\/08\/logo-reatech-2023-h.png\",\"width\":1145,\"height\":374,\"caption\":\"Reatech Brasil\"},\"image\":{\"@id\":\"https:\/\/reatechbrasil.com.br\/loja\/#\/schema\/logo\/image\/\"},\"sameAs\":[\"https:\/\/www.facebook.com\/reatechbrasil\/\",\"https:\/\/www.instagram.com\/ReatechBrasil\/\",\"https:\/\/www.linkedin.com\/showcase\/reatech-brasil\/?originalSubdomain=br\"]}]}<\/script>\n<!-- \/ Yoast SEO plugin. -->","yoast_head_json":{"title":"Reatech Shop | Loja Oficial da Reatech 2023","description":"Loja Oficial da Reatech, uma cole\u00e7\u00e3o incr\u00edvel de produtos. Camisetas Exclusivas, Copos Personalizados, Bottons Especiais, Canecas e muito mais.","robots":{"index":"index","follow":"follow","max-snippet":"max-snippet:-1","max-image-preview":"max-image-preview:large","max-video-preview":"max-video-preview:-1"},"canonical":"https:\/\/reatechbrasil.com.br\/loja\/","og_locale":"pt_BR","og_type":"article","og_title":"Reatech Shop | Loja Oficial da Reatech 2023","og_description":"Loja Oficial da Reatech, uma cole\u00e7\u00e3o incr\u00edvel de produtos. Camisetas Exclusivas, Copos Personalizados, Bottons Especiais, Canecas e muito mais.","og_url":"https:\/\/reatechbrasil.com.br\/loja\/","og_site_name":"Loja Virtual da Reatech 2023","article_publisher":"https:\/\/www.facebook.com\/reatechbrasil\/","article_modified_time":"2023-10-04T11:35:02+00:00","og_image":[{"url":"https:\/\/reatechbrasil.com.br\/loja\/wp-content\/uploads\/2023\/09\/camisetas-reatech-2023-1024x958.png"}],"twitter_card":"summary_large_image","twitter_misc":{"Est. tempo de leitura":"1 minuto"},"schema":{"@context":"https:\/\/schema.org","@graph":[{"@type":"WebPage","@id":"https:\/\/reatechbrasil.com.br\/loja\/","url":"https:\/\/reatechbrasil.com.br\/loja\/","name":"Reatech Shop | Loja Oficial da Reatech 2023","isPartOf":{"@id":"https:\/\/reatechbrasil.com.br\/loja\/#website"},"datePublished":"2023-08-23T21:30:39+00:00","dateModified":"2023-10-04T11:35:02+00:00","description":"Loja Oficial da Reatech, uma cole\u00e7\u00e3o incr\u00edvel de produtos. Camisetas Exclusivas, Copos Personalizados, Bottons Especiais, Canecas e muito mais.","breadcrumb":{"@id":"https:\/\/reatechbrasil.com.br\/loja\/#breadcrumb"},"inLanguage":"pt-BR","potentialAction":[{"@type":"ReadAction","target":["https:\/\/reatechbrasil.com.br\/loja\/"]}]},{"@type":"BreadcrumbList","@id":"https:\/\/reatechbrasil.com.br\/loja\/#breadcrumb","itemListElement":[{"@type":"ListItem","position":1,"name":"In\u00edcio","item":"https:\/\/reatechbrasil.com.br\/loja\/"},{"@type":"ListItem","position":2,"name":"Home"}]},{"@type":"WebSite","@id":"https:\/\/reatechbrasil.com.br\/loja\/#website","url":"https:\/\/reatechbrasil.com.br\/loja\/","name":"Reatech Shop - Loja Virtual da Reatech 2023","description":"","publisher":{"@id":"https:\/\/reatechbrasil.com.br\/loja\/#organization"},"potentialAction":[{"@type":"SearchAction","target":{"@type":"EntryPoint","urlTemplate":"https:\/\/reatechbrasil.com.br\/loja\/?s={search_term_string}"},"query-input":"required name=search_term_string"}],"inLanguage":"pt-BR"},{"@type":"Organization","@id":"https:\/\/reatechbrasil.com.br\/loja\/#organization","name":"Reatech Brasil","url":"https:\/\/reatechbrasil.com.br\/loja\/","logo":{"@type":"ImageObject","inLanguage":"pt-BR","@id":"https:\/\/reatechbrasil.com.br\/loja\/#\/schema\/logo\/image\/","url":"https:\/\/reatechbrasil.com.br\/loja\/wp-content\/uploads\/2023\/08\/logo-reatech-2023-h.png","contentUrl":"https:\/\/reatechbrasil.com.br\/loja\/wp-content\/uploads\/2023\/08\/logo-reatech-2023-h.png","width":1145,"height":374,"caption":"Reatech Brasil"},"image":{"@id":"https:\/\/reatechbrasil.com.br\/loja\/#\/schema\/logo\/image\/"},"sameAs":["https:\/\/www.facebook.com\/reatechbrasil\/","https:\/\/www.instagram.com\/ReatechBrasil\/","https:\/\/www.linkedin.com\/showcase\/reatech-brasil\/?originalSubdomain=br"]}]}},"_links":{"self":[{"href":"https:\/\/reatechbrasil.com.br\/loja\/wp-json\/wp\/v2\/pages\/178","targetHints":{"allow":["GET"]}}],"collection":[{"href":"https:\/\/reatechbrasil.com.br\/loja\/wp-json\/wp\/v2\/pages"}],"about":[{"href":"https:\/\/reatechbrasil.com.br\/loja\/wp-json\/wp\/v2\/types\/page"}],"author":[{"embeddable":true,"href":"https:\/\/reatechbrasil.com.br\/loja\/wp-json\/wp\/v2\/users\/1"}],"replies":[{"embeddable":true,"href":"https:\/\/reatechbrasil.com.br\/loja\/wp-json\/wp\/v2\/comments?post=178"}],"version-history":[{"count":36,"href":"https:\/\/reatechbrasil.com.br\/loja\/wp-json\/wp\/v2\/pages\/178\/revisions"}],"predecessor-version":[{"id":353,"href":"https:\/\/reatechbrasil.com.br\/loja\/wp-json\/wp\/v2\/pages\/178\/revisions\/353"}],"wp:attachment":[{"href":"https:\/\/reatechbrasil.com.br\/loja\/wp-json\/wp\/v2\/media?parent=178"}],"curies":[{"name":"wp","href":"https:\/\/api.w.org\/{rel}","templated":true}]}}