{"id":23,"date":"2023-08-21T17:07:33","date_gmt":"2023-08-21T20:07:33","guid":{"rendered":"https:\/\/reatechbrasil.com.br\/loja\/?post_type=product&#038;p=23"},"modified":"2024-08-10T08:46:38","modified_gmt":"2024-08-10T11:46:38","slug":"caneca-reatech-2023","status":"publish","type":"product","link":"https:\/\/reatechbrasil.com.br\/loja\/produto\/caneca-reatech-2023\/","title":{"rendered":"Caneca Exclusiva Reatech 2023"},"content":{"rendered":"<p>Desperte seus sentidos com a caneca especial da Reatech Brasil!<\/p>\n<p>Ela \u00e9 a parceria perfeita para aquelas pausas revigorantes durante o dia. Um gole de caf\u00e9 ou ch\u00e1 servido com o carinho da inclus\u00e3o \u00e9 capaz de transformar at\u00e9 os momentos mais simples, aquecendo a alma e nutrindo o esp\u00edrito. \u2615<\/p>\n<h3>Cores Dispon\u00edveis<\/h3>\n<ul>\n<li>Caneca preta com o logo da Reatech em amarelo;<\/li>\n<li>Caneca branca com o logo da Reatech em laranja e ilustra\u00e7\u00f5es representando pessoas com defici\u00eancia.<\/li>\n<\/ul>\n<h3>Especifica\u00e7\u00f5es T\u00e9cnicas<\/h3>\n<ul>\n<li>Caneca de porcelana personalizada com alta durabilidade de impress\u00e3o e al\u00e7a lateral;<\/li>\n<li>Capacidade 300ml;<\/li>\n<li>F\u00e1cil de limpar e resistente ao micro-ondas e lava-lou\u00e7as;<\/li>\n<li>Medidas: 9,0cm x 11,8cm x 8,2cm;<\/li>\n<li>Peso: 400g.<\/li>\n<\/ul>\n","protected":false},"excerpt":{"rendered":"<p>Desperte seus sentidos com a caneca especial da Reatech Brasil!<\/p>\n","protected":false},"featured_media":259,"comment_status":"open","ping_status":"closed","template":"","meta":[],"product_cat":[17],"product_tag":[],"class_list":["post-23","product","type-product","status-publish","has-post-thumbnail","hentry","product_cat-canecas"],"yoast_head":"<!-- This site is optimized with the Yoast SEO plugin v21.2 - https:\/\/yoast.com\/wordpress\/plugins\/seo\/ -->\n<title>Caneca Exclusiva Reatech 2023 - Loja Virtual da Reatech 2023<\/title>\n<meta name=\"robots\" content=\"index, follow, max-snippet:-1, max-image-preview:large, max-video-preview:-1\" \/>\n<link rel=\"canonical\" href=\"https:\/\/reatechbrasil.com.br\/loja\/produto\/caneca-reatech-2023\/\" \/>\n<meta property=\"og:locale\" content=\"pt_BR\" \/>\n<meta property=\"og:type\" content=\"article\" \/>\n<meta property=\"og:title\" content=\"Caneca Exclusiva Reatech 2023 - Loja Virtual da Reatech 2023\" \/>\n<meta property=\"og:description\" content=\"Desperte seus sentidos com a caneca especial da Reatech Brasil!\" \/>\n<meta property=\"og:url\" content=\"https:\/\/reatechbrasil.com.br\/loja\/produto\/caneca-reatech-2023\/\" \/>\n<meta property=\"og:site_name\" content=\"Loja Virtual da Reatech 2023\" \/>\n<meta property=\"article:publisher\" content=\"https:\/\/www.facebook.com\/reatechbrasil\/\" \/>\n<meta property=\"article:modified_time\" content=\"2024-08-10T11:46:38+00:00\" \/>\n<meta property=\"og:image\" content=\"https:\/\/reatechbrasil.com.br\/loja\/wp-content\/uploads\/2023\/08\/caneca-de-porcelana-reatech-2023-preta.jpeg\" \/>\n\t<meta property=\"og:image:width\" content=\"1600\" \/>\n\t<meta property=\"og:image:height\" content=\"1493\" \/>\n\t<meta property=\"og:image:type\" content=\"image\/jpeg\" \/>\n<meta name=\"twitter:card\" content=\"summary_large_image\" \/>\n<meta name=\"twitter:label1\" content=\"Est. tempo de leitura\" \/>\n\t<meta name=\"twitter:data1\" content=\"1 minuto\" \/>\n<script type=\"application\/ld+json\" class=\"yoast-schema-graph\">{\"@context\":\"https:\/\/schema.org\",\"@graph\":[{\"@type\":\"WebPage\",\"@id\":\"https:\/\/reatechbrasil.com.br\/loja\/produto\/caneca-reatech-2023\/\",\"url\":\"https:\/\/reatechbrasil.com.br\/loja\/produto\/caneca-reatech-2023\/\",\"name\":\"Caneca Exclusiva Reatech 2023 - Loja Virtual da Reatech 2023\",\"isPartOf\":{\"@id\":\"https:\/\/reatechbrasil.com.br\/loja\/#website\"},\"datePublished\":\"2023-08-21T20:07:33+00:00\",\"dateModified\":\"2024-08-10T11:46:38+00:00\",\"breadcrumb\":{\"@id\":\"https:\/\/reatechbrasil.com.br\/loja\/produto\/caneca-reatech-2023\/#breadcrumb\"},\"inLanguage\":\"pt-BR\",\"potentialAction\":[{\"@type\":\"ReadAction\",\"target\":[\"https:\/\/reatechbrasil.com.br\/loja\/produto\/caneca-reatech-2023\/\"]}]},{\"@type\":\"BreadcrumbList\",\"@id\":\"https:\/\/reatechbrasil.com.br\/loja\/produto\/caneca-reatech-2023\/#breadcrumb\",\"itemListElement\":[{\"@type\":\"ListItem\",\"position\":1,\"name\":\"In\u00edcio\",\"item\":\"https:\/\/reatechbrasil.com.br\/loja\/\"},{\"@type\":\"ListItem\",\"position\":2,\"name\":\"Store\",\"item\":\"https:\/\/reatechbrasil.com.br\/loja\/store\/\"},{\"@type\":\"ListItem\",\"position\":3,\"name\":\"Caneca Exclusiva Reatech 2023\"}]},{\"@type\":\"WebSite\",\"@id\":\"https:\/\/reatechbrasil.com.br\/loja\/#website\",\"url\":\"https:\/\/reatechbrasil.com.br\/loja\/\",\"name\":\"Reatech Shop - Loja Virtual da Reatech 2023\",\"description\":\"\",\"publisher\":{\"@id\":\"https:\/\/reatechbrasil.com.br\/loja\/#organization\"},\"potentialAction\":[{\"@type\":\"SearchAction\",\"target\":{\"@type\":\"EntryPoint\",\"urlTemplate\":\"https:\/\/reatechbrasil.com.br\/loja\/?s={search_term_string}\"},\"query-input\":\"required name=search_term_string\"}],\"inLanguage\":\"pt-BR\"},{\"@type\":\"Organization\",\"@id\":\"https:\/\/reatechbrasil.com.br\/loja\/#organization\",\"name\":\"Reatech Brasil\",\"url\":\"https:\/\/reatechbrasil.com.br\/loja\/\",\"logo\":{\"@type\":\"ImageObject\",\"inLanguage\":\"pt-BR\",\"@id\":\"https:\/\/reatechbrasil.com.br\/loja\/#\/schema\/logo\/image\/\",\"url\":\"https:\/\/reatechbrasil.com.br\/loja\/wp-content\/uploads\/2023\/08\/logo-reatech-2023-h.png\",\"contentUrl\":\"https:\/\/reatechbrasil.com.br\/loja\/wp-content\/uploads\/2023\/08\/logo-reatech-2023-h.png\",\"width\":1145,\"height\":374,\"caption\":\"Reatech Brasil\"},\"image\":{\"@id\":\"https:\/\/reatechbrasil.com.br\/loja\/#\/schema\/logo\/image\/\"},\"sameAs\":[\"https:\/\/www.facebook.com\/reatechbrasil\/\",\"https:\/\/www.instagram.com\/ReatechBrasil\/\",\"https:\/\/www.linkedin.com\/showcase\/reatech-brasil\/?originalSubdomain=br\"]}]}<\/script>\n<!-- \/ Yoast SEO plugin. -->","yoast_head_json":{"title":"Caneca Exclusiva Reatech 2023 - Loja Virtual da Reatech 2023","robots":{"index":"index","follow":"follow","max-snippet":"max-snippet:-1","max-image-preview":"max-image-preview:large","max-video-preview":"max-video-preview:-1"},"canonical":"https:\/\/reatechbrasil.com.br\/loja\/produto\/caneca-reatech-2023\/","og_locale":"pt_BR","og_type":"article","og_title":"Caneca Exclusiva Reatech 2023 - Loja Virtual da Reatech 2023","og_description":"Desperte seus sentidos com a caneca especial da Reatech Brasil!","og_url":"https:\/\/reatechbrasil.com.br\/loja\/produto\/caneca-reatech-2023\/","og_site_name":"Loja Virtual da Reatech 2023","article_publisher":"https:\/\/www.facebook.com\/reatechbrasil\/","article_modified_time":"2024-08-10T11:46:38+00:00","og_image":[{"width":1600,"height":1493,"url":"https:\/\/reatechbrasil.com.br\/loja\/wp-content\/uploads\/2023\/08\/caneca-de-porcelana-reatech-2023-preta.jpeg","type":"image\/jpeg"}],"twitter_card":"summary_large_image","twitter_misc":{"Est. tempo de leitura":"1 minuto"},"schema":{"@context":"https:\/\/schema.org","@graph":[{"@type":"WebPage","@id":"https:\/\/reatechbrasil.com.br\/loja\/produto\/caneca-reatech-2023\/","url":"https:\/\/reatechbrasil.com.br\/loja\/produto\/caneca-reatech-2023\/","name":"Caneca Exclusiva Reatech 2023 - Loja Virtual da Reatech 2023","isPartOf":{"@id":"https:\/\/reatechbrasil.com.br\/loja\/#website"},"datePublished":"2023-08-21T20:07:33+00:00","dateModified":"2024-08-10T11:46:38+00:00","breadcrumb":{"@id":"https:\/\/reatechbrasil.com.br\/loja\/produto\/caneca-reatech-2023\/#breadcrumb"},"inLanguage":"pt-BR","potentialAction":[{"@type":"ReadAction","target":["https:\/\/reatechbrasil.com.br\/loja\/produto\/caneca-reatech-2023\/"]}]},{"@type":"BreadcrumbList","@id":"https:\/\/reatechbrasil.com.br\/loja\/produto\/caneca-reatech-2023\/#breadcrumb","itemListElement":[{"@type":"ListItem","position":1,"name":"In\u00edcio","item":"https:\/\/reatechbrasil.com.br\/loja\/"},{"@type":"ListItem","position":2,"name":"Store","item":"https:\/\/reatechbrasil.com.br\/loja\/store\/"},{"@type":"ListItem","position":3,"name":"Caneca Exclusiva Reatech 2023"}]},{"@type":"WebSite","@id":"https:\/\/reatechbrasil.com.br\/loja\/#website","url":"https:\/\/reatechbrasil.com.br\/loja\/","name":"Reatech Shop - Loja Virtual da Reatech 2023","description":"","publisher":{"@id":"https:\/\/reatechbrasil.com.br\/loja\/#organization"},"potentialAction":[{"@type":"SearchAction","target":{"@type":"EntryPoint","urlTemplate":"https:\/\/reatechbrasil.com.br\/loja\/?s={search_term_string}"},"query-input":"required name=search_term_string"}],"inLanguage":"pt-BR"},{"@type":"Organization","@id":"https:\/\/reatechbrasil.com.br\/loja\/#organization","name":"Reatech Brasil","url":"https:\/\/reatechbrasil.com.br\/loja\/","logo":{"@type":"ImageObject","inLanguage":"pt-BR","@id":"https:\/\/reatechbrasil.com.br\/loja\/#\/schema\/logo\/image\/","url":"https:\/\/reatechbrasil.com.br\/loja\/wp-content\/uploads\/2023\/08\/logo-reatech-2023-h.png","contentUrl":"https:\/\/reatechbrasil.com.br\/loja\/wp-content\/uploads\/2023\/08\/logo-reatech-2023-h.png","width":1145,"height":374,"caption":"Reatech Brasil"},"image":{"@id":"https:\/\/reatechbrasil.com.br\/loja\/#\/schema\/logo\/image\/"},"sameAs":["https:\/\/www.facebook.com\/reatechbrasil\/","https:\/\/www.instagram.com\/ReatechBrasil\/","https:\/\/www.linkedin.com\/showcase\/reatech-brasil\/?originalSubdomain=br"]}]}},"_links":{"self":[{"href":"https:\/\/reatechbrasil.com.br\/loja\/wp-json\/wp\/v2\/product\/23","targetHints":{"allow":["GET"]}}],"collection":[{"href":"https:\/\/reatechbrasil.com.br\/loja\/wp-json\/wp\/v2\/product"}],"about":[{"href":"https:\/\/reatechbrasil.com.br\/loja\/wp-json\/wp\/v2\/types\/product"}],"replies":[{"embeddable":true,"href":"https:\/\/reatechbrasil.com.br\/loja\/wp-json\/wp\/v2\/comments?post=23"}],"wp:featuredmedia":[{"embeddable":true,"href":"https:\/\/reatechbrasil.com.br\/loja\/wp-json\/wp\/v2\/media\/259"}],"wp:attachment":[{"href":"https:\/\/reatechbrasil.com.br\/loja\/wp-json\/wp\/v2\/media?parent=23"}],"wp:term":[{"taxonomy":"product_cat","embeddable":true,"href":"https:\/\/reatechbrasil.com.br\/loja\/wp-json\/wp\/v2\/product_cat?post=23"},{"taxonomy":"product_tag","embeddable":true,"href":"https:\/\/reatechbrasil.com.br\/loja\/wp-json\/wp\/v2\/product_tag?post=23"}],"curies":[{"name":"wp","href":"https:\/\/api.w.org\/{rel}","templated":true}]}}